{"id":209,"date":"2024-10-01T08:17:10","date_gmt":"2024-10-01T05:17:10","guid":{"rendered":"https:\/\/ozganyapi.com\/?page_id=209"},"modified":"2025-01-28T02:02:47","modified_gmt":"2025-01-27T23:02:47","slug":"all-completed-project","status":"publish","type":"page","link":"https:\/\/ozganyapi.com\/index.php\/all-completed-project\/","title":{"rendered":"Tamamlanan T\u00fcm Projeler"},"content":{"rendered":"\n<h5 class=\"wp-block-heading\"><strong>2001-2002 ANKARA KE\u00c7I\u0307\u00d6REN BELEDI\u0307YESI\u0307 KASALAR&#8217;DA PARK YAPIMI<\/strong><\/h5>\n\n\n\n<h5 class=\"wp-block-heading\"><strong>2001-2002 ANKARA KE\u00c7I\u0307\u00d6REN BELEDI\u0307YESI\u0307 SUBAYEVLER&#8217;DE PARK YAPIMI<\/strong><\/h5>\n\n\n\n<h5 class=\"wp-block-heading\"><strong>2002 ANKARA KE\u00c7I\u0307\u00d6REN BELEDI\u0307YESI\u0307 YAPAY \u015eELALE VE PARK YAPIMI<\/strong><\/h5>\n\n\n\n<h5 class=\"wp-block-heading\"><strong>2002 ANKARA KE\u00c7I\u0307\u00d6REN BELEDI\u0307YESI\u0307 SPOR SAHASI VE PARK YAPIM I\u0307\u015eI\u0307<\/strong><\/h5>\n\n\n\n<h4 class=\"wp-block-heading\"><strong>22003 G.ANTEP \u015eEHI\u0307TKAMI\u0307L BELEDI\u0307YESI\u0307 SA\u011eLIKLI YA\u015eAM PARKI PROJESI\u0307 VE UYGULAMASI<\/strong><\/h4>\n\n\n\n<figure class=\"wp-block-image\"><img decoding=\"async\" src=\"https:\/\/gurkankalkan.com\/wp-content\/uploads\/2024\/08\/sehitkamil-saglikli-yasam-parki.jpg\" alt=\"\" class=\"wp-image-273\"\/><\/figure>\n\n\n\n<h4 class=\"wp-block-heading\"><strong>2003 G.ANTEP \u015eEHI\u0307TKAMI\u0307L BELEDI\u0307YESI\u0307 OSMANLI PARKI PROJESI\u0307<\/strong><\/h4>\n\n\n\n<figure class=\"wp-block-image\"><img decoding=\"async\" src=\"https:\/\/gurkankalkan.com\/wp-content\/uploads\/2024\/08\/OSMANLI-PARKI-1.jpg\" alt=\"\" class=\"wp-image-250\"\/><\/figure>\n\n\n\n<h4 class=\"wp-block-heading\"><strong>2004 G.ANTEP \u015eEHI\u0307TKAMI\u0307L BELEDI\u0307YESI\u0307 HAYVAN PAZARI ALANINDA MESI\u0307RE ALANI PROJESI\u0307<\/strong><\/h4>\n\n\n\n<figure class=\"wp-block-image\"><img decoding=\"async\" src=\"https:\/\/gurkankalkan.com\/wp-content\/uploads\/2024\/08\/GAZIANTEP-SEHITKAMIL-GUVENEVLER-1-1024x641.jpg\" alt=\"\" class=\"wp-image-314\"\/><\/figure>\n\n\n\n<h4 class=\"wp-block-heading\"><strong>22004 G.ANTEP \u015eEHI\u0307TKAMI\u0307L BELEDI\u0307YESI\u0307 MERVE KENT PARKI PROJESI\u0307<\/strong><\/h4>\n\n\n\n<figure class=\"wp-block-image\"><img decoding=\"async\" src=\"https:\/\/gurkankalkan.com\/wp-content\/uploads\/2024\/08\/GAZIANTEP-SEHITKAMIL-GUVENEVLER-ENERJI-1.jpg\" alt=\"\" class=\"wp-image-316\"\/><\/figure>\n\n\n\n<h5 class=\"wp-block-heading\"><strong>2004 G.ANTEP B\u00dcY\u00dcK\u015eEHI\u0307R BELEDI\u0307YESI\u0307 KAV\u015eAK D\u00dcZENLEME PROJESI\u0307 VE UYGULAMASI<\/strong><\/h5>\n\n\n\n<h4 class=\"wp-block-heading\"><strong>2004 G.ANTEP B\u00dcY\u00dcK\u015eEHI\u0307R BELEDI\u0307YESI\u0307 YAPAY KAYA \u015eELALESI\u0307 YAPIMI<\/strong><\/h4>\n\n\n\n<figure class=\"wp-block-image\"><img decoding=\"async\" src=\"https:\/\/gurkankalkan.com\/wp-content\/uploads\/2024\/08\/gaziantep-yapay-kaya-selale-2-1024x768.jpeg\" alt=\"\" class=\"wp-image-280\"\/><\/figure>\n\n\n\n<h5 class=\"wp-block-heading\"><strong>2004 G.ANTEP BA\u015eTA\u015e A.\u015e. TOPLU KONUT ALANI \u00c7EVRE D\u00dcZENLEME PROJESI\u0307 VE HAFRI\u0307YAT \u00c7ALI\u015eMASI<\/strong><\/h5>\n\n\n\n<h5 class=\"wp-block-heading\"><strong>2004 G.ANTEP AKTEKS A.\u015e. \u00c7EVRE D\u00dcZENLEME PROJESI\u0307 VE UYGULAMASI<\/strong><\/h5>\n\n\n\n<h5 class=\"wp-block-heading\"><strong>2003-2004 G.ANTEP ADI\u0307L KONUKO\u011eLU VI\u0307LLA \u00c7EVRE D\u00dcZENLEME PROJESI\u0307<\/strong><\/h5>\n\n\n\n<h5 class=\"wp-block-heading\"><strong>2005 ANKARA \u00c7ANKAYA BEYAZ EV RESTORAN \u00c7EVRE D\u00dcZENLEME PROJESI\u0307 VE UYGULAMASI<\/strong><\/h5>\n\n\n\n<h5 class=\"wp-block-heading\"><strong>2005 YILI ANKARA YENI\u0307MAHALLE BELEDI\u0307YESI\u0307 \u00c7I\u0307\u011eDEM PARK VE MEYDAN D\u00dcZENLEME PROJESI\u0307<\/strong><\/h5>\n\n\n\n<h4 class=\"wp-block-heading\"><strong>2005 U\u015eAK BELEDI\u0307YESI\u0307 ATAT\u00dcRK PARKI PEYZAJ PROJESI\u0307 \u00c7I\u0307ZI\u0307MI\u0307 VE I\u0307HALE DOSYASI HAZIRLANMASI HI\u0307ZMET ALIMI<\/strong><\/h4>\n\n\n\n<figure class=\"wp-block-image\"><img decoding=\"async\" src=\"https:\/\/gurkankalkan.com\/wp-content\/uploads\/2024\/08\/USAK-ATATURK-PARKI-1-1024x653.jpg\" alt=\"\" class=\"wp-image-312\"\/><\/figure>\n\n\n\n<h5 class=\"wp-block-heading\"><strong>2005 ANKARA YENI\u0307MAHALLE BELEDI\u0307YESI\u0307 S\u00dcSEN PARK PROJESI\u0307<\/strong><\/h5>\n\n\n\n<h5 class=\"wp-block-heading\"><strong>2005 ANKARA \u00c7AYYOLU MUHARREM DALO\u011eLU VI\u0307LLA BAKIM I\u0307\u015eI\u0307<\/strong><\/h5>\n\n\n\n<h5 class=\"wp-block-heading\"><strong>2005 ANKARA G\u00d6LBA\u015eI MUHARREM DALO\u011eLU \u00c7I\u0307FTLI\u0307K EVI\u0307 PEYZAJ TASARIMI VE UYGULAMASI<\/strong><\/h5>\n\n\n\n<h5 class=\"wp-block-heading\"><strong>2005 I\u0307ZMI\u0307R DEMI\u0307RER A.\u015e. Y\u00dcKSEK VADI\u0307 TOPLU KONUT ALANI PEYZAJ PROJESI\u0307<\/strong><\/h5>\n\n\n\n<h5 class=\"wp-block-heading\"><strong>2005 BODRUM TOPLU KONUT ALANI \u00c7EVRE D\u00dcZENLEME PROJESI\u0307<\/strong><\/h5>\n\n\n\n<h5 class=\"wp-block-heading\"><strong>2005 ANKARA \u00c7AYYOLU TURYAPI VI\u0307LLALARI PEYZAJ PROJESI\u0307 VE UYGULAMASI<\/strong><\/h5>\n\n\n\n<h5 class=\"wp-block-heading\"><strong>2006 YILI ANKARA-ANGORA SITESI KADIR-ESRA YAVA\u015eO\u011eLU VILLA \u00c7EVRE D\u00dcZENLEMESI<\/strong><\/h5>\n\n\n\n<h5 class=\"wp-block-heading\"><strong>2006 YILI ANKARA-YAMA\u00c7EVLER BARBAROS-RENGI\u0307N BOROVA VI\u0307LLA \u00c7EVRE D\u00dcZENLEMESI\u0307<\/strong><\/h5>\n\n\n\n<h5 class=\"wp-block-heading\"><strong>2006 YENI\u0307MAHALLE BELEDI\u0307YESI\u0307 4 ADET PARKIN PROJE VE I\u0307HALE DOSYALARININ HAZIRLANMASI I\u0307\u015eI\u0307<\/strong><\/h5>\n\n\n\n<h4 class=\"wp-block-heading\"><strong>2006 ANKARA-\u00dcMI\u0307TK\u00d6Y GALLERI\u0307A KAR\u015eISI PARK I\u0307N\u015eAATI<\/strong><\/h4>\n\n\n\n<figure class=\"wp-block-image\"><img decoding=\"async\" src=\"https:\/\/gurkankalkan.com\/wp-content\/uploads\/2024\/08\/GALERIA-KARSISI-PARK-1-773x1024.jpg\" alt=\"\" class=\"wp-image-313\"\/><\/figure>\n\n\n\n<h5 class=\"wp-block-heading\"><strong>2006 ANKARA-ATI\u0307SAN KAV\u015eA\u011eI PARK YAPIMI<\/strong><\/h5>\n\n\n\n<h5 class=\"wp-block-heading\"><strong>2006 ERE\u011eLI\u0307 BELEDI\u0307YESI\u0307 SAHI\u0307L BANDI-PEYZAJ D\u00dcZENLEME PROJESI\u0307<\/strong><\/h5>\n\n\n\n<h5 class=\"wp-block-heading\"><strong>2007 ANKARA YENI\u0307MAHALLE BELEDI\u0307YESI\u0307 8 PROJE \u00c7I\u0307ZI\u0307MLERI\u0307<\/strong><\/h5>\n\n\n\n<h5 class=\"wp-block-heading\"><strong>2007 ANKARA \u00dcMI\u0307TK\u00d6Y I\u0307\u015e MERKEZI\u0307 \u00c7EVRE D\u00dcZENLEMESI\u0307<\/strong><\/h5>\n\n\n\n<h5 class=\"wp-block-heading\"><strong>2007 ANKARA \u00dcMI\u0307TK\u00d6Y TERAS BAH\u00c7E D\u00dcZENLEMESI\u0307<\/strong><\/h5>\n\n\n\n<h5 class=\"wp-block-heading\"><strong>2007 ANKARA G\u00d6LBA\u015eI DALSAN-LAFARGE FABRI\u0307KASI \u00c7EVRE D\u00dcZENLEMESI\u0307<\/strong><\/h5>\n\n\n\n<h5 class=\"wp-block-heading\"><strong>2007 ANKARA DI\u0307KMEN VADI\u0307SI\u0307 TERASEVLER DALO\u011eLU EVI\u0307 BAH\u00c7E D\u00dcZENLEMESI\u0307<\/strong><\/h5>\n\n\n\n<h5 class=\"wp-block-heading\"><strong>2007 BODRUM T\u00dcRKB\u00dcK\u00dc TI\u0307MU\u00c7I\u0307N-\u015eEBNEM DALO\u011eLU VI\u0307LLA BAH\u00c7E PEYZAJI<\/strong><\/h5>\n\n\n\n<h5 class=\"wp-block-heading\"><strong>2007 ANKARA \u00dcMI\u0307TK\u00d6Y MUHARREM DALO\u011eLU VI\u0307LLA BAH\u00c7E BAKIMI<\/strong><\/h5>\n\n\n\n<h5 class=\"wp-block-heading\"><strong>2007 ANKARA BI\u0307LKENT-3 SEDAT BU\u00c7AK VI\u0307LLA BAH\u00c7E<\/strong><\/h5>\n\n\n\n<h5 class=\"wp-block-heading\"><strong>2007 ANKARA \u00c7AYYOLU NUR K\u00dcT\u00dcK\u00c7\u00dc VI\u0307LLA BAH\u00c7ESI\u0307<\/strong><\/h5>\n\n\n\n<h5 class=\"wp-block-heading\"><strong>2007 YILI ANKARA G\u00dcZELYAKA MAHALLESI\u0307 61413-61422 ADALAR ARASI PARK YAPIMI<\/strong><\/h5>\n\n\n\n<h5 class=\"wp-block-heading\"><strong>2007 ANKARA BARI\u015e-1 MAHALLESI\u0307 REVI\u0307ZE PARK YAPIM I\u0307\u015eI\u0307<\/strong><\/h5>\n\n\n\n<h5 class=\"wp-block-heading\"><strong>2007 YILI ANKARA ANADOLU MAHALLESI\u0307 41533-41535 ADALAR ARASI PARK YAPIMI<\/strong><\/h5>\n\n\n\n<h5 class=\"wp-block-heading\"><strong>2008 YILI ANKARA KAMI\u0307L OCAK MAHALLESI\u0307 7104 ADA PARK YAPIMI VE KAMI\u0307L OCAK I\u0307LK\u00d6\u011eRETI\u0307M OKULU ANDEZI\u0307T KAPLAMA I\u0307\u015eI\u0307<\/strong><\/h5>\n\n\n\n<h5 class=\"wp-block-heading\"><strong>2008 ANKARA KE\u00c7I\u0307\u00d6REN SPOR KUL\u00dcB\u00dc YENI\u0307LEME \u00c7ALI\u015eMASI<\/strong><\/h5>\n\n\n\n<h5 class=\"wp-block-heading\"><strong>2008 ANKARA ALTINDA\u011e BELEDI\u0307YESI\u0307 \u015eEHI\u0307TLI\u0307K PARKI YAPIM I\u0307\u015eI\u0307<\/strong><\/h5>\n\n\n\n<h4 class=\"wp-block-heading has-text-align-right\"><strong><a href=\"https:\/\/ozganyapi.com\/index.php\/landscape-architectureurban-design\/\">Peyzaj Mimarl\u0131\u011f\u0131<\/a><\/strong><\/h4>\n","protected":false},"excerpt":{"rendered":"<p>2001-2002 ANKARA KE\u00c7I\u0307\u00d6REN BELEDI\u0307YESI\u0307 KASALAR&#8217;DA PARK YAPIMI 2001-2002 ANKARA KE\u00c7I\u0307\u00d6REN BELEDI\u0307YESI\u0307 SUBAYEVLER&#8217;DE PARK YAPIMI 2002 ANKARA KE\u00c7I\u0307\u00d6REN BELEDI\u0307YESI\u0307 YAPAY \u015eELALE VE PARK YAPIMI 2002 ANKARA<span class=\"more-button\"><a href=\"https:\/\/ozganyapi.com\/index.php\/all-completed-project\/\" class=\"more-link\">Continue reading<span class=\"screen-reader-text\">Tamamlanan T\u00fcm Projeler<\/span><\/a><\/span><\/p>\n","protected":false},"author":1,"featured_media":0,"parent":0,"menu_order":0,"comment_status":"closed","ping_status":"closed","template":"","meta":{"footnotes":""},"class_list":["post-209","page","type-page","status-publish","hentry"],"_links":{"self":[{"href":"https:\/\/ozganyapi.com\/index.php\/wp-json\/wp\/v2\/pages\/209","targetHints":{"allow":["GET"]}}],"collection":[{"href":"https:\/\/ozganyapi.com\/index.php\/wp-json\/wp\/v2\/pages"}],"about":[{"href":"https:\/\/ozganyapi.com\/index.php\/wp-json\/wp\/v2\/types\/page"}],"author":[{"embeddable":true,"href":"https:\/\/ozganyapi.com\/index.php\/wp-json\/wp\/v2\/users\/1"}],"replies":[{"embeddable":true,"href":"https:\/\/ozganyapi.com\/index.php\/wp-json\/wp\/v2\/comments?post=209"}],"version-history":[{"count":5,"href":"https:\/\/ozganyapi.com\/index.php\/wp-json\/wp\/v2\/pages\/209\/revisions"}],"predecessor-version":[{"id":502,"href":"https:\/\/ozganyapi.com\/index.php\/wp-json\/wp\/v2\/pages\/209\/revisions\/502"}],"wp:attachment":[{"href":"https:\/\/ozganyapi.com\/index.php\/wp-json\/wp\/v2\/media?parent=209"}],"curies":[{"name":"wp","href":"https:\/\/api.w.org\/{rel}","templated":true}]}}