{"id":210,"date":"2024-10-01T08:17:10","date_gmt":"2024-10-01T05:17:10","guid":{"rendered":"https:\/\/ozganyapi.com\/?page_id=210"},"modified":"2025-01-28T02:05:44","modified_gmt":"2025-01-27T23:05:44","slug":"all-completed-project-2","status":"publish","type":"page","link":"https:\/\/ozganyapi.com\/index.php\/all-completed-project-2\/","title":{"rendered":"Tamamlanan T\u00fcm Projeler"},"content":{"rendered":"\n<h4 class=\"wp-block-heading\"><strong>2003-2004 G.ANTEP \u015eEHI\u0307TKAMI\u0307L BELEDI\u0307YESI\u0307 OSMANLI PARKI ALTYAPI VE YE\u015eI\u0307L ALAN UYGULAMASI<\/strong><\/h4>\n\n\n\n<figure class=\"wp-block-image\"><img decoding=\"async\" src=\"https:\/\/gurkankalkan.com\/wp-content\/uploads\/2024\/08\/OSMANLI-PARKI-ALTYAPI.jpg\" alt=\"\" class=\"wp-image-245\"\/><\/figure>\n\n\n\n<h5 class=\"wp-block-heading\"><strong>Temmuz 2008-Aral\u0131k 2010<\/strong><\/h5>\n\n\n\n<h4 class=\"wp-block-heading\"><strong>I\u0307ZMI\u0307R B\u00dcY\u00dcK\u015eEHI\u0307R BELEDI\u0307YESI\u0307 I\u0307LE BOZO\u011eLU I\u0307N\u015eAAT METRO I\u0307N\u015eAAT ARASINDA I\u0307HALE EDI\u0307LEN I\u0307\u015eLERDE<\/strong><\/h4>\n\n\n\n<h4 class=\"wp-block-heading\"><strong>1- \u00dc\u00c7YOL &#8211; \u00dc\u00c7KUYULAR METRO HATTI I\u0307N\u015eAATI<\/strong><\/h4>\n\n\n\n<figure class=\"wp-block-image\"><img decoding=\"async\" src=\"https:\/\/gurkankalkan.com\/wp-content\/uploads\/2024\/08\/METRO-UCYOL-5.jpg\" alt=\"\" class=\"wp-image-217\"\/><\/figure>\n\n\n\n<h4 class=\"wp-block-heading\"><strong>2)BORNOVA METRO I\u0307N\u015eAAT<\/strong><\/h4>\n\n\n\n<figure class=\"wp-block-image\"><img decoding=\"async\" src=\"https:\/\/gurkankalkan.com\/wp-content\/uploads\/2024\/08\/METRO-BORNOVA.jpg\" alt=\"\" class=\"wp-image-218\"\/><\/figure>\n\n\n\n<h4 class=\"wp-block-heading\"><strong>3) \u00c7I\u0307\u011eLI\u0307 METRO BAKIM AT\u00d6LYESI\u0307 I\u0307N\u015eAATI<\/strong><\/h4>\n\n\n\n<figure class=\"wp-block-image\"><img decoding=\"async\" src=\"https:\/\/gurkankalkan.com\/wp-content\/uploads\/2024\/08\/METRO-CIGLI.jpg\" alt=\"\" class=\"wp-image-220\"\/><\/figure>\n\n\n\n<h4 class=\"wp-block-heading has-text-align-right\"><strong><a href=\"https:\/\/ozganyapi.com\/index.php\/infrastructure\/\">Altyap\u0131 \u0130n\u015faat\u0131<\/a><\/strong><\/h4>\n","protected":false},"excerpt":{"rendered":"<p>2003-2004 G.ANTEP \u015eEHI\u0307TKAMI\u0307L BELEDI\u0307YESI\u0307 OSMANLI PARKI ALTYAPI VE YE\u015eI\u0307L ALAN UYGULAMASI Temmuz 2008-Aral\u0131k 2010 I\u0307ZMI\u0307R B\u00dcY\u00dcK\u015eEHI\u0307R BELEDI\u0307YESI\u0307 I\u0307LE BOZO\u011eLU I\u0307N\u015eAAT METRO I\u0307N\u015eAAT ARASINDA I\u0307HALE EDI\u0307LEN<span class=\"more-button\"><a href=\"https:\/\/ozganyapi.com\/index.php\/all-completed-project-2\/\" class=\"more-link\">Continue reading<span class=\"screen-reader-text\">Tamamlanan T\u00fcm Projeler<\/span><\/a><\/span><\/p>\n","protected":false},"author":1,"featured_media":0,"parent":0,"menu_order":0,"comment_status":"closed","ping_status":"closed","template":"","meta":{"footnotes":""},"class_list":["post-210","page","type-page","status-publish","hentry"],"_links":{"self":[{"href":"https:\/\/ozganyapi.com\/index.php\/wp-json\/wp\/v2\/pages\/210","targetHints":{"allow":["GET"]}}],"collection":[{"href":"https:\/\/ozganyapi.com\/index.php\/wp-json\/wp\/v2\/pages"}],"about":[{"href":"https:\/\/ozganyapi.com\/index.php\/wp-json\/wp\/v2\/types\/page"}],"author":[{"embeddable":true,"href":"https:\/\/ozganyapi.com\/index.php\/wp-json\/wp\/v2\/users\/1"}],"replies":[{"embeddable":true,"href":"https:\/\/ozganyapi.com\/index.php\/wp-json\/wp\/v2\/comments?post=210"}],"version-history":[{"count":4,"href":"https:\/\/ozganyapi.com\/index.php\/wp-json\/wp\/v2\/pages\/210\/revisions"}],"predecessor-version":[{"id":504,"href":"https:\/\/ozganyapi.com\/index.php\/wp-json\/wp\/v2\/pages\/210\/revisions\/504"}],"wp:attachment":[{"href":"https:\/\/ozganyapi.com\/index.php\/wp-json\/wp\/v2\/media?parent=210"}],"curies":[{"name":"wp","href":"https:\/\/api.w.org\/{rel}","templated":true}]}}