{"id":218,"date":"2024-10-01T08:20:19","date_gmt":"2024-10-01T05:20:19","guid":{"rendered":"https:\/\/ozganyapi.com\/?page_id=218"},"modified":"2025-01-28T02:17:16","modified_gmt":"2025-01-27T23:17:16","slug":"all-completed-project-3","status":"publish","type":"page","link":"https:\/\/ozganyapi.com\/index.php\/all-completed-project-3\/","title":{"rendered":"Tamamlanan T\u00fcm Projeler"},"content":{"rendered":"\n<h3 class=\"wp-block-heading\"><\/h3>\n\n\n\n<figure class=\"wp-block-embed is-type-video is-provider-youtube wp-block-embed-youtube\"><div class=\"wp-block-embed__wrapper\">\n<iframe loading=\"lazy\" title=\"OZGAN YAPI \/ RezFree\" width=\"1040\" height=\"585\" src=\"https:\/\/www.youtube.com\/embed\/71IeTIZSWrY?feature=oembed\" frameborder=\"0\" allow=\"accelerometer; autoplay; clipboard-write; encrypted-media; gyroscope; picture-in-picture; web-share\" referrerpolicy=\"strict-origin-when-cross-origin\" allowfullscreen><\/iframe>\n<\/div><\/figure>\n\n\n\n<h4 class=\"wp-block-heading\"><strong>\u015eirketimiz, OZGAN YAPI PEYZAJ LTD. \u015eT\u0130. 2015 y\u0131l\u0131nda ABD&#8217;nin Teksas eyaletinde kurulu Texas Biotechnology Inc. i\u015ftiraki olarak faaliyetlerine ba\u015flayan REZFREE TARIM A.\u015e.&#8217;nin Distrib\u00fct\u00f6r\u00fc ve Orta\u011f\u0131 olarak Houston&#8217;daki laboratuvarlar\u0131m\u0131zda geli\u015ftirdi\u011fimiz RezFree markal\u0131 s\u0131v\u0131 organik g\u00fcbreyi Ankara Esenbo\u011fa&#8217;daki y\u0131ll\u0131k 720.000 litre kapasiteli tesisinde yurti\u00e7i ve yurtd\u0131\u015f\u0131 pazarlar i\u00e7in \u00fcretmektedir.<\/strong><\/h4>\n\n\n\n<h4 class=\"wp-block-heading\"><strong>Yenilik\u00e7i bir \u00fcr\u00fcn olarak s\u0131v\u0131 organik g\u00fcbre\/biyostim\u00fclan pazar\u0131na giren RezFree, enzimler, amino asitler ve oligosakkaritlerden olu\u015fan form\u00fcl\u00fc ile \u00f6zellikle topraktaki kimyasal kal\u0131nt\u0131lar\u0131 ve bitki yap\u0131s\u0131n\u0131 temizleyerek, toprak pH&#8217;\u0131n\u0131 d\u00fczenleyerek ve verimi art\u0131rarak sekt\u00f6rde bir ilke imza att\u0131.<\/strong><\/h4>\n\n\n\n<h3 class=\"wp-block-heading\"><\/h3>\n\n\n\n<figure class=\"wp-block-embed is-type-video is-provider-youtube wp-block-embed-youtube wp-embed-aspect-16-9 wp-has-aspect-ratio\"><div class=\"wp-block-embed__wrapper\">\n<iframe loading=\"lazy\" title=\"OZGAN YAPI \/ RezFree Here begins the era of Residue Free Agriculture\" width=\"1040\" height=\"585\" src=\"https:\/\/www.youtube.com\/embed\/4z6RKmTeyms?feature=oembed\" frameborder=\"0\" allow=\"accelerometer; autoplay; clipboard-write; encrypted-media; gyroscope; picture-in-picture; web-share\" referrerpolicy=\"strict-origin-when-cross-origin\" allowfullscreen><\/iframe>\n<\/div><\/figure>\n\n\n\n<h3 class=\"wp-block-heading\"><strong>Sadece Daha \u0130yi De\u011fil: M\u00fckemmel!<\/strong><\/h3>\n\n\n\n<h5 class=\"wp-block-heading\"><strong>Rezfree Inc. \u015firketine ho\u015f geldiniz.<\/strong><\/h5>\n\n\n\n<p>Houston, Texas&#8217;ta kurulan RezFree Inc., tar\u0131mda &#8220;do\u011faya dayal\u0131&#8221; yenilik\u00e7i \u00fcr\u00fcnler geli\u015ftiren ve ticaretini yapan sonu\u00e7 odakl\u0131 bir biyoteknoloji \u015firketidir.\nRezFree Inc., biyoteknolojinin ke\u015ffedilmemi\u015f potansiyelini \u00e7ift\u00e7iler i\u00e7in aktif bir \u015fekilde ara\u015ft\u0131rmaktad\u0131r. D\u00fcnya \u00e7ap\u0131nda \u00e7ift\u00e7iler, topraklarda kullan\u0131lan kimyasallar\u0131n k\u00fcresel olumsuz etkilerine kar\u015f\u0131 s\u00fcrekli bir geri bildirim kayna\u011f\u0131 olmu\u015ftur.\nRezFree Inc., mikrobioloji, biyoteknoloji ve ilgili ya\u015fam bilimlerinin y\u00f6ntem ve uygulamalar\u0131n\u0131 kullanarak, tar\u0131mda kritik sorunlara y\u00f6nelik kan\u0131tlanm\u0131\u015f \u00e7\u00f6z\u00fcmler geli\u015ftirmektedir. Ara\u015ft\u0131rmalar\u0131m\u0131z, toprak sa\u011fl\u0131\u011f\u0131n\u0131 art\u0131rmak, do\u011fal s\u00fcre\u00e7leri engelleyen kimyasal maddelerin bozulmas\u0131n\u0131 sa\u011flamak, \u00fcr\u00fcn verimlili\u011fini art\u0131rmak ve besin d\u00f6n\u00fc\u015f\u00fcmlerini iyile\u015ftirmek \u00fczerine yo\u011funla\u015fmaktad\u0131r.\nRezFree Inc. ailesi ve m\u00fc\u015fterilerimiz, burada, D\u00fcnya Annemizde en \u201cye\u015fil\u201d ve en temiz g\u0131dalara eri\u015fim sa\u011flamak ve geride daha temiz bir \u00e7evre b\u0131rakmak i\u00e7in kendilerini adad\u0131lar. Bizler, d\u00fcnyan\u0131n parlak, temiz ve yenilik\u00e7i gelece\u011fi i\u00e7in kendimizi ad\u0131yoruz! \u00c7\u00fcnk\u00fc RezFree&#8217;de inan\u0131yoruz ki \u201cBiz, d\u00fcnyay\u0131 iyile\u015ftiriyoruz!\u201d<\/p>\n\n\n\n<h3 class=\"wp-block-heading\"><strong>Daha G\u00fc\u00e7l\u00fc ve Etkili<\/strong><\/h3>\n\n\n\n<p>RezFree size daha iyi ve s\u00fcrd\u00fcr\u00fclebilir sonu\u00e7lar getirecek en iyi \u00e7\u00f6z\u00fcmd\u00fcr. Size her zaman arad\u0131\u011f\u0131n\u0131z kaliteye ula\u015fma f\u0131rsat\u0131 vermek istiyoruz. \u00dcr\u00fcnlerimiz ve RezFree&#8217;nin bug\u00fcn d\u00fcnyada nas\u0131l fark yaratt\u0131\u011f\u0131 hakk\u0131nda daha fazla bilgi edinin.<\/p>\n\n\n\n<h3 class=\"wp-block-heading\"><strong>RezFree nedir?<\/strong><\/h3>\n\n\n\n<p><strong>Kal\u0131nt\u0131s\u0131z, Devrim Niteli\u011finde Sonu\u00e7lar<\/strong><\/p>\n\n\n\n<p>RezFree, s\u0131v\u0131 organik bazl\u0131 bir besin ve toprak kataliz\u00f6r\u00fcd\u00fcr. RezFree, enzimler, peptitler, amino asitler, oligosakkaritler ve organik maddeler kar\u0131\u015f\u0131m\u0131n\u0131 i\u00e7erir. RezFree, CERES* taraf\u0131ndan organik olarak sertifikaland\u0131r\u0131lm\u0131\u015ft\u0131r. RezFree, genetik m\u00fchendislik \u00fcr\u00fcn\u00fc (GMO) i\u00e7ermez.\n*CERES, farkl\u0131 h\u00fck\u00fcmet organik standartlar\u0131na (\u00f6rne\u011fin, EEC 834\/07 d\u00fczenlemesi, USDA-NOP Nihai Kural\u0131 ve Japon Tar\u0131m Standard\u0131 (JAS)) uygun olarak denetimler yapar ve sertifikasyon sunar. Ayr\u0131ca, CERES, \u00e7ift\u00e7i dernekleri ve sertifikasyon kurulu\u015flar\u0131 i\u00e7in bir\u00e7ok ulusal ve uluslararas\u0131 \u00f6zel standarda denetim hizmeti sunmaktad\u0131r (Demeter, Naturland, BIO SUISSE, vb.).Birle\u015fik Krall\u0131k\u2019\u0131n Toprak Derne\u011fi Sertifikas\u0131 ile CERES, &#8220;Sembol Program\u0131 \u00dcr\u00fcn Kabul\u00fc \u0130\u00e7in S\u00f6zle\u015fme&#8221; imzalad\u0131.<\/strong><\/p>\n\n\n\n<h3 class=\"wp-block-heading\"><strong>RezFree Nas\u0131l \u00c7al\u0131\u015f\u0131r?<\/strong><\/h3>\n\n\n\n<p>RezFree s\u0131v\u0131 bir organik g\u00fcbre, bir biyolojik uyar\u0131c\u0131 ve bir toprak kataliz\u00f6r\u00fcd\u00fcr. RezFree enzimler, peptitler, amino asitler, oligosakkaritler ve organik maddelerden olu\u015fan bir kar\u0131\u015f\u0131m i\u00e7erir.<\/p>\n\n\n\n<figure class=\"wp-block-embed is-type-video is-provider-youtube wp-block-embed-youtube wp-embed-aspect-16-9 wp-has-aspect-ratio\"><div class=\"wp-block-embed__wrapper\">\n<iframe loading=\"lazy\" title=\"RezFree ( Rus\u00e7a )\" width=\"1040\" height=\"585\" src=\"https:\/\/www.youtube.com\/embed\/v_nhVMSBuLg?feature=oembed\" frameborder=\"0\" allow=\"accelerometer; autoplay; clipboard-write; encrypted-media; gyroscope; picture-in-picture; web-share\" referrerpolicy=\"strict-origin-when-cross-origin\" allowfullscreen><\/iframe>\n<\/div><\/figure>\n\n\n\n<h4 class=\"wp-block-heading has-text-align-right\"><strong><a href=\"https:\/\/ozganyapi.com\/index.php\/all-completed-project-3\/\">TARIM<\/a><\/strong><\/h4>\n","protected":false},"excerpt":{"rendered":"<p>\u015eirketimiz, OZGAN YAPI PEYZAJ LTD. \u015eT\u0130. 2015 y\u0131l\u0131nda ABD&#8217;nin Teksas eyaletinde kurulu Texas Biotechnology Inc. i\u015ftiraki olarak faaliyetlerine ba\u015flayan REZFREE TARIM A.\u015e.&#8217;nin Distrib\u00fct\u00f6r\u00fc ve Orta\u011f\u0131<span class=\"more-button\"><a href=\"https:\/\/ozganyapi.com\/index.php\/all-completed-project-3\/\" class=\"more-link\">Continue reading<span class=\"screen-reader-text\">Tamamlanan T\u00fcm Projeler<\/span><\/a><\/span><\/p>\n","protected":false},"author":1,"featured_media":0,"parent":0,"menu_order":0,"comment_status":"closed","ping_status":"closed","template":"","meta":{"footnotes":""},"class_list":["post-218","page","type-page","status-publish","hentry"],"_links":{"self":[{"href":"https:\/\/ozganyapi.com\/index.php\/wp-json\/wp\/v2\/pages\/218","targetHints":{"allow":["GET"]}}],"collection":[{"href":"https:\/\/ozganyapi.com\/index.php\/wp-json\/wp\/v2\/pages"}],"about":[{"href":"https:\/\/ozganyapi.com\/index.php\/wp-json\/wp\/v2\/types\/page"}],"author":[{"embeddable":true,"href":"https:\/\/ozganyapi.com\/index.php\/wp-json\/wp\/v2\/users\/1"}],"replies":[{"embeddable":true,"href":"https:\/\/ozganyapi.com\/index.php\/wp-json\/wp\/v2\/comments?post=218"}],"version-history":[{"count":9,"href":"https:\/\/ozganyapi.com\/index.php\/wp-json\/wp\/v2\/pages\/218\/revisions"}],"predecessor-version":[{"id":513,"href":"https:\/\/ozganyapi.com\/index.php\/wp-json\/wp\/v2\/pages\/218\/revisions\/513"}],"wp:attachment":[{"href":"https:\/\/ozganyapi.com\/index.php\/wp-json\/wp\/v2\/media?parent=218"}],"curies":[{"name":"wp","href":"https:\/\/api.w.org\/{rel}","templated":true}]}}