{"id":227,"date":"2024-10-01T08:22:40","date_gmt":"2024-10-01T05:22:40","guid":{"rendered":"https:\/\/ozganyapi.com\/?page_id=227"},"modified":"2025-01-28T02:08:55","modified_gmt":"2025-01-27T23:08:55","slug":"all-completed-project-5","status":"publish","type":"page","link":"https:\/\/ozganyapi.com\/index.php\/all-completed-project-5\/","title":{"rendered":"Tamamlanan T\u00fcm Projeler"},"content":{"rendered":"\n<p><\/p>\n\n\n\n<figure class=\"wp-block-embed is-type-video is-provider-youtube wp-block-embed-youtube wp-embed-aspect-16-9 wp-has-aspect-ratio\"><div class=\"wp-block-embed__wrapper\">\n<iframe loading=\"lazy\" title=\"G\u00fcvenli, Video Konferans ve Medya Platformu Pirameet\" width=\"1040\" height=\"585\" src=\"https:\/\/www.youtube.com\/embed\/tqZiKl26EuM?feature=oembed\" frameborder=\"0\" allow=\"accelerometer; autoplay; clipboard-write; encrypted-media; gyroscope; picture-in-picture; web-share\" referrerpolicy=\"strict-origin-when-cross-origin\" allowfullscreen><\/iframe>\n<\/div><\/figure>\n\n\n\n<p><strong>Hakk\u0131nda :<\/strong>\u015eirketimiz Kam Bilgi Teknolojileri, g\u00fcvenli ileti\u015fim ve bilgi teknolojileri geli\u015ftirmek amac\u0131yla Ocak 2021&#8217;de kurulmu\u015ftur. Kam Bilgi Teknolojileri A.\u015e. olarak, yeni nesil teknolojileri insanlara en g\u00fcvenilir \u015fekilde sunmay\u0131 hedefliyoruz. \u015eirketimiz, \u0130stanbul Teknokent, Ankara Teknokent ve merkezi Ankara, \u00c7ankaya&#8217;da faaliyetlerine devam etmektedir.<\/p>\n\n\n\n<p>2022 y\u0131l\u0131nda, Kam Bilgi Teknolojileri A.\u015e., artan siber sald\u0131r\u0131lara kar\u015f\u0131 dayan\u0131kl\u0131, bulut tabanl\u0131 bir video konferans hizmeti olan Pirameet Video Konferans Sistemi markas\u0131n\u0131 piyasaya sundu. Ayn\u0131 y\u0131l, Pirameet, \u0130\u00e7i\u015fleri Bakanl\u0131\u011f\u0131 taraf\u0131ndan yay\u0131mlanan Sivil Toplum Kurulu\u015flar\u0131 i\u00e7in E-Genel Kurul ve E-\u0130cra Kurulu hizmetini sunma hakk\u0131n\u0131 kazand\u0131.<\/p>\n\n\n\n<p>Pirameet, organizasyonlar\u0131n video ileti\u015fim ihtiya\u00e7lar\u0131n\u0131 titizlikle planlayarak ve ger\u00e7ekle\u015ftirerek m\u00fckemmel bir ileti\u015fim deneyimi sunar. Elektronik imza ve kimlik do\u011frulama hizmetlerimizle, sadece bir video konferans sistemi de\u011fil, \u00e7ok daha fazlas\u0131n\u0131 elde edersiniz.<\/p>\n\n\n\n<p>2023 y\u0131l\u0131nda, Savunma Sanayi Ba\u015fkanl\u0131\u011f\u0131&#8217;n\u0131n gereksinimlerini yerine getirerek T\u00fcrk Siber G\u00fcvenlik K\u00fcmesi&#8217;ne \u00fcye olduk. \u015eirketimizin uluslararas\u0131 tan\u0131n\u0131rl\u0131\u011f\u0131n\u0131 ve g\u00fcvenilirli\u011fini art\u0131rma \u00e7al\u0131\u015fmalar\u0131m\u0131za devam ediyoruz.<\/p>\n\n\n\n<figure class=\"wp-block-embed is-type-video is-provider-youtube wp-block-embed-youtube wp-embed-aspect-16-9 wp-has-aspect-ratio\"><div class=\"wp-block-embed__wrapper\">\n<iframe loading=\"lazy\" title=\"6 \u015eubat 2023\" width=\"1040\" height=\"585\" src=\"https:\/\/www.youtube.com\/embed\/o_dayapxiSw?feature=oembed\" frameborder=\"0\" allow=\"accelerometer; autoplay; clipboard-write; encrypted-media; gyroscope; picture-in-picture; web-share\" referrerpolicy=\"strict-origin-when-cross-origin\" allowfullscreen><\/iframe>\n<\/div><\/figure>\n\n\n\n<p><\/p>\n\n\n\n<figure class=\"wp-block-embed is-type-video is-provider-youtube wp-block-embed-youtube wp-embed-aspect-16-9 wp-has-aspect-ratio\"><div class=\"wp-block-embed__wrapper\">\n<iframe loading=\"lazy\" title=\"Pirameet - E-Genel Kurul ve E-Y\u00f6netim Kurulu Tan\u0131t\u0131m Videosu\" width=\"1040\" height=\"585\" src=\"https:\/\/www.youtube.com\/embed\/a41ltFwtgvg?feature=oembed\" frameborder=\"0\" allow=\"accelerometer; autoplay; clipboard-write; encrypted-media; gyroscope; picture-in-picture; web-share\" referrerpolicy=\"strict-origin-when-cross-origin\" allowfullscreen><\/iframe>\n<\/div><\/figure>\n\n\n\n<p><\/p>\n\n\n\n<figure class=\"wp-block-embed is-type-video is-provider-youtube wp-block-embed-youtube wp-embed-aspect-16-9 wp-has-aspect-ratio\"><div class=\"wp-block-embed__wrapper\">\n<iframe loading=\"lazy\" title=\"Pirameet E-Genel ve E-Y\u00f6netim Kurulu\" width=\"1040\" height=\"585\" src=\"https:\/\/www.youtube.com\/embed\/2vwwQ-YQ1zY?feature=oembed\" frameborder=\"0\" allow=\"accelerometer; autoplay; clipboard-write; encrypted-media; gyroscope; picture-in-picture; web-share\" referrerpolicy=\"strict-origin-when-cross-origin\" allowfullscreen><\/iframe>\n<\/div><\/figure>\n\n\n\n<h4 class=\"wp-block-heading has-text-align-right\"><strong><a href=\"https:\/\/ozganyapi.com\/index.php\/technology\/\">Teknoloji<\/a><\/strong><\/h4>\n","protected":false},"excerpt":{"rendered":"<p>Hakk\u0131nda :\u015eirketimiz Kam Bilgi Teknolojileri, g\u00fcvenli ileti\u015fim ve bilgi teknolojileri geli\u015ftirmek amac\u0131yla Ocak 2021&#8217;de kurulmu\u015ftur. Kam Bilgi Teknolojileri A.\u015e. olarak, yeni nesil teknolojileri insanlara en<span class=\"more-button\"><a href=\"https:\/\/ozganyapi.com\/index.php\/all-completed-project-5\/\" class=\"more-link\">Continue reading<span class=\"screen-reader-text\">Tamamlanan T\u00fcm Projeler<\/span><\/a><\/span><\/p>\n","protected":false},"author":1,"featured_media":0,"parent":0,"menu_order":0,"comment_status":"closed","ping_status":"closed","template":"","meta":{"footnotes":""},"class_list":["post-227","page","type-page","status-publish","hentry"],"_links":{"self":[{"href":"https:\/\/ozganyapi.com\/index.php\/wp-json\/wp\/v2\/pages\/227","targetHints":{"allow":["GET"]}}],"collection":[{"href":"https:\/\/ozganyapi.com\/index.php\/wp-json\/wp\/v2\/pages"}],"about":[{"href":"https:\/\/ozganyapi.com\/index.php\/wp-json\/wp\/v2\/types\/page"}],"author":[{"embeddable":true,"href":"https:\/\/ozganyapi.com\/index.php\/wp-json\/wp\/v2\/users\/1"}],"replies":[{"embeddable":true,"href":"https:\/\/ozganyapi.com\/index.php\/wp-json\/wp\/v2\/comments?post=227"}],"version-history":[{"count":7,"href":"https:\/\/ozganyapi.com\/index.php\/wp-json\/wp\/v2\/pages\/227\/revisions"}],"predecessor-version":[{"id":507,"href":"https:\/\/ozganyapi.com\/index.php\/wp-json\/wp\/v2\/pages\/227\/revisions\/507"}],"wp:attachment":[{"href":"https:\/\/ozganyapi.com\/index.php\/wp-json\/wp\/v2\/media?parent=227"}],"curies":[{"name":"wp","href":"https:\/\/api.w.org\/{rel}","templated":true}]}}