{"id":25,"date":"2024-09-07T18:41:53","date_gmt":"2024-09-07T15:41:53","guid":{"rendered":"https:\/\/ozganyapi.com\/?page_id=25"},"modified":"2025-01-27T22:42:09","modified_gmt":"2025-01-27T19:42:09","slug":"peyzaj","status":"publish","type":"page","link":"https:\/\/ozganyapi.com\/index.php\/peyzaj\/","title":{"rendered":"KURUMSAL"},"content":{"rendered":"\n<h2 class=\"wp-block-heading\"><\/h2>\n\n\n\n<div class=\"wp-block-group is-nowrap is-layout-flex wp-container-core-group-is-layout-ad2f72ca wp-block-group-is-layout-flex\">\n<h3 class=\"wp-block-heading\"><kbd><a href=\"https:\/\/ozganyapi.com\/index.php\/board-of-directors\/\">Y\u00f6netim Kurulu<\/a><\/kbd><\/h3>\n\n\n\n<h3 class=\"wp-block-heading has-text-align-center\"><\/h3>\n<\/div>\n\n\n\n<h3 class=\"wp-block-heading\"><a href=\"https:\/\/ozganyapi.com\/index.php\/our-founders\/\">Kurucular\u0131m\u0131z<\/a><\/h3>\n\n\n\n<p><\/p>\n","protected":false},"excerpt":{"rendered":"<p>Y\u00f6netim Kurulu Kurucular\u0131m\u0131z<\/p>\n","protected":false},"author":1,"featured_media":0,"parent":0,"menu_order":0,"comment_status":"closed","ping_status":"closed","template":"","meta":{"footnotes":""},"class_list":["post-25","page","type-page","status-publish","hentry"],"_links":{"self":[{"href":"https:\/\/ozganyapi.com\/index.php\/wp-json\/wp\/v2\/pages\/25","targetHints":{"allow":["GET"]}}],"collection":[{"href":"https:\/\/ozganyapi.com\/index.php\/wp-json\/wp\/v2\/pages"}],"about":[{"href":"https:\/\/ozganyapi.com\/index.php\/wp-json\/wp\/v2\/types\/page"}],"author":[{"embeddable":true,"href":"https:\/\/ozganyapi.com\/index.php\/wp-json\/wp\/v2\/users\/1"}],"replies":[{"embeddable":true,"href":"https:\/\/ozganyapi.com\/index.php\/wp-json\/wp\/v2\/comments?post=25"}],"version-history":[{"count":10,"href":"https:\/\/ozganyapi.com\/index.php\/wp-json\/wp\/v2\/pages\/25\/revisions"}],"predecessor-version":[{"id":485,"href":"https:\/\/ozganyapi.com\/index.php\/wp-json\/wp\/v2\/pages\/25\/revisions\/485"}],"wp:attachment":[{"href":"https:\/\/ozganyapi.com\/index.php\/wp-json\/wp\/v2\/media?parent=25"}],"curies":[{"name":"wp","href":"https:\/\/api.w.org\/{rel}","templated":true}]}}