{"id":26,"date":"2024-09-07T18:41:53","date_gmt":"2024-09-07T15:41:53","guid":{"rendered":"https:\/\/ozganyapi.com\/?page_id=26"},"modified":"2025-01-27T15:48:01","modified_gmt":"2025-01-27T12:48:01","slug":"insaat","status":"publish","type":"page","link":"https:\/\/ozganyapi.com\/index.php\/insaat\/","title":{"rendered":"SEKT\u00d6RLER"},"content":{"rendered":"\n<h5 class=\"wp-block-heading\"><a href=\"https:\/\/ozganyapi.com\/index.php\/construction\/\">\u0130n\u015faat<\/a><\/h5>\n\n\n\n<h5 class=\"wp-block-heading\"><a href=\"https:\/\/ozganyapi.com\/index.php\/landscape-architectureurban-design\/\">Peyzaj Mimarl\u0131\u011f\u0131<\/a><\/h5>\n\n\n\n<h5 class=\"wp-block-heading\"><a href=\"https:\/\/ozganyapi.com\/index.php\/infrastructure\/\">Altyap\u0131 \u0130n\u015faat\u0131<\/a><\/h5>\n\n\n\n<h5 class=\"wp-block-heading\"><a href=\"https:\/\/ozganyapi.com\/index.php\/technology\/\">Teknoloji<\/a><\/h5>\n\n\n\n<h5 class=\"wp-block-heading\"><a href=\"https:\/\/ozganyapi.com\/index.php\/agriculture\/\">Tar\u0131m<\/a><\/h5>\n\n\n\n<h5 class=\"wp-block-heading\"><a href=\"https:\/\/ozganyapi.com\/index.php\/energy\/\">Enerji ve Maden<\/a><\/h5>\n\n\n\n<p><\/p>\n","protected":false},"excerpt":{"rendered":"<p>\u0130n\u015faat Peyzaj Mimarl\u0131\u011f\u0131 Altyap\u0131 \u0130n\u015faat\u0131 Teknoloji Tar\u0131m Enerji ve Maden<\/p>\n","protected":false},"author":1,"featured_media":0,"parent":0,"menu_order":0,"comment_status":"closed","ping_status":"closed","template":"","meta":{"footnotes":""},"class_list":["post-26","page","type-page","status-publish","hentry"],"_links":{"self":[{"href":"https:\/\/ozganyapi.com\/index.php\/wp-json\/wp\/v2\/pages\/26","targetHints":{"allow":["GET"]}}],"collection":[{"href":"https:\/\/ozganyapi.com\/index.php\/wp-json\/wp\/v2\/pages"}],"about":[{"href":"https:\/\/ozganyapi.com\/index.php\/wp-json\/wp\/v2\/types\/page"}],"author":[{"embeddable":true,"href":"https:\/\/ozganyapi.com\/index.php\/wp-json\/wp\/v2\/users\/1"}],"replies":[{"embeddable":true,"href":"https:\/\/ozganyapi.com\/index.php\/wp-json\/wp\/v2\/comments?post=26"}],"version-history":[{"count":14,"href":"https:\/\/ozganyapi.com\/index.php\/wp-json\/wp\/v2\/pages\/26\/revisions"}],"predecessor-version":[{"id":412,"href":"https:\/\/ozganyapi.com\/index.php\/wp-json\/wp\/v2\/pages\/26\/revisions\/412"}],"wp:attachment":[{"href":"https:\/\/ozganyapi.com\/index.php\/wp-json\/wp\/v2\/media?parent=26"}],"curies":[{"name":"wp","href":"https:\/\/api.w.org\/{rel}","templated":true}]}}