{"id":393,"date":"2024-10-09T02:21:14","date_gmt":"2024-10-08T23:21:14","guid":{"rendered":"https:\/\/ozganyapi.com\/?page_id=393"},"modified":"2024-10-09T02:22:36","modified_gmt":"2024-10-08T23:22:36","slug":"continuing-projects","status":"publish","type":"page","link":"https:\/\/ozganyapi.com\/index.php\/continuing-projects\/","title":{"rendered":"Continuing Projects"},"content":{"rendered":"\n<h5 class=\"wp-block-heading has-text-align-center\">Development and Implementation of an Urban Public Transport System using Suspended Gondola Cable Car Lines in Almaty to Improve Transport Infrastructure And Reduce the Load on Existing Transport Networks<\/h5>\n\n\n\n<div data-wp-interactive=\"core\/file\" class=\"wp-block-file\"><object data-wp-bind--hidden=\"!state.hasPdfPreview\" hidden class=\"wp-block-file__embed\" data=\"https:\/\/ozganyapi.com\/wp-content\/uploads\/2024\/10\/Feasibility.pdf\" type=\"application\/pdf\" style=\"width:100%;height:600px\" aria-label=\"Feasibility g\u00f6m\u00fcs\u00fc.\"><\/object><a id=\"wp-block-file--media-470f481f-8d26-4988-8607-c9d4a5d5e73c\" href=\"https:\/\/ozganyapi.com\/wp-content\/uploads\/2024\/10\/Feasibility.pdf\">Feasibility<\/a><a href=\"https:\/\/ozganyapi.com\/wp-content\/uploads\/2024\/10\/Feasibility.pdf\" class=\"wp-block-file__button wp-element-button\" download aria-describedby=\"wp-block-file--media-470f481f-8d26-4988-8607-c9d4a5d5e73c\">\u0130ndir<\/a><\/div>\n\n\n\n<p><\/p>\n\n\n\n<h6 class=\"wp-block-heading has-text-align-right\"><a href=\"https:\/\/ozganyapi.com\/index.php\/construction\/\">Construct\u0131on Projects<\/a><\/h6>\n","protected":false},"excerpt":{"rendered":"<p>Development and Implementation of an Urban Public Transport System using Suspended Gondola Cable Car Lines in Almaty to Improve Transport Infrastructure And Reduce the Load<span class=\"more-button\"><a href=\"https:\/\/ozganyapi.com\/index.php\/continuing-projects\/\" class=\"more-link\">Continue reading<span class=\"screen-reader-text\">Continuing Projects<\/span><\/a><\/span><\/p>\n","protected":false},"author":1,"featured_media":0,"parent":0,"menu_order":0,"comment_status":"closed","ping_status":"closed","template":"","meta":{"footnotes":""},"class_list":["post-393","page","type-page","status-publish","hentry"],"_links":{"self":[{"href":"https:\/\/ozganyapi.com\/index.php\/wp-json\/wp\/v2\/pages\/393","targetHints":{"allow":["GET"]}}],"collection":[{"href":"https:\/\/ozganyapi.com\/index.php\/wp-json\/wp\/v2\/pages"}],"about":[{"href":"https:\/\/ozganyapi.com\/index.php\/wp-json\/wp\/v2\/types\/page"}],"author":[{"embeddable":true,"href":"https:\/\/ozganyapi.com\/index.php\/wp-json\/wp\/v2\/users\/1"}],"replies":[{"embeddable":true,"href":"https:\/\/ozganyapi.com\/index.php\/wp-json\/wp\/v2\/comments?post=393"}],"version-history":[{"count":2,"href":"https:\/\/ozganyapi.com\/index.php\/wp-json\/wp\/v2\/pages\/393\/revisions"}],"predecessor-version":[{"id":397,"href":"https:\/\/ozganyapi.com\/index.php\/wp-json\/wp\/v2\/pages\/393\/revisions\/397"}],"wp:attachment":[{"href":"https:\/\/ozganyapi.com\/index.php\/wp-json\/wp\/v2\/media?parent=393"}],"curies":[{"name":"wp","href":"https:\/\/api.w.org\/{rel}","templated":true}]}}