{"id":51,"date":"2024-10-01T05:49:16","date_gmt":"2024-10-01T02:49:16","guid":{"rendered":"https:\/\/ozganyapi.com\/?page_id=51"},"modified":"2025-01-28T01:43:55","modified_gmt":"2025-01-27T22:43:55","slug":"contacts","status":"publish","type":"page","link":"https:\/\/ozganyapi.com\/index.php\/contacts\/","title":{"rendered":"\u0130LET\u0130\u015e\u0130M"},"content":{"rendered":"\n<h3 class=\"wp-block-heading\"><strong>OZGAN YAPI PEYZAJ INSAAT LIMITED SIRKETI<\/strong><\/h3>\n\n\n\n<h4 class=\"wp-block-heading\"><strong>GENEL M\u00dcD\u00dcRL\u00dcK :<\/strong>BAYRAKTAR, GEZEGEN SOKAK 15\/9 CANKAYA, ANKARA, TURKEY.<\/h4>\n\n\n\n<h4 class=\"wp-block-heading\"><strong>PROJE OF\u0130S\u0130: <\/strong>Alacaatl\u0131 Mahallesi Park Caddesi 3359. Sokak Bina No:3 Daire:49 CANKAYA, ANKARA, TURKEY.<\/h4>\n\n\n\n<h4 class=\"wp-block-heading\">+90 532 178 2619<\/h4>\n\n\n\n<figure class=\"wp-block-image size-full is-resized\"><img loading=\"lazy\" decoding=\"async\" width=\"491\" height=\"708\" src=\"https:\/\/ozganyapi.com\/wp-content\/uploads\/2024\/10\/ATO.jpg\" alt=\"\" class=\"wp-image-368\" style=\"width:553px;height:auto\" srcset=\"https:\/\/ozganyapi.com\/wp-content\/uploads\/2024\/10\/ATO.jpg 491w, https:\/\/ozganyapi.com\/wp-content\/uploads\/2024\/10\/ATO-208x300.jpg 208w\" sizes=\"auto, (max-width: 491px) 100vw, 491px\" \/><\/figure>\n","protected":false},"excerpt":{"rendered":"<p>OZGAN YAPI PEYZAJ INSAAT LIMITED SIRKETI GENEL M\u00dcD\u00dcRL\u00dcK :BAYRAKTAR, GEZEGEN SOKAK 15\/9 CANKAYA, ANKARA, TURKEY. PROJE OF\u0130S\u0130: Alacaatl\u0131 Mahallesi Park Caddesi 3359. Sokak Bina No:3<span class=\"more-button\"><a href=\"https:\/\/ozganyapi.com\/index.php\/contacts\/\" class=\"more-link\">Continue reading<span class=\"screen-reader-text\">\u0130LET\u0130\u015e\u0130M<\/span><\/a><\/span><\/p>\n","protected":false},"author":1,"featured_media":0,"parent":0,"menu_order":0,"comment_status":"closed","ping_status":"closed","template":"","meta":{"footnotes":""},"class_list":["post-51","page","type-page","status-publish","hentry"],"_links":{"self":[{"href":"https:\/\/ozganyapi.com\/index.php\/wp-json\/wp\/v2\/pages\/51","targetHints":{"allow":["GET"]}}],"collection":[{"href":"https:\/\/ozganyapi.com\/index.php\/wp-json\/wp\/v2\/pages"}],"about":[{"href":"https:\/\/ozganyapi.com\/index.php\/wp-json\/wp\/v2\/types\/page"}],"author":[{"embeddable":true,"href":"https:\/\/ozganyapi.com\/index.php\/wp-json\/wp\/v2\/users\/1"}],"replies":[{"embeddable":true,"href":"https:\/\/ozganyapi.com\/index.php\/wp-json\/wp\/v2\/comments?post=51"}],"version-history":[{"count":7,"href":"https:\/\/ozganyapi.com\/index.php\/wp-json\/wp\/v2\/pages\/51\/revisions"}],"predecessor-version":[{"id":493,"href":"https:\/\/ozganyapi.com\/index.php\/wp-json\/wp\/v2\/pages\/51\/revisions\/493"}],"wp:attachment":[{"href":"https:\/\/ozganyapi.com\/index.php\/wp-json\/wp\/v2\/media?parent=51"}],"curies":[{"name":"wp","href":"https:\/\/api.w.org\/{rel}","templated":true}]}}