{"id":52,"date":"2024-10-01T05:49:16","date_gmt":"2024-10-01T02:49:16","guid":{"rendered":"https:\/\/ozganyapi.com\/?page_id=52"},"modified":"2025-01-28T01:49:54","modified_gmt":"2025-01-27T22:49:54","slug":"construction","status":"publish","type":"page","link":"https:\/\/ozganyapi.com\/index.php\/construction\/","title":{"rendered":"\u0130N\u015eAAT"},"content":{"rendered":"\n<h3 class=\"wp-block-heading has-text-align-center\"><a href=\"https:\/\/ozganyapi.com\/index.php\/all-completed-projects\/\">Tamamlanan T\u00fcm Projeleri G\u00f6rmek \u0130\u00e7in T\u0131klay\u0131n\u0131z<\/a><\/h3>\n\n\n\n<h3 class=\"wp-block-heading has-text-align-center\"><a href=\"https:\/\/ozganyapi.com\/index.php\/continuing-projects\/\">Devam Eden T\u00fcm Projeleri G\u00f6rmek \u0130\u00e7in T\u0131klay\u0131n\u0131z<\/a><\/h3>\n\n\n\n<h4 class=\"wp-block-heading has-text-align-center\">Ozgan Yap\u0131, 2012 y\u0131l\u0131nda kurulmu\u015f olup, havalimanlar\u0131, limanlar, otoyollar, barajlar, hidroelektrik santralleri, ar\u0131tma tesisleri, fabrikalar, end\u00fcstriyel tesisler, g\u0131da tesisleri, boru hatlar\u0131, \u00e7ok kullan\u0131ml\u0131 kompleks yap\u0131lar ve otel in\u015faatlar\u0131 dahil olmak \u00fczere t\u00fcm altyap\u0131 ve \u00fcstyap\u0131 projelerinde uzmanla\u015fm\u0131\u015ft\u0131r.<\/h4>\n\n\n\n<figure class=\"wp-block-gallery has-nested-images columns-default is-cropped wp-block-gallery-1 is-layout-flex wp-block-gallery-is-layout-flex\">\n<figure class=\"wp-block-image size-large\"><img loading=\"lazy\" decoding=\"async\" width=\"1024\" height=\"682\" data-id=\"103\" src=\"https:\/\/ozganyapi.com\/wp-content\/uploads\/2024\/10\/VanSchendel-Construction-1024x682.jpg\" alt=\"\" class=\"wp-image-103\" srcset=\"https:\/\/ozganyapi.com\/wp-content\/uploads\/2024\/10\/VanSchendel-Construction-1024x682.jpg 1024w, https:\/\/ozganyapi.com\/wp-content\/uploads\/2024\/10\/VanSchendel-Construction-300x200.jpg 300w, https:\/\/ozganyapi.com\/wp-content\/uploads\/2024\/10\/VanSchendel-Construction-768x512.jpg 768w, https:\/\/ozganyapi.com\/wp-content\/uploads\/2024\/10\/VanSchendel-Construction-1536x1024.jpg 1536w, https:\/\/ozganyapi.com\/wp-content\/uploads\/2024\/10\/VanSchendel-Construction.jpg 2000w\" sizes=\"auto, (max-width: 1024px) 100vw, 1024px\" \/><\/figure>\n\n\n\n<figure class=\"wp-block-image size-large\"><img loading=\"lazy\" decoding=\"async\" width=\"1024\" height=\"427\" data-id=\"107\" src=\"https:\/\/ozganyapi.com\/wp-content\/uploads\/2024\/10\/insaat-firmalari-min-1-1024x427.jpg\" alt=\"\" class=\"wp-image-107\" srcset=\"https:\/\/ozganyapi.com\/wp-content\/uploads\/2024\/10\/insaat-firmalari-min-1-1024x427.jpg 1024w, https:\/\/ozganyapi.com\/wp-content\/uploads\/2024\/10\/insaat-firmalari-min-1-300x125.jpg 300w, https:\/\/ozganyapi.com\/wp-content\/uploads\/2024\/10\/insaat-firmalari-min-1-768x321.jpg 768w, https:\/\/ozganyapi.com\/wp-content\/uploads\/2024\/10\/insaat-firmalari-min-1.jpg 1440w\" sizes=\"auto, (max-width: 1024px) 100vw, 1024px\" \/><\/figure>\n\n\n\n<figure class=\"wp-block-image size-large\"><img loading=\"lazy\" decoding=\"async\" width=\"869\" height=\"526\" data-id=\"105\" src=\"https:\/\/ozganyapi.com\/wp-content\/uploads\/2024\/10\/2-1.jpg\" alt=\"\" class=\"wp-image-105\" srcset=\"https:\/\/ozganyapi.com\/wp-content\/uploads\/2024\/10\/2-1.jpg 869w, https:\/\/ozganyapi.com\/wp-content\/uploads\/2024\/10\/2-1-300x182.jpg 300w, https:\/\/ozganyapi.com\/wp-content\/uploads\/2024\/10\/2-1-768x465.jpg 768w\" sizes=\"auto, (max-width: 869px) 100vw, 869px\" \/><\/figure>\n<\/figure>\n\n\n\n<h4 class=\"wp-block-heading has-text-align-center\">Ozgan Yap\u0131, \u015fu anda 4 farkl\u0131 \u00fclkede ba\u015far\u0131yla faaliyet g\u00f6steren, ger\u00e7ek anlamda uluslararas\u0131 ve vizyoner bir \u015firkettir. Teknik beceriler, i\u015f ahlak\u0131, h\u0131z ve yarat\u0131c\u0131l\u0131\u011f\u0131 \u00f6zenle bir araya getirerek, projeleri en y\u00fcksek standartlarda ve baz\u0131 durumlarda planlanandan \u00f6nce tamamlamaktad\u0131r. Ozgan&#8217;\u0131n iyi y\u00f6neti\u015fimi, organizasyonu ve net s\u00fcre\u00e7leri, \u015firketin d\u00fcnya \u00e7ap\u0131nda zorlu ve iddial\u0131 projeler \u00fcstlenmesini sa\u011flamaktad\u0131r.<\/h4>\n\n\n\n<h4 class=\"wp-block-heading has-text-align-center\">Ozgan Yap\u0131, s\u00fcrd\u00fcr\u00fclebilir bir gelecek i\u00e7in \u00e7al\u0131\u015fmaya ve ekonomiye de\u011fer katan b\u00fcy\u00fck \u00f6l\u00e7ekli enerji, altyap\u0131 ve \u00fcstyap\u0131 in\u015faat projelerini en \u00fcst d\u00fczeyde g\u00fcvenlik, kalite ve \u00e7evre standartlar\u0131 performans\u0131yla \u00fcstlenmeye devam edecektir.<\/h4>\n\n\n\n<p><\/p>\n\n\n\n<h3 class=\"wp-block-heading has-text-align-center\"><mark style=\"background-color:rgba(0, 0, 0, 0)\" class=\"has-inline-color has-vivid-cyan-blue-color\">Tamamlanan T\u00fcm Projeler<\/mark><\/h3>\n\n\n\n<div class=\"wp-block-media-text is-stacked-on-mobile\" style=\"grid-template-columns:29% auto\"><figure class=\"wp-block-media-text__media\"><img loading=\"lazy\" decoding=\"async\" width=\"600\" height=\"450\" src=\"https:\/\/ozganyapi.com\/wp-content\/uploads\/2024\/10\/MAVISEHIR-1-1.jpg\" alt=\"\" class=\"wp-image-125 size-full\" srcset=\"https:\/\/ozganyapi.com\/wp-content\/uploads\/2024\/10\/MAVISEHIR-1-1.jpg 600w, https:\/\/ozganyapi.com\/wp-content\/uploads\/2024\/10\/MAVISEHIR-1-1-300x225.jpg 300w\" sizes=\"auto, (max-width: 600px) 100vw, 600px\" \/><\/figure><div class=\"wp-block-media-text__content\">\n<h5 class=\"wp-block-heading\"><strong>2008-2010 y\u0131llar\u0131 aras\u0131nda \u0130zmir Mavi \u015eehir Emlak Konut Gayrimenkul Yat\u0131r\u0131m Ortakl\u0131\u011f\u0131 ve Bozo\u011flu aras\u0131nda imzalanan s\u00f6zle\u015fmeye dayanarak 750 l\u00fcks konut in\u015faat\u0131n\u0131n Y\u00f6netilmesi<\/strong><\/h5>\n<\/div><\/div>\n\n\n\n<div class=\"wp-block-media-text is-stacked-on-mobile\" style=\"grid-template-columns:29% auto\"><figure class=\"wp-block-media-text__media\"><img loading=\"lazy\" decoding=\"async\" width=\"656\" height=\"352\" src=\"https:\/\/ozganyapi.com\/wp-content\/uploads\/2024\/10\/IZMIR-MAVISEHIR-94-DAIRE-1.jpg\" alt=\"\" class=\"wp-image-127 size-full\" srcset=\"https:\/\/ozganyapi.com\/wp-content\/uploads\/2024\/10\/IZMIR-MAVISEHIR-94-DAIRE-1.jpg 656w, https:\/\/ozganyapi.com\/wp-content\/uploads\/2024\/10\/IZMIR-MAVISEHIR-94-DAIRE-1-300x161.jpg 300w\" sizes=\"auto, (max-width: 656px) 100vw, 656px\" \/><\/figure><div class=\"wp-block-media-text__content\">\n<h5 class=\"wp-block-heading\"><strong>2009-2010 y\u0131llar\u0131 aras\u0131nda \u0130zmir Mavi\u015fehir&#8217;de 94 daireli, 18 katl\u0131 bir bina i\u00e7in mimari, beton, statik, elektrik, elektronik ve mekanik projelerin tamamlanarak belediye ruhsatlar\u0131n\u0131n al\u0131nmas\u0131 ve kaba in\u015faat\u0131n ba\u015flat\u0131lmas\u0131<\/strong><\/h5>\n<\/div><\/div>\n\n\n\n<div class=\"wp-block-media-text is-stacked-on-mobile\" style=\"grid-template-columns:29% auto\"><figure class=\"wp-block-media-text__media\"><img loading=\"lazy\" decoding=\"async\" width=\"560\" height=\"356\" src=\"https:\/\/ozganyapi.com\/wp-content\/uploads\/2024\/10\/IZMIR-INCEPLAZA.jpg\" alt=\"\" class=\"wp-image-128 size-full\" srcset=\"https:\/\/ozganyapi.com\/wp-content\/uploads\/2024\/10\/IZMIR-INCEPLAZA.jpg 560w, https:\/\/ozganyapi.com\/wp-content\/uploads\/2024\/10\/IZMIR-INCEPLAZA-300x191.jpg 300w\" sizes=\"auto, (max-width: 560px) 100vw, 560px\" \/><\/figure><div class=\"wp-block-media-text__content\">\n<h5 class=\"wp-block-heading\"><strong>2009-2010 y\u0131llar\u0131 aras\u0131nda \u0130zmir Bornova&#8217;da \u0130nce Yap\u0131 Plaza (104 ofis) \u0130\u015f Merkezi in\u015faat\u0131, ince i\u015flerin tamamlanmas\u0131<\/strong><\/h5>\n<\/div><\/div>\n\n\n\n<div class=\"wp-block-media-text is-stacked-on-mobile\" style=\"grid-template-columns:30% auto\"><figure class=\"wp-block-media-text__media\"><img loading=\"lazy\" decoding=\"async\" width=\"660\" height=\"356\" src=\"https:\/\/ozganyapi.com\/wp-content\/uploads\/2024\/10\/IZMIR-YESILOVA-64-DAIRE-2.jpg\" alt=\"\" class=\"wp-image-130 size-full\" srcset=\"https:\/\/ozganyapi.com\/wp-content\/uploads\/2024\/10\/IZMIR-YESILOVA-64-DAIRE-2.jpg 660w, https:\/\/ozganyapi.com\/wp-content\/uploads\/2024\/10\/IZMIR-YESILOVA-64-DAIRE-2-300x162.jpg 300w\" sizes=\"auto, (max-width: 660px) 100vw, 660px\" \/><\/figure><div class=\"wp-block-media-text__content\">\n<h5 class=\"wp-block-heading\"><strong>2009-2010 y\u0131llar\u0131 aras\u0131nda \u0130zmir Ye\u015filova&#8217;da 64 konutun mimari, betonarme, statik, elektrik ve mekanik projelerinin tamamlanarak, belediye ruhsatlar\u0131n\u0131n al\u0131nmas\u0131yla kaba in\u015faat\u0131n ba\u015flat\u0131lmas\u0131<\/strong><\/h5>\n<\/div><\/div>\n\n\n\n<div class=\"wp-block-media-text is-stacked-on-mobile\" style=\"grid-template-columns:30% auto\"><figure class=\"wp-block-media-text__media\"><img loading=\"lazy\" decoding=\"async\" width=\"1024\" height=\"593\" src=\"https:\/\/ozganyapi.com\/wp-content\/uploads\/2024\/10\/urfa1-1-1024x593.webp\" alt=\"\" class=\"wp-image-135 size-full\" srcset=\"https:\/\/ozganyapi.com\/wp-content\/uploads\/2024\/10\/urfa1-1-1024x593.webp 1024w, https:\/\/ozganyapi.com\/wp-content\/uploads\/2024\/10\/urfa1-1-300x174.webp 300w, https:\/\/ozganyapi.com\/wp-content\/uploads\/2024\/10\/urfa1-1-768x445.webp 768w, https:\/\/ozganyapi.com\/wp-content\/uploads\/2024\/10\/urfa1-1.webp 1200w\" sizes=\"auto, (max-width: 1024px) 100vw, 1024px\" \/><\/figure><div class=\"wp-block-media-text__content\">\n<h5 class=\"wp-block-heading\"><strong>2008-2010 y\u0131llar\u0131 aras\u0131nda \u015eanl\u0131urfa Olimpiyat Stadyumu&#8217;ndaki eksik \u00fcretimler tamamlanarak teslim edilmi\u015ftir.<\/strong><\/h5>\n<\/div><\/div>\n\n\n\n<div class=\"wp-block-media-text is-stacked-on-mobile\" style=\"grid-template-columns:30% auto\"><figure class=\"wp-block-media-text__media\"><img loading=\"lazy\" decoding=\"async\" width=\"277\" height=\"182\" src=\"https:\/\/ozganyapi.com\/wp-content\/uploads\/2024\/10\/amasya.jpeg\" alt=\"\" class=\"wp-image-136 size-full\"\/><\/figure><div class=\"wp-block-media-text__content\">\n<h5 class=\"wp-block-heading\"><strong>2008-2009 y\u0131llar\u0131 aras\u0131nda Amasya Karayolu in\u015faat\u0131 tamamlanm\u0131\u015ft\u0131r.<\/strong><\/h5>\n<\/div><\/div>\n\n\n\n<div class=\"wp-block-media-text is-stacked-on-mobile\" style=\"grid-template-columns:30% auto\"><figure class=\"wp-block-media-text__media\"><img loading=\"lazy\" decoding=\"async\" width=\"768\" height=\"1024\" src=\"https:\/\/ozganyapi.com\/wp-content\/uploads\/2024\/10\/BAGLICA-AFSAROGLU-KONAKLARI-2-768x1024.jpg\" alt=\"\" class=\"wp-image-137 size-full\" srcset=\"https:\/\/ozganyapi.com\/wp-content\/uploads\/2024\/10\/BAGLICA-AFSAROGLU-KONAKLARI-2-768x1024.jpg 768w, https:\/\/ozganyapi.com\/wp-content\/uploads\/2024\/10\/BAGLICA-AFSAROGLU-KONAKLARI-2-225x300.jpg 225w, https:\/\/ozganyapi.com\/wp-content\/uploads\/2024\/10\/BAGLICA-AFSAROGLU-KONAKLARI-2.jpg 960w\" sizes=\"auto, (max-width: 768px) 100vw, 768px\" \/><\/figure><div class=\"wp-block-media-text__content\">\n<h5 class=\"wp-block-heading\"><strong>2012 y\u0131l\u0131nda S.S. Ufuk Konut Yap\u0131 Kooperatifi taraf\u0131ndan Ba\u011fl\u0131ca&#8217;da bulunan 72 villan\u0131n dekorasyon ve yenileme \u00e7al\u0131\u015fmalar\u0131 yap\u0131lm\u0131\u015ft\u0131r.<\/strong><\/h5>\n<\/div><\/div>\n\n\n\n<div class=\"wp-block-media-text is-stacked-on-mobile\" style=\"grid-template-columns:30% auto\"><figure class=\"wp-block-media-text__media\"><img loading=\"lazy\" decoding=\"async\" width=\"655\" height=\"437\" src=\"https:\/\/ozganyapi.com\/wp-content\/uploads\/2024\/10\/ISTANBUL-SEHRIZAR.jpg\" alt=\"\" class=\"wp-image-138 size-full\" srcset=\"https:\/\/ozganyapi.com\/wp-content\/uploads\/2024\/10\/ISTANBUL-SEHRIZAR.jpg 655w, https:\/\/ozganyapi.com\/wp-content\/uploads\/2024\/10\/ISTANBUL-SEHRIZAR-300x200.jpg 300w\" sizes=\"auto, (max-width: 655px) 100vw, 655px\" \/><\/figure><div class=\"wp-block-media-text__content\">\n<h5 class=\"wp-block-heading\"><strong>\u0130stanbul Altunizade&#8217;de, Emlak Konut GYO ve GAP \u0130n\u015faat aras\u0131nda imzalanan s\u00f6zle\u015fmeye g\u00f6re, 208 konutluk \u015eehrizar Konaklar\u0131 projesinde, gazbeton duvar \u00fcretim \u00e7al\u0131\u015fmalar\u0131 yap\u0131lm\u0131\u015ft\u0131r.<\/strong><\/h5>\n<\/div><\/div>\n\n\n\n<div class=\"wp-block-media-text is-stacked-on-mobile\" style=\"grid-template-columns:30% auto\"><figure class=\"wp-block-media-text__media\"><img loading=\"lazy\" decoding=\"async\" width=\"1024\" height=\"576\" src=\"https:\/\/ozganyapi.com\/wp-content\/uploads\/2024\/10\/ERYAMAN-STAD-1-1024x576.jpg\" alt=\"\" class=\"wp-image-139 size-full\" srcset=\"https:\/\/ozganyapi.com\/wp-content\/uploads\/2024\/10\/ERYAMAN-STAD-1-1024x576.jpg 1024w, https:\/\/ozganyapi.com\/wp-content\/uploads\/2024\/10\/ERYAMAN-STAD-1-300x169.jpg 300w, https:\/\/ozganyapi.com\/wp-content\/uploads\/2024\/10\/ERYAMAN-STAD-1-768x432.jpg 768w, https:\/\/ozganyapi.com\/wp-content\/uploads\/2024\/10\/ERYAMAN-STAD-1.jpg 1436w\" sizes=\"auto, (max-width: 1024px) 100vw, 1024px\" \/><\/figure><div class=\"wp-block-media-text__content\">\n<h5 class=\"wp-block-heading\"><strong>2015-2016 y\u0131llar\u0131 aras\u0131nda Ankara B\u00fcy\u00fck\u015fehir Belediyesi Eryaman Stadyumu Projesi ger\u00e7ekle\u015ftirilmi\u015ftir.<\/strong><\/h5>\n<\/div><\/div>\n\n\n\n<div class=\"wp-block-media-text is-stacked-on-mobile\" style=\"grid-template-columns:30% auto\"><figure class=\"wp-block-media-text__media\"><img loading=\"lazy\" decoding=\"async\" width=\"800\" height=\"436\" src=\"https:\/\/ozganyapi.com\/wp-content\/uploads\/2024\/10\/KURTOGLU-INSAAT-CYRSTAL-TOWER-1.jpg\" alt=\"\" class=\"wp-image-140 size-full\" srcset=\"https:\/\/ozganyapi.com\/wp-content\/uploads\/2024\/10\/KURTOGLU-INSAAT-CYRSTAL-TOWER-1.jpg 800w, https:\/\/ozganyapi.com\/wp-content\/uploads\/2024\/10\/KURTOGLU-INSAAT-CYRSTAL-TOWER-1-300x164.jpg 300w, https:\/\/ozganyapi.com\/wp-content\/uploads\/2024\/10\/KURTOGLU-INSAAT-CYRSTAL-TOWER-1-768x419.jpg 768w\" sizes=\"auto, (max-width: 800px) 100vw, 800px\" \/><\/figure><div class=\"wp-block-media-text__content\">\n<h5 class=\"wp-block-heading\"><strong>2013 y\u0131l\u0131nda Kurto\u011flu \u0130n\u015faat taraf\u0131ndan yap\u0131lan &#8220;Crystal Tower&#8221; projesinde, 240 daire i\u00e7in duvar ka\u011f\u0131d\u0131 ve parke d\u00f6\u015feme i\u015fleri ger\u00e7ekle\u015ftirilmi\u015ftir.<\/strong><\/h5>\n<\/div><\/div>\n\n\n\n<div class=\"wp-block-media-text is-stacked-on-mobile\" style=\"grid-template-columns:30% auto\"><figure class=\"wp-block-media-text__media\"><img loading=\"lazy\" decoding=\"async\" width=\"640\" height=\"708\" src=\"https:\/\/ozganyapi.com\/wp-content\/uploads\/2024\/10\/ALPEREN-SITESI.jpg\" alt=\"\" class=\"wp-image-141 size-full\" srcset=\"https:\/\/ozganyapi.com\/wp-content\/uploads\/2024\/10\/ALPEREN-SITESI.jpg 640w, https:\/\/ozganyapi.com\/wp-content\/uploads\/2024\/10\/ALPEREN-SITESI-271x300.jpg 271w\" sizes=\"auto, (max-width: 640px) 100vw, 640px\" \/><\/figure><div class=\"wp-block-media-text__content\">\n<h5 class=\"wp-block-heading\"><strong>2012 y\u0131l\u0131nda Usta \u0130n\u015faat taraf\u0131ndan yap\u0131lan Alperen Sitesi&#8217;ndeki 82 dairede, duvar ka\u011f\u0131d\u0131 ve parke d\u00f6\u015feme i\u015fleri yap\u0131lm\u0131\u015ft\u0131r.<\/strong><\/h5>\n<\/div><\/div>\n\n\n<div class=\"wp-block-image\">\n<figure class=\"aligncenter size-full is-resized\"><img loading=\"lazy\" decoding=\"async\" width=\"347\" height=\"346\" src=\"http:\/\/ozganyapi.com\/wp-content\/uploads\/2024\/09\/OZGAN-LOGO-2.jpg\" alt=\"\" class=\"wp-image-11\" style=\"width:450px;height:auto\" srcset=\"https:\/\/ozganyapi.com\/wp-content\/uploads\/2024\/09\/OZGAN-LOGO-2.jpg 347w, https:\/\/ozganyapi.com\/wp-content\/uploads\/2024\/09\/OZGAN-LOGO-2-300x300.jpg 300w, https:\/\/ozganyapi.com\/wp-content\/uploads\/2024\/09\/OZGAN-LOGO-2-150x150.jpg 150w\" sizes=\"auto, (max-width: 347px) 100vw, 347px\" \/><\/figure>\n<\/div>\n\n\n<h4 class=\"wp-block-heading has-text-align-right\"><a href=\"https:\/\/ozganyapi.com\/index.php\/insaat\/\"><strong>Sekt\u00f6rler<\/strong><\/a><\/h4>\n","protected":false},"excerpt":{"rendered":"<p>Tamamlanan T\u00fcm Projeleri G\u00f6rmek \u0130\u00e7in T\u0131klay\u0131n\u0131z Devam Eden T\u00fcm Projeleri G\u00f6rmek \u0130\u00e7in T\u0131klay\u0131n\u0131z Ozgan Yap\u0131, 2012 y\u0131l\u0131nda kurulmu\u015f olup, havalimanlar\u0131, limanlar, otoyollar, barajlar, hidroelektrik santralleri,<span class=\"more-button\"><a href=\"https:\/\/ozganyapi.com\/index.php\/construction\/\" class=\"more-link\">Continue reading<span class=\"screen-reader-text\">\u0130N\u015eAAT<\/span><\/a><\/span><\/p>\n","protected":false},"author":1,"featured_media":0,"parent":0,"menu_order":0,"comment_status":"closed","ping_status":"closed","template":"","meta":{"footnotes":""},"class_list":["post-52","page","type-page","status-publish","hentry"],"_links":{"self":[{"href":"https:\/\/ozganyapi.com\/index.php\/wp-json\/wp\/v2\/pages\/52","targetHints":{"allow":["GET"]}}],"collection":[{"href":"https:\/\/ozganyapi.com\/index.php\/wp-json\/wp\/v2\/pages"}],"about":[{"href":"https:\/\/ozganyapi.com\/index.php\/wp-json\/wp\/v2\/types\/page"}],"author":[{"embeddable":true,"href":"https:\/\/ozganyapi.com\/index.php\/wp-json\/wp\/v2\/users\/1"}],"replies":[{"embeddable":true,"href":"https:\/\/ozganyapi.com\/index.php\/wp-json\/wp\/v2\/comments?post=52"}],"version-history":[{"count":22,"href":"https:\/\/ozganyapi.com\/index.php\/wp-json\/wp\/v2\/pages\/52\/revisions"}],"predecessor-version":[{"id":499,"href":"https:\/\/ozganyapi.com\/index.php\/wp-json\/wp\/v2\/pages\/52\/revisions\/499"}],"wp:attachment":[{"href":"https:\/\/ozganyapi.com\/index.php\/wp-json\/wp\/v2\/media?parent=52"}],"curies":[{"name":"wp","href":"https:\/\/api.w.org\/{rel}","templated":true}]}}