{"id":53,"date":"2024-10-01T05:49:16","date_gmt":"2024-10-01T02:49:16","guid":{"rendered":"https:\/\/ozganyapi.com\/?page_id=53"},"modified":"2025-01-27T21:31:00","modified_gmt":"2025-01-27T18:31:00","slug":"technology","status":"publish","type":"page","link":"https:\/\/ozganyapi.com\/index.php\/technology\/","title":{"rendered":"TEKNOLOJ\u0130"},"content":{"rendered":"\n<h3 class=\"wp-block-heading has-text-align-center\"><a href=\"https:\/\/ozganyapi.com\/index.php\/all-completed-project-5\/\">Tamamlanan T\u00fcm Projeleri G\u00f6rmek \u0130\u00e7in T\u0131klay\u0131n\u0131z<\/a><\/h3>\n\n\n\n<figure class=\"wp-block-image\"><img decoding=\"async\" src=\"https:\/\/gurkankalkan.com\/wp-content\/uploads\/2024\/08\/image-10.png\" alt=\"\" class=\"wp-image-437\"\/><\/figure>\n\n\n\n<p>2025 y\u0131l\u0131nda teknolojilerin farkl\u0131 \u00f6l\u00e7eklerdeki uygulamalardaki tahmini potansiyel ekonomik etkisi, $ trilyon.<\/p>\n\n\n\n<p>Blockchain teknolojisindeki g\u00fcvenlik, ba\u011flant\u0131 ve \u015feffafl\u0131k, parlak bir gelece\u011fi vaat etmektedir. K\u00fcresel blockchain teknolojisi pazar b\u00fcy\u00fckl\u00fc\u011f\u00fc, 2022&#8217;de 11,14 milyar dolar olarak de\u011ferlenmi\u015f olup, 2023&#8217;te 17,57 milyar dolara ve 2030&#8217;da 469,49 milyar dolara kadar b\u00fcy\u00fcmesi beklenmektedir. Bu teknoloji, siber g\u00fcvenlik, sa\u011fl\u0131k hizmetleri, bankac\u0131l\u0131k gibi \u00e7evrimi\u00e7i faaliyet g\u00f6steren bir\u00e7ok sekt\u00f6rde f\u0131rsatlar yaratabilir ve de\u011fi\u015fiklikler getirebilir. Ayr\u0131ca i\u015f f\u0131rsatlar\u0131 a\u00e7\u0131s\u0131ndan da bu alanda daha az rekabet bulunmakta, bu da y\u00fcksek maa\u015fl\u0131 profillerin ortaya \u00e7\u0131kmas\u0131na yol a\u00e7maktad\u0131r. Veri depolama i\u00e7in blockchain hen\u00fcz geli\u015fme a\u015famas\u0131nda olsa da etkili bir \u015fekilde \u00e7al\u0131\u015fmaktad\u0131r, bu nedenle blockchain&#8217;in gelecekteki potansiyeli \u00e7ok b\u00fcy\u00fckt\u00fcr.<\/p>\n\n\n\n<h2 class=\"wp-block-heading\">Blockchain Teknolojisi Nedir??<\/h2>\n\n\n\n<p>Blockchain, g\u00fcven in\u015fa etmek, i\u015flemler yapmak ve varl\u0131klar\u0131 takip etmek i\u00e7in zincirlerle birbirine ba\u011flanm\u0131\u015f bloklardan olu\u015fan da\u011f\u0131t\u0131k bir defter teknolojisidir. Blockchain teknolojisi, yaln\u0131zca kripto para birimlerini g\u00fcvenli bir \u015fekilde internet \u00fczerinden g\u00f6ndermek ya da i\u015flem yapmak i\u00e7in bir y\u00f6ntem olman\u0131n \u00f6tesindedir. Finans d\u0131\u015f\u0131nda da uygulanabilir; \u00f6rne\u011fin sanat\u00e7\u0131 telif haklar\u0131, oylama, sosyal yard\u0131mlar, sa\u011fl\u0131k hizmetleri, sigorta ve sigorta gibi alanlarda da kullan\u0131labilir.<\/p>\n\n\n\n<p>Teknoloji, toplum ve i\u015f d\u00fcnyas\u0131 \u00fczerinde bir\u00e7ok d\u00fczeyde etkisini g\u00f6stermeye ba\u015flad\u0131 ve d\u00fcnya ekonomisi blockchain devrimine haz\u0131rlan\u0131yor. E\u011fer &#8220;devrim&#8221; kelimesi dramatik geliyorsa, \u015funu g\u00f6z \u00f6n\u00fcnde bulundurun: D\u00fcnyadaki en b\u00fcy\u00fck 10 \u015firketin 8\u2019i (IBM, Paystack, Ripple ve Pyypl, AZA Finance, Securrency, ABRA, Numerai ve Bloom) blockchain tabanl\u0131 \u00fcr\u00fcnler geli\u015ftirmektedir.<\/p>\n\n\n\n<h2 class=\"wp-block-heading\"><strong>Blockchain Teknolojisinin Gelece\u011fi<\/strong><\/h2>\n\n\n\n<p>Blockchain teknolojisinin gelece\u011fini vaat eden \u00f6nemli fakt\u00f6rlerden biri, Ethereum ve Bitcoin gibi kripto paralard\u0131r. \u0130statistiklere bakt\u0131\u011f\u0131m\u0131zda, blockchain kullan\u0131m\u0131nda en etkili sekt\u00f6r\u00fcn Bankac\u0131l\u0131k oldu\u011funu g\u00f6rece\u011fiz. 2020 y\u0131l\u0131nda, yakla\u015f\u0131k %30 pazar pay\u0131na sahip olan bankac\u0131l\u0131k sekt\u00f6r\u00fc, k\u00fcresel blockchain pazar\u0131ndan \u00f6nemli bir gelir pay\u0131 alm\u0131\u015ft\u0131r. Ayn\u0131 zamanda, toplam blockchain harcamalar\u0131n\u0131n %11.4&#8217;\u00fc, i\u015flemeli \u00fcretime gitmi\u015ftir. Genel olarak, gelecekte blockchain teknolojilerine yap\u0131lan harcamalar\u0131n k\u00fcresel \u00e7apta artmas\u0131 beklenmektedir.<\/p>\n\n\n\n<figure class=\"wp-block-table\"><table class=\"has-fixed-layout\"><tbody><tr><td><strong>Blockchain 2021&#8217;de K\u00fcresel Harcama<\/strong><\/td><td><strong>Blockchain Pazar\u0131n\u0131n En Y\u00fcksek Da\u011f\u0131l\u0131m\u0131n\u0131 Kullanan Sekt\u00f6r<\/strong><\/td><td><strong>En B\u00fcy\u00fck Blockchain Kullan\u0131m \u00d6rne\u011fi<\/strong><\/td><\/tr><tr><td>6.6bn USD<\/td><td>Bankac\u0131l\u0131k<\/td><td>S\u0131n\u0131r \u00f6tesi \u00f6demeler ve \u00f6deme i\u015flemleri<\/td><\/tr><\/tbody><\/table><\/figure>\n\n\n\n<p>Ayr\u0131ca, blockchain ile ilgili \u00fcr\u00fcnlere k\u00fcresel harcamalar\u0131n 2021&#8217;de 6,6 milyar dolara ula\u015fmas\u0131 bekleniyor. Projeksiyonlara g\u00f6re, blockchain \u00e7\u00f6z\u00fcmlerine yap\u0131lan harcamalar \u00f6n\u00fcm\u00fczdeki birka\u00e7 y\u0131l i\u00e7inde artacak ve 2024 y\u0131l\u0131na kadar yakla\u015f\u0131k 19 milyar dolara ula\u015facak.<\/strong>.<\/p>\n\n\n\n<p>Bu inan\u0131lmaz teknolojinin b\u00fcy\u00fcme ve gelece\u011fi nas\u0131l etkileyece\u011fini daha iyi anlayabilmek i\u00e7in dikkat etmeniz gereken blockchain istatistiklerine bir g\u00f6z atal\u0131m.<\/p>\n\n\n\n<h3 class=\"wp-block-heading\">Gelecekteki B\u00fcy\u00fcmeyi Destekleyen Blockchain Trendleri<\/h3>\n\n\n\n<h4 class=\"wp-block-heading\">1. Blockchain&#8217;in Genel Pazar\u0131<\/h4>\n\n\n\n<p>2021&#8217;de 4,9 milyar dolar olarak de\u011ferlendirilen blockchain pazar\u0131n\u0131n, 2026&#8217;ya kadar 67,4 milyar dolara ula\u015fmas\u0131 bekleniyor; bu, Markets and Markets&#8217;\u0131n pazar ara\u015ft\u0131rmalar\u0131na g\u00f6re. Analitik ekip, bu b\u00fcy\u00fcmenin tahmin d\u00f6nemi boyunca Y\u0131ll\u0131k Bile\u015fik B\u00fcy\u00fcme Oran\u0131 (CAGR) %68,4 olaca\u011f\u0131n\u0131 hesaplamaktad\u0131r.<\/p>\n\n\n\n<p>Markets &#038; Markets, blockchain&#8217;\u0131n muazzam b\u00fcy\u00fcme oran\u0131n\u0131 tetikleyen ba\u015fl\u0131ca sebeplerin, teknolojiye yap\u0131lan artan giri\u015fim sermayesi yat\u0131r\u0131mlar\u0131 ve \u00e7\u00f6z\u00fcm\u00fcn bankac\u0131l\u0131k ve g\u00fcvenlik alanlar\u0131ndaki yayg\u0131n uygulamas\u0131 oldu\u011funu d\u00fc\u015f\u00fcn\u00fcyor. Blockchain teknolojileri, ak\u0131ll\u0131 s\u00f6zle\u015fmeleri ve dijital kimlikleri y\u00f6netmek i\u00e7in i\u015fletmeler ve bireyler taraf\u0131ndan daha s\u0131k kullan\u0131lmaktad\u0131r.<\/p>\n\n\n\n<h4 class=\"wp-block-heading\">2. Finans Sekt\u00f6r\u00fc ve Blockchain<\/h4>\n\n\n\n<p>Blockchain pazar\u0131n\u0131n yakla\u015f\u0131k %30&#8217;u bankac\u0131l\u0131k end\u00fcstrisine aittir. Statista tahminlerine g\u00f6re, bir\u00e7ok pazar, blockchain teknolojisine eri\u015fim sa\u011flamakla fayda sa\u011flayacak.<\/p>\n\n\n\n<p>2020 itibar\u0131yla, teknolojinin toplam pazar de\u011feri, finansal pazar taraf\u0131ndan %30&#8217;dan daha fazla bir oranda temsil edilmektedir. \u00dcretim (%17,6), da\u011f\u0131t\u0131m ve hizmetler (%14,6) ve kamu sekt\u00f6r\u00fc (%4,2) gibi sekt\u00f6rler, ekosistemin de\u011ferinin yay\u0131lmaya ba\u015flad\u0131\u011f\u0131 birka\u00e7 teknolojidir.<\/p>\n\n\n\n<h4 class=\"wp-block-heading\">3. Sa\u011fl\u0131k Hizmetleri ve Blockchain<\/h4>\n\n\n\n<p>Vantage Market Research taraf\u0131ndan 2022&#8217;de yay\u0131mlanan bir rapora g\u00f6re, sa\u011fl\u0131k sekt\u00f6r\u00fcndeki blockchain pazar\u0131n\u0131n k\u00fcresel pazar b\u00fcy\u00fckl\u00fc\u011f\u00fcn\u00fcn 2028 y\u0131l\u0131na kadar yakla\u015f\u0131k 1189,8 milyon dolara ula\u015fmas\u0131 bekleniyor. Bu, belirtilen s\u00fcre i\u00e7in %61,3&#8217;l\u00fck bir Y\u0131ll\u0131k Bile\u015fik B\u00fcy\u00fcme Oran\u0131 (CAGR) anlam\u0131na geliyor.<\/p>\n\n\n\n<p>Rapora g\u00f6re, sahte \u00fcr\u00fcnler, sa\u011fl\u0131k end\u00fcstrisindeki \u015feffafl\u0131k eksiklikleri ve sa\u011fl\u0131k verisi ihlalleri gibi fakt\u00f6rler, sekt\u00f6r\u00fcn b\u00fcy\u00fcmesine katk\u0131da bulunan ba\u015fl\u0131ca etmenlerdir.<\/p>\n\n\n\n<h4 class=\"wp-block-heading\">4. Tar\u0131m ve Blockchain<\/h4>\n\n\n\n<p>BIS Research&#8217;in teknolojiye y\u00f6nelik farkl\u0131 end\u00fcstri ba\u011flamlar\u0131ndaki etkilerini inceleyen analizine g\u00f6re, tar\u0131m ve g\u0131da end\u00fcstrileri, blockchain teknolojisinden 2026 y\u0131l\u0131na kadar 1,48 milyar dolar fayda sa\u011flayacak.<\/p>\n\n\n\n<p>Ara\u015ft\u0131rmada, envanter ve g\u0131da takibi konusunda kesin ve delil ge\u00e7irmez bilgiler sunan blockchain teknolojisinin, g\u0131da ve tar\u0131m end\u00fcstrileri i\u00e7in devrim niteli\u011finde bir d\u00f6n\u00fc\u015f\u00fcm olarak tan\u0131mland\u0131\u011f\u0131 belirtiliyor. Analiz ekibi, blockchain&#8217;in arazi belgeleri ve di\u011fer verilerin saklanmas\u0131na yard\u0131mc\u0131 olaca\u011f\u0131n\u0131 ve do\u011fal afetler gibi durumlarda bile g\u0131da \u00fcretiminin g\u00fcvenli olmas\u0131n\u0131 sa\u011flayaca\u011f\u0131n\u0131 iddia etmektedir.<\/p>\n\n\n\n<h4 class=\"wp-block-heading\">5. \u00dcretim ve Blockchain<\/h4>\n\n\n\n<p>Global Newswire&#8217;\u0131n raporuna g\u00f6re, imalat sekt\u00f6r\u00fc son y\u0131llarda blockchain&#8217;in en h\u0131zl\u0131 b\u00fcy\u00fcyen end\u00fcstrilerinden biri gibi g\u00f6r\u00fcnmektedir. K\u00fcresel blockchain pazar\u0131n\u0131n imalat sekt\u00f6r\u00fcndeki b\u00fcy\u00fckl\u00fc\u011f\u00fc, 2021&#8217;de yakla\u015f\u0131k 49,50 milyon dolar iken, 2022&#8217;de 85,64 milyar dolara y\u00fckselmi\u015ftir.<\/p>\n\n\n\n<p>Bu ola\u011fan\u00fcst\u00fc art\u0131\u015f, %73&#8217;l\u00fck bir Y\u0131ll\u0131k Bile\u015fik B\u00fcy\u00fcme Oran\u0131 (CAGR) anlam\u0131na gelmektedir. E\u011fer bu trend devam ederse, Global Newswire uzmanlar\u0131, 2026 y\u0131l\u0131na kadar imalat sekt\u00f6r\u00fcndeki blockchain pazar\u0131n\u0131n de\u011ferinin yakla\u015f\u0131k 778,05 milyon dolar olaca\u011f\u0131n\u0131 tahmin etmektedir.<\/p>\n\n\n\n<h3 class=\"wp-block-heading\">Blockchain Teknolojisi \u00c7e\u015fitli Sekt\u00f6rlerin Gelece\u011fine Nas\u0131l Katk\u0131 Sa\u011fl\u0131yor?<\/h3>\n\n\n\n<h4 class=\"wp-block-heading\">1. Blockchain Kullanarak A\u011f Olu\u015fturma ve IoT<\/h4>\n\n\n\n<p>IoT cihazlar\u0131n\u0131n da\u011f\u0131t\u0131lm\u0131\u015f bir a\u011f\u0131n\u0131 olu\u015fturmak i\u00e7in IBM ve Samsung gibi \u015firketler, Blockchain teknolojisini kullan\u0131yor. Bu kavram ADEPT olarak adland\u0131r\u0131lmaktad\u0131r ve merkezi bir siteye ihtiya\u00e7 duymadan cihazlar aras\u0131ndaki ileti\u015fimi koordine etmeyi ama\u00e7lar. ADEPT, cihazlar aras\u0131ndaki ileti\u015fimi y\u00f6netir ve hata y\u00f6netimi, enerji kullan\u0131m\u0131n\u0131n izlenmesi, yaz\u0131l\u0131m g\u00fcncellemeleri gibi g\u00f6revlerde kullan\u0131l\u0131r. Blockchain, bu cihazlar\u0131n g\u00fcvenli bir \u015fekilde veri payla\u015fmas\u0131n\u0131 sa\u011flar ve i\u015flemleri \u015feffaf, g\u00fcvenli ve merkeziyetsiz bir ortamda ger\u00e7ekle\u015ftirir. Bu sayede cihazlar kendi aralar\u0131nda daha verimli ve g\u00fcvenli bir \u015fekilde ileti\u015fim kurabilir.<\/p>\n\n\n\n<h4 class=\"wp-block-heading\">2. Blockchain Kullanarak Dijital Reklamc\u0131l\u0131k<\/h4>\n\n\n\n<p>Dijital reklamc\u0131l\u0131kla ilgili bot trafi\u011fi, \u015feffafl\u0131k eksiklikleri, alan ad\u0131 doland\u0131r\u0131c\u0131l\u0131\u011f\u0131, etkisiz \u00f6deme yap\u0131lar\u0131 gibi sorunlar nedeniyle, reklam verenler ve yay\u0131nc\u0131lar zorluklar ya\u015f\u0131yor.<\/p>\n\n\n\n<p>Blockchain teknolojisinin \u015feffafl\u0131k ve g\u00fcvenilirlik \u00f6zellikleri sayesinde, tedarik zinciri sorunlar\u0131na \u00e7\u00f6z\u00fcm olabilece\u011fi ke\u015ffedilmi\u015ftir. Blockchain kullanarak, reklamc\u0131l\u0131kla ilgili i\u015flemler daha verimli bir \u015fekilde y\u00f6netilebilir.\n\n\n<h4 class=\"wp-block-heading\">3. Blockchain ile Tedarik Zinciri Y\u00f6netimi<\/h4>\n\n\n\n<p>Tedarik zincirinin her a\u015famas\u0131nda, blockchain istihdam, harcamalar ve serbest b\u0131rakmalar\u0131 izleyebilirken, zaman gecikmelerini ve insan hatalar\u0131n\u0131 en aza indirebilir. Blockchain ayr\u0131ca \u00fcr\u00fcnlerin yasal olup olmad\u0131\u011f\u0131n\u0131 ve bu \u00fcr\u00fcnlerin adil ticaret stat\u00fcs\u00fcn\u00fc izlenebilirlik yoluyla garanti edebilir. Blockchain, yasa d\u0131\u015f\u0131 veya gri pazar mallar\u0131ndan kaynaklanan gelir kay\u0131plar\u0131n\u0131 ve itibar zararlar\u0131n\u0131 potansiyel olarak engelleyebilir.<\/p>\n\n\n\n<h4 class=\"wp-block-heading\">4. Dijital Para Birimleri, Devlet ve Blockchain<\/h4>\n\n\n\n<p>Di\u011fer herhangi bir hizmet veya para birimine k\u0131yasla, Bitcoin&#8217;in de\u011feri son y\u0131llarda \u00f6nemli \u00f6l\u00e7\u00fcde artt\u0131 ve kripto para, piyasan\u0131n en \u00e7ok talep edilen emtialar\u0131ndan biri haline geldi. Talep ve arz temelleri Bitcoin veya di\u011fer kripto para birimlerinin de\u011ferini belirlemedi\u011finden, kripto para talebinin yeniden artmas\u0131 bekleniyor. Bu ba\u011flamda, h\u00fck\u00fcmetlerin kendi dijital paralar\u0131n\u0131 geli\u015ftirip serbest piyasa ticaretine kat\u0131lacaklar\u0131 \u00f6ng\u00f6r\u00fclmektedir. Blockchain teknolojisinin gelecekteki uygulamas\u0131, muhtemelen bu \u00fclkenin dijital paras\u0131 olacakt\u0131r.<\/p>\n\n\n\n<h4 class=\"wp-block-heading\">5. Blockchain ile Siber G\u00fcvenlik ve Bulut Depolama<\/h4>\n\n\n\n<p>Blockchain teknolojisi, verilerin g\u00fcvenli ve do\u011frulanm\u0131\u015f olmas\u0131n\u0131 sa\u011flar, \u00e7\u00fcnk\u00fc Blockchain defteri a\u00e7\u0131k ve da\u011f\u0131lm\u0131\u015f olsa da etkili bir siber g\u00fcvenlik \u00e7\u00f6z\u00fcm\u00fcd\u00fcr. Kriptografi kullanarak veri manip\u00fclasyonu gibi g\u00fcvenlik a\u00e7\u0131klar\u0131n\u0131 ortadan kald\u0131r\u0131r. Bunun yan\u0131 s\u0131ra, Blockchain teknolojisiyle sa\u011flanan siber g\u00fcvenlik, bulut depolama i\u00e7in de ge\u00e7erlidir ve depolama sistemlerini g\u00fcvenli hale getirir, b\u00f6ylece hackleme, veri kayb\u0131 veya insan hatalar\u0131na kar\u015f\u0131 g\u00fc\u00e7l\u00fc ve dayan\u0131kl\u0131 olur.<\/p>\n\n\n\n<h4 class=\"wp-block-heading\">6. Finans Sekt\u00f6r\u00fc ve Blockchain<\/h4>\n\n\n\n<p>Blockchain, \u015feffaf defter mimarisi sayesinde kara para ak\u0131\u015f\u0131 ve i\u015flemleriyle ilgili sorunlar\u0131 \u00e7\u00f6zebilir. Blockchain teknolojisi, finansal varl\u0131klar\u0131 s\u00fcrekli olarak takip edebilme \u00f6zelli\u011fine sahiptir ve bu olumlu etki nedeniyle bir\u00e7ok finansal kurum bu teknolojiye yat\u0131r\u0131m yapm\u0131\u015ft\u0131r. Bir\u00e7ok i\u015fletmenin yan\u0131 s\u0131ra, h\u00fck\u00fcmetler de \u00fclkelerinin ekonomileri \u00fczerinde daha verimli d\u00fczenlemeler sa\u011flamak amac\u0131yla Blockchain teknolojisini kullanmay\u0131 d\u00fc\u015f\u00fcnmektedir.<\/p>\n\n\n\n<h4 class=\"wp-block-heading\">7. Ak\u0131ll\u0131 S\u00f6zle\u015fme<\/h4>\n\n\n\n<p>Birisi bir bilet sat\u0131n al\u0131p, daha y\u00fcksek bir fiyata yeniden satt\u0131\u011f\u0131nda, birincil sat\u0131c\u0131 ek geliri almaz, ancak yeniden satan ki\u015fi ekstra kar elde eder. Bu durum, asl\u0131nda i\u00e7erik sahibine biraz haks\u0131zl\u0131k yapmaktad\u0131r. Bu nedenle, giri\u015fimciler blockchain teknolojisi sayesinde internet i\u015flemlerini de\u011fi\u015ftirmeye \u00e7al\u0131\u015fmaktad\u0131r. Tokenler ve ak\u0131ll\u0131 s\u00f6zle\u015fmeler bulundu\u011fu s\u00fcrece, i\u00e7erik \u00fcreticileri her zaman yapt\u0131klar\u0131 i\u015fler i\u00e7in adil bir \u00f6deme alacakt\u0131r.<\/p>\n\n\n\n<p>Hizmetler veya fikri m\u00fclkiyet i\u00e7eren bir i\u015flemde, \u00f6rne\u011fin m\u00fczik veya filmler gibi, bir ak\u0131ll\u0131 s\u00f6zle\u015fme, s\u00f6zle\u015fmeye taraf olan ki\u015fileri ve i\u015flemi sahiplenebilecek \u00fc\u00e7\u00fcnc\u00fc taraflar\u0131 belirleyebilir. Ayr\u0131ca, dijital varl\u0131klar \u00fczerine odaklanan merkeziyetsiz bir protokol, \u00f6rne\u011fin a\u00e7\u0131k kaynakl\u0131 Tari gibi, vericilerin bu t\u00fcr varl\u0131klar\u0131n bak\u0131m\u0131, kullan\u0131m\u0131 ve transferiyle ilgili d\u00fczenlemeler eklemelerine olanak tan\u0131r. Blockchain&#8217;in de\u011fi\u015ftirilemezli\u011fi sayesinde, varl\u0131\u011f\u0131n ya\u015fam d\u00f6ng\u00fcs\u00fcndeki her i\u015flem, bu belirli k\u0131s\u0131tlamalara uygun olarak yap\u0131l\u0131r.<\/p>\n\n\n\n<p><strong><em>A\u00e7\u0131k kaynakl\u0131 bir mobil biletleme uygulamas\u0131 halihaz\u0131rda geli\u015ftirilmektedir. Bu uygulama, konserler ve spor etkinlikleri i\u00e7in bilet sat\u0131\u015f pazar\u0131n\u0131 devrim niteli\u011finde de\u011fi\u015ftirmeyi hedefliyor.<\/p>\n\n\n\n<h4 class=\"wp-block-heading\">8. Dijital Kimlik \u00c7\u00f6z\u00fcm\u00fc ve Blockchain<\/h4>\n\n\n\n<p>Dijital kimlik \u00e7\u00f6z\u00fcmleri, kullan\u0131c\u0131lar\u0131n \u00e7evrimi\u00e7i olarak ba\u015fkalar\u0131yla etkile\u015fime girdi\u011finde rahatl\u0131k hissetmelerini sa\u011flar. Civic adl\u0131 bir \u015firket, blockchain teknolojisine dayal\u0131 kimlik do\u011frulama \u00e7\u00f6z\u00fcmleri sunan bir dijital kimlik firmas\u0131d\u0131r. Civic&#8217;in \u00e7\u00f6z\u00fcm\u00fc, bireylerin, i\u015fletmelerin ve di\u011fer organizasyonlar\u0131n ki\u015fisel bilgilerini y\u00f6netmelerine ve korumalar\u0131na yard\u0131mc\u0131 olur. Bu \u00e7\u00f6z\u00fcmler, i\u015fletmelere ve m\u00fc\u015fterilere kimlik bilgilerini nas\u0131l ve nerede payla\u015ft\u0131klar\u0131 konusunda daha fazla kontrol sa\u011flar.<\/p>\n\n\n\n<h4 class=\"wp-block-heading\">9. KYC \/ Kara Para Aklamay\u0131 \u00d6nleme (AML) ve Blockchain<\/h4>\n\n\n\n<p>D\u00fczenleyiciler, ilk ba\u015fta blockchain&#8217;e b\u00fcy\u00fck bir g\u00fcvensizlikle yakla\u015fm\u0131\u015flard\u0131r \u00e7\u00fcnk\u00fc Bitcoin gibi sanal para birimlerini m\u00fcmk\u00fcn k\u0131lmakta rol oynam\u0131\u015f ve Silk Road gibi \u015f\u00fcpheli varl\u0131klarla ve karanl\u0131k a\u011f ile erken d\u00f6nemlerde ili\u015fkilendirilmi\u015ftir. Kripto para birimlerinin, h\u0131z, kesinlik, s\u0131n\u0131r \u00f6tesi yetenek ve anonimlik gibi temel \u00f6zellikleri, kara para aklayanlar ve yapt\u0131r\u0131mlar\u0131 ihlal eden ki\u015filer taraf\u0131ndan cazip hale gelebilece\u011fi korkusunu do\u011furmu\u015ftur.<\/p>\n\n\n\n<p>Baz\u0131lar\u0131na g\u00f6re, AML gereksinimlerine ili\u015fkin d\u00fczenleyici belirsizlikler, oyuncalar aras\u0131nda yenili\u011fi k\u0131s\u0131tlam\u0131\u015ft\u0131r. Ironik bir \u015fekilde, \u00e7\u00fcnk\u00fc blockchain veriler, i\u015flem kay\u0131tlar\u0131 ve kimlik do\u011frulama y\u00f6ntemleri i\u00e7in g\u00fcvenilir bir depo i\u015flevi g\u00f6r\u00fcr, d\u00fczenleyici gereksinimleri kar\u015f\u0131lamak i\u00e7in ideal bir se\u00e7enek olabilir. Blockchain teknolojisi, en b\u00fcy\u00fck etkiyi finans sekt\u00f6r\u00fcnde yaratmaktad\u0131r. AML gereksinimlerine, \u00f6zellikle KYC&#8217;ye ili\u015fkin d\u00fczenleyici belirsizlikler, oyuncalar aras\u0131nda yenili\u011fi k\u0131s\u0131tlamaktad\u0131r.<\/p>\n\n\n\n<h4 class=\"wp-block-heading\">10. S\u0131n\u0131r \u00d6tesi \u0130\u015flemler ve Blockchain<\/h4>\n\n\n\n<p>Varl\u0131k transferi geleneksel olarak uzun ve pahal\u0131 bir i\u015flem olmu\u015ftur, \u00f6zellikle uluslararas\u0131 s\u0131n\u0131rlar aras\u0131nda \u00f6deme yap\u0131ld\u0131\u011f\u0131nda. D\u00f6viz de\u011fi\u015fimi genellikle birden fazla bankan\u0131n ve lokasyonun dahil olmas\u0131n\u0131 gerektirdi\u011fi i\u00e7in, al\u0131c\u0131 fonlar\u0131n\u0131 d\u00f6viz de\u011fi\u015fimi yap\u0131ld\u0131ktan hemen sonra alamaz. Bu prosed\u00fcr\u00fc h\u0131zland\u0131rmaya y\u00f6nelik baz\u0131 hizmetler mevcut olsa da, bunlar genellikle olduk\u00e7a pahal\u0131d\u0131r.<\/p>\n\n\n\n<p>Bu nedenle, blockchain teknolojisi, mevcut s\u0131n\u0131r \u00f6tesi \u00f6deme s\u00fcre\u00e7lerine potansiyel olarak daha h\u0131zl\u0131 ve daha ucuz bir alternatif olarak \u00f6ne \u00e7\u0131kmaktad\u0131r. Geleneksel para transferi maliyetleri, transfer tutar\u0131n\u0131n %20&#8217;sine kadar \u00e7\u0131kabilirken, blockchain teknolojisi, maliyetlerin yaln\u0131zca k\u00fc\u00e7\u00fck bir k\u0131sm\u0131yla ve garantili, ger\u00e7ek zamanl\u0131 i\u015flem i\u015fleme oranlar\u0131yla \u00f6deme i\u015flemlerini ger\u00e7ekle\u015ftirebilir.<\/p>\n\n\n\n<p>Kar\u015f\u0131la\u015f\u0131lacak engeller, farkl\u0131 b\u00f6lgelerin kripto para birimlerini d\u00fczenleme \u015fekilleri ve g\u00fcvenlik endi\u015feleri gibi zorluklar olsa da, bu, blockchain teknolojisi i\u00e7in en ilgi \u00e7ekici ve en \u00e7ok tart\u0131\u015f\u0131lan uygulamalardan biridir.<\/p>\n\n\n\n<p><em>Blockchain teknolojisinin kullan\u0131mlar\u0131 olduk\u00e7a geni\u015ftir ve bir\u00e7ok sekt\u00f6re yay\u0131lmaktad\u0131r. Kimlik y\u00f6netimi, ak\u0131ll\u0131 s\u00f6zle\u015fmeler, tedarik zinciri analizi gibi g\u00f6revleri kolayca m\u00fcmk\u00fcn k\u0131lm\u0131\u015ft\u0131r. Muhtemelen, blockchain teknolojisinin tam potansiyeli hen\u00fcz ke\u015ffedilmemi\u015ftir.<\/em><\/p>\n\n\n\n<h2 class=\"wp-block-heading\">Ba\u011flayal\u0131m!<\/h2>\n\n\n\n<p>Teknoloji hala erken a\u015famalar\u0131nda olmas\u0131na ra\u011fmen, \u015fu anda pop\u00fclerli\u011finin zirvesinde. Blockchain teknolojisine \u015fimdi yat\u0131r\u0131m yapmak, uzun vadede size fayda sa\u011flayacakt\u0131r. Rekabetin nispeten d\u00fc\u015f\u00fck oldu\u011fu bu d\u00f6nemde \u00f6ne \u00e7\u0131kmak isterseniz, yetenekli i\u00e7 blockchain geli\u015ftiricilerine sahip Idea Usher, size her ad\u0131mda yard\u0131mc\u0131 olacakt\u0131r. Ekibimiz, verilen zaman diliminde en iyi \u015fekilde talep \u00fczerine blockchain \u00e7\u00f6z\u00fcmleri sunma konusunda uzmanla\u015fm\u0131\u015ft\u0131r. \u015e\u00fcphesiz, blockchain teknolojisinin avantajlar\u0131 g\u00f6z ard\u0131 edilemez. Bu, d\u00fcnya \u00e7ap\u0131ndaki i\u015fletmeleri daha fazla yat\u0131r\u0131m yapmaya ikna edecektir.<\/p>\n\n\n\n<h4 class=\"wp-block-heading has-text-align-right\"><strong><a href=\"https:\/\/ozganyapi.com\/index.php\/insaat\/\">Sekt\u00f6rler<\/a><\/strong><\/h4>\n","protected":false},"excerpt":{"rendered":"<p>Tamamlanan T\u00fcm Projeleri G\u00f6rmek \u0130\u00e7in T\u0131klay\u0131n\u0131z 2025 y\u0131l\u0131nda teknolojilerin farkl\u0131 \u00f6l\u00e7eklerdeki uygulamalardaki tahmini potansiyel ekonomik etkisi, $ trilyon. Blockchain teknolojisindeki g\u00fcvenlik, ba\u011flant\u0131 ve \u015feffafl\u0131k, parlak<span class=\"more-button\"><a href=\"https:\/\/ozganyapi.com\/index.php\/technology\/\" class=\"more-link\">Continue reading<span class=\"screen-reader-text\">TEKNOLOJ\u0130<\/span><\/a><\/span><\/p>\n","protected":false},"author":1,"featured_media":0,"parent":0,"menu_order":0,"comment_status":"closed","ping_status":"closed","template":"","meta":{"footnotes":""},"class_list":["post-53","page","type-page","status-publish","hentry"],"_links":{"self":[{"href":"https:\/\/ozganyapi.com\/index.php\/wp-json\/wp\/v2\/pages\/53","targetHints":{"allow":["GET"]}}],"collection":[{"href":"https:\/\/ozganyapi.com\/index.php\/wp-json\/wp\/v2\/pages"}],"about":[{"href":"https:\/\/ozganyapi.com\/index.php\/wp-json\/wp\/v2\/types\/page"}],"author":[{"embeddable":true,"href":"https:\/\/ozganyapi.com\/index.php\/wp-json\/wp\/v2\/users\/1"}],"replies":[{"embeddable":true,"href":"https:\/\/ozganyapi.com\/index.php\/wp-json\/wp\/v2\/comments?post=53"}],"version-history":[{"count":12,"href":"https:\/\/ozganyapi.com\/index.php\/wp-json\/wp\/v2\/pages\/53\/revisions"}],"predecessor-version":[{"id":466,"href":"https:\/\/ozganyapi.com\/index.php\/wp-json\/wp\/v2\/pages\/53\/revisions\/466"}],"wp:attachment":[{"href":"https:\/\/ozganyapi.com\/index.php\/wp-json\/wp\/v2\/media?parent=53"}],"curies":[{"name":"wp","href":"https:\/\/api.w.org\/{rel}","templated":true}]}}