{"id":54,"date":"2024-10-01T05:49:16","date_gmt":"2024-10-01T02:49:16","guid":{"rendered":"https:\/\/ozganyapi.com\/?page_id=54"},"modified":"2025-01-27T21:39:53","modified_gmt":"2025-01-27T18:39:53","slug":"agriculture","status":"publish","type":"page","link":"https:\/\/ozganyapi.com\/index.php\/agriculture\/","title":{"rendered":"TARIM"},"content":{"rendered":"\n<h3 class=\"wp-block-heading has-text-align-center\"><a href=\"https:\/\/ozganyapi.com\/index.php\/all-completed-project-3\/\">Tamamlanan T\u00fcm Projeleri G\u00f6rmek \u0130\u00e7in T\u0131klay\u0131n\u0131z<\/a><\/h3>\n\n\n\n<p><\/p>\n\n\n\n<h2 class=\"wp-block-heading\">G\u00fcbre Pazar B\u00fcy\u00fckl\u00fc\u011f\u00fc<\/h2>\n\n\n\n<p>\nFertilizer Pazar\u0131n\u0131n b\u00fcy\u00fckl\u00fc\u011f\u00fc 2023&#8217;te 202 milyar USD olarak de\u011ferlendirildi ve 2024 ile 2032 y\u0131llar\u0131 aras\u0131nda %2,7&#8217;den fazla bir bile\u015fik y\u0131ll\u0131k b\u00fcy\u00fcme oran\u0131 (CAGR) kaydetmesi bekleniyor. Pazar, tar\u0131m end\u00fcstrisinin \u00f6nemli bir bile\u015fenidir ve tar\u0131m \u00fcr\u00fcnlerinin verimini art\u0131rma ve g\u0131da g\u00fcvenli\u011fini sa\u011flama konusunda kilit bir rol oynamaktad\u0131r. Artan k\u00fcresel n\u00fcfus ve g\u0131da \u00fcretimine olan talebin artmas\u0131yla birlikte, pazar \u00f6nemli bir b\u00fcy\u00fcme g\u00f6stermi\u015ftir.<\/p>\n\n\n\n<figure class=\"wp-block-image\"><img decoding=\"async\" src=\"https:\/\/gurkankalkan.com\/wp-content\/uploads\/2024\/08\/image-5.png\" alt=\"\" class=\"wp-image-431\"\/><\/figure>\n\n\n\n<h3 class=\"wp-block-heading\">Temel pazar trendlerini elde etmek i\u00e7in<\/h3>\n\n\n\n<p>Azot bazl\u0131 g\u00fcbreler, fosfatlar ve potas, bu pazar\u0131 y\u00f6nlendiren ana \u00fcr\u00fcnler aras\u0131nda yer al\u0131r ve \u00e7e\u015fitli tar\u0131m \u00fcr\u00fcnleri ile toprak tiplerine hitap eder. Tar\u0131m sekt\u00f6rlerini geni\u015fleten geli\u015fmekte olan ekonomiler, pazar\u0131n geni\u015flemesine \u00f6nemli \u00f6l\u00e7\u00fcde katk\u0131da bulunmaktad\u0131r. Ancak, g\u00fcbre kullan\u0131m\u0131ndan kaynaklanan besin maddesi ak\u0131\u015f\u0131 ve sera gaz\u0131 emisyonlar\u0131yla ilgili \u00e7evresel endi\u015feler, s\u00fcrd\u00fcr\u00fclebilir ve hassas tar\u0131m uygulamalar\u0131na artan bir odaklanmaya yol a\u00e7m\u0131\u015ft\u0131r. Pazar, bu zorluklara yan\u0131t olarak besin form\u00fclasyonlar\u0131 ve teknolojilerinde yenilikler g\u00f6rmektedir. Tar\u0131m s\u00fcrekli geli\u015fmeye devam ederken, pazar, de\u011fi\u015fen d\u00fcnyadaki artan talepleri kar\u015f\u0131lamak i\u00e7in dinamik bir sekt\u00f6r olarak \u015fekillenmeye devam etmektedir.<\/p>\n\n\n\n<p>Artan n\u00fcfus ve artan g\u0131da talebi, g\u00fcbre pazar\u0131n\u0131n geni\u015flemesine yol a\u00e7acakt\u0131r. G\u00fcbreler, s\u0131n\u0131rl\u0131 alanlarda daha y\u00fcksek \u00fcr\u00fcn \u00fcretimi ve toprak besin maddelerinin artan eri\u015filebilirli\u011fi gibi avantajlar sunar. Suya \u00e7\u00f6z\u00fcnebilen g\u00fcbreler gibi geli\u015fmi\u015f g\u00fcbrelerin geli\u015ftirilmesi, \u00e7ift\u00e7ilerin bunlar\u0131 daha verimli bir \u015fekilde kullanmalar\u0131na olanak tan\u0131yarak, a\u015f\u0131r\u0131 g\u00fcbre kullan\u0131m\u0131n\u0131n riskini minimize etmelerini sa\u011flam\u0131\u015ft\u0131r. Bir\u00e7ok end\u00fcstri oyuncusu, d\u00fcnya \u00e7ap\u0131nda yeni sat\u0131\u015f ve pazarlama tesisleri kurarak b\u00f6lgesel eri\u015fimlerini geni\u015fletmeye odaklanmaktad\u0131r. Ayr\u0131ca, end\u00fcstri oyuncular\u0131 karl\u0131l\u0131klar\u0131n\u0131 art\u0131rmak ve sekt\u00f6r\u00fc ilerletmek i\u00e7in birle\u015fme ve devralmalar ile yeni \u00fcr\u00fcn geli\u015ftirme gibi \u00f6nemli stratejiler benimsemektedirler.<\/p>\n\n\n\n<h2 class=\"wp-block-heading\">G\u00fcbre Pazar\u0131 Trendleri<\/h2>\n\n\n\n<p>Pazar, geli\u015fen tar\u0131m uygulamalar\u0131 ve \u00e7evresel fakt\u00f6rlerden kaynaklanan \u00f6nemli e\u011filimlerle \u015fekilleniyor. S\u00fcrd\u00fcr\u00fclebilir tar\u0131m, organik ve biyolojik bazl\u0131 g\u00fcbrelerin talebinin artmas\u0131na yol a\u00e7an \u00f6ne \u00e7\u0131kan bir e\u011filimdir. Bu alternatifler, toprak sa\u011fl\u0131\u011f\u0131n\u0131 destekler, \u00e7evresel etkileri azalt\u0131r ve \u00e7evre dostu tar\u0131m uygulamalar\u0131na olan artan tercihle uyumludur. Hassas tar\u0131m, g\u00fcbre uygulamalar\u0131n\u0131 optimize etmek i\u00e7in teknolojinin entegrasyonuyla \u00f6nemli bir di\u011fer e\u011filimdir.\n\nGeli\u015fmi\u015f sens\u00f6rler, dronlar ve veri analiti\u011fi, \u00e7ift\u00e7ilere g\u00fcbre kullan\u0131m\u0131n\u0131 belirli \u00fcr\u00fcn ihtiya\u00e7lar\u0131na g\u00f6re uyarlama imkan\u0131 tan\u0131yarak verimlili\u011fi art\u0131r\u0131r ve at\u0131\u011f\u0131 minimize eder. Bu e\u011filim, tar\u0131mda dijital d\u00f6n\u00fc\u015f\u00fcmle uyumlu olarak hassasiyet ve kaynak optimizasyonunu te\u015fvik eder. Ayr\u0131ca, toprak sa\u011fl\u0131\u011f\u0131n\u0131 ele almak ve besin dengesizliklerini \u00f6nlemek i\u00e7in besin y\u00f6netimi ve dengeli g\u00fcbreleme \u00fczerinde artan bir vurgu bulunmaktad\u0131r. Bu yakla\u015f\u0131m, farkl\u0131 \u00fcr\u00fcnler ve toprak tiplerinin tam ihtiya\u00e7lar\u0131n\u0131 kar\u015f\u0131lamak i\u00e7in g\u00fcbrelerin daha stratejik bir \u015fekilde kullan\u0131lmas\u0131n\u0131 i\u00e7erir.<\/p>\n\n\n\n<h3 class=\"wp-block-heading\">G\u00fcbre Pazar Analizi<\/h3>\n\n\n\n<figure class=\"wp-block-image\"><img decoding=\"async\" src=\"https:\/\/gurkankalkan.com\/wp-content\/uploads\/2024\/08\/image-6.png\" alt=\"\" class=\"wp-image-432\"\/><\/figure>\n\n\n\n<p><br>Pazar, form a\u00e7\u0131s\u0131ndan kuru ve s\u0131v\u0131 g\u00fcbreler olarak ikiye ayr\u0131lmaktad\u0131r. Kuru g\u00fcbreler, 2023 y\u0131l\u0131nda 169 milyar USD&#8217;lik pazar pay\u0131 ile dominant bir pazar pay\u0131na sahip olmu\u015ftur. Kuru g\u00fcbre, \u00e7ok y\u00f6nl\u00fcl\u00fc\u011f\u00fc ve \u00e7e\u015fitli tar\u0131m uygulamalar\u0131ndaki yayg\u0131n kullan\u0131m\u0131 nedeniyle pazar pay\u0131n\u0131 domine etmektedir. Dijital ara\u00e7lar\u0131 hedefli uygulamalar i\u00e7in entegre eden hassas tar\u0131m, kuru g\u00fcbre kullan\u0131m\u0131n\u0131 optimize etmektedir. Besin verimlili\u011fine artan vurgu ve \u00e7evresel etkiyi azaltma \u00e7abalar\u0131, g\u00fcbre form\u00fclasyonlar\u0131nda yeniliklere yol a\u00e7maktad\u0131r. \u00c7evre dostu tar\u0131m uygulamalar\u0131na odaklanarak, kuru g\u00fcbre modern tar\u0131m\u0131n taleplerini kar\u015f\u0131lamak ve s\u00fcrd\u00fcr\u00fclebilirlik endi\u015felerini ele almak i\u00e7in evrilmektedir.<\/p>\n\n\n\n<figure class=\"wp-block-image\"><img decoding=\"async\" src=\"https:\/\/gurkankalkan.com\/wp-content\/uploads\/2024\/08\/image-7.png\" alt=\"\" class=\"wp-image-433\"\/><\/figure>\n\n\n\n<p>Uygulama baz\u0131nda, g\u00fcbre pazar\u0131 tar\u0131m, bah\u00e7ecilik, peyzaj ve di\u011fer kategorilere ayr\u0131lmaktad\u0131r. Tar\u0131m, 2023 y\u0131l\u0131nda %42&#8217;den fazla pazar pay\u0131na sahip olup, 2032 y\u0131l\u0131na kadar b\u00fcy\u00fcmesi beklenmektedir. GPS destekli ekipmanlar ve sens\u00f6rler gibi hassas tar\u0131m teknolojilerinin artan benimsenmesi, g\u00fcbre kullan\u0131m\u0131n\u0131 etkileyerek besin verimlili\u011fini optimize etmektedir. \u00c7evresel etkiler konusunda artan fark\u0131ndal\u0131k, s\u00fcrd\u00fcr\u00fclebilir uygulamalara do\u011fru bir kay\u0131\u015fa yol a\u00e7m\u0131\u015f, organik ve biyolojik g\u00fcbreler, \u00f6rt\u00fc bitkileri kullan\u0131m\u0131 ve kimyasal girdilerin azalt\u0131lmas\u0131na odaklan\u0131lmaktad\u0131r.<\/p>\n\n\n\n<figure class=\"wp-block-image\"><img decoding=\"async\" src=\"https:\/\/gurkankalkan.com\/wp-content\/uploads\/2024\/08\/image-8.png\" alt=\"\" class=\"wp-image-434\"\/><\/figure>\n\n\n\n<p>Asya Pasifik, 2023 y\u0131l\u0131nda k\u00fcresel g\u00fcbre pazar\u0131na h\u00e2kim olmu\u015ftur. Asya Pasifik, 2023&#8217;te 101 milyar USD&#8217;nin \u00fczerinde gelir elde etmi\u015ftir. Asya Pasifik b\u00f6lgesi, k\u00fcresel pazarda \u00f6nemli bir g\u00fc\u00e7 haline gelerek dinamiklerini \u015fekillendirmede kilit bir rol oynamaktad\u0131r. Bu h\u00e2kimiyete katk\u0131da bulunan birka\u00e7 fakt\u00f6r bulunmaktad\u0131r. B\u00f6lge, \u00c7in ve Hindistan gibi d\u00fcnyan\u0131n en kalabal\u0131k \u00fclkelerini bar\u0131nd\u0131rmakta olup, b\u00fcy\u00fck bir tar\u0131msal faaliyet yaratmakta ve \u00fcr\u00fcn verimlili\u011fini art\u0131rmak amac\u0131yla g\u00fcbre talebini art\u0131rmaktad\u0131r.<\/p>\n\n\n\n<p>Ayr\u0131ca, Asya Pasifik&#8217;teki tar\u0131msal peyzaj \u00e7e\u015fitlidir ve \u00e7ok say\u0131da farkl\u0131 \u00fcr\u00fcn ve tar\u0131m prati\u011fini kapsamaktad\u0131r. Bu \u00e7e\u015fitlilik, belirli toprak ve \u00fcr\u00fcn gereksinimlerine uygun farkl\u0131 g\u00fcbre t\u00fcrlerine olan talebi art\u0131rarak b\u00f6lgesel pazar\u0131 daha da g\u00fc\u00e7lendirmektedir. Modern tar\u0131m uygulamalar\u0131n\u0131n ve teknolojilerinin, hassas tar\u0131m ve kontroll\u00fc sal\u0131n\u0131m g\u00fcbreleri gibi y\u00f6ntemlerin benimsenmesi artmaktad\u0131r ve bu durum, g\u00fcbre kullan\u0131m\u0131nda verimlili\u011fi ve s\u00fcrd\u00fcr\u00fclebilirli\u011fi art\u0131rmaya katk\u0131 sa\u011flamaktad\u0131r.<\/p>\n\n\n\n<h3 class=\"wp-block-heading\">G\u00fcbre Pazar Pay\u0131<\/h3>\n\n\n\n<figure class=\"wp-block-image\"><img decoding=\"async\" src=\"https:\/\/gurkankalkan.com\/wp-content\/uploads\/2024\/08\/image-9.png\" alt=\"\" class=\"wp-image-435\"\/><\/figure>\n\n\n\n<p>Pazar, Yara International ASA, SABIC gibi b\u00fcy\u00fck oyuncular\u0131n bulundu\u011fu, orta derecede bir yo\u011funla\u015fma sergilemektedir. Ancak, pazar\u0131n b\u00fcy\u00fck bir k\u0131sm\u0131 (yakla\u015f\u0131k %55-60) daha k\u00fc\u00e7\u00fck \u015firketler ve b\u00f6lgesel oyunculardan gelmektedir, bu da par\u00e7alanm\u0131\u015f bir manzara olu\u015fturur. B\u00fcy\u00fck oyuncular, hacim ve karma\u015f\u0131kl\u0131\u011fa dayal\u0131 olarak farkl\u0131 fiyat noktalar\u0131 sunmaktad\u0131r. Da\u011f\u0131t\u0131m a\u011flar\u0131, verimli tedarik zinciri y\u00f6netimi ve zaman\u0131nda teslimat sa\u011flama a\u00e7\u0131s\u0131ndan \u00f6nemli bir odak noktas\u0131d\u0131r.<\/p>\n\n\n\n<p>End\u00fcstri, hammadde fiyatlar\u0131ndaki volatilite, d\u00fczenleyici de\u011fi\u015fiklikler ve g\u00fcbre kullan\u0131m\u0131na ba\u011fl\u0131 \u00e7evresel sorunlar\u0131 ele alma gereklili\u011fi gibi zorluklarla kar\u015f\u0131la\u015ft\u0131. Genel olarak, g\u00fcbre pazar\u0131ndaki rekabet\u00e7i manzara, k\u00fcresel devler ve b\u00f6lgesel oyuncular aras\u0131ndaki dengeyi yans\u0131tt\u0131; pazar pay\u0131n\u0131 korumak ve artan k\u00fcresel tar\u0131m girdisi talebini kar\u015f\u0131lamak i\u00e7in s\u00fcrekli yenilik, s\u00fcrd\u00fcr\u00fclebilirlik ve stratejik ortakl\u0131klara odaklan\u0131lmaktad\u0131r.<\/p>\n\n\n\n<h4 class=\"wp-block-heading has-text-align-right\"><strong><a href=\"https:\/\/ozganyapi.com\/index.php\/insaat\/\">Sekt\u00f6rler<\/a><\/strong><\/h4>\n","protected":false},"excerpt":{"rendered":"<p>Tamamlanan T\u00fcm Projeleri G\u00f6rmek \u0130\u00e7in T\u0131klay\u0131n\u0131z G\u00fcbre Pazar B\u00fcy\u00fckl\u00fc\u011f\u00fc Fertilizer Pazar\u0131n\u0131n b\u00fcy\u00fckl\u00fc\u011f\u00fc 2023&#8217;te 202 milyar USD olarak de\u011ferlendirildi ve 2024 ile 2032 y\u0131llar\u0131 aras\u0131nda %2,7&#8217;den<span class=\"more-button\"><a href=\"https:\/\/ozganyapi.com\/index.php\/agriculture\/\" class=\"more-link\">Continue reading<span class=\"screen-reader-text\">TARIM<\/span><\/a><\/span><\/p>\n","protected":false},"author":1,"featured_media":0,"parent":0,"menu_order":0,"comment_status":"closed","ping_status":"closed","template":"","meta":{"footnotes":""},"class_list":["post-54","page","type-page","status-publish","hentry"],"_links":{"self":[{"href":"https:\/\/ozganyapi.com\/index.php\/wp-json\/wp\/v2\/pages\/54","targetHints":{"allow":["GET"]}}],"collection":[{"href":"https:\/\/ozganyapi.com\/index.php\/wp-json\/wp\/v2\/pages"}],"about":[{"href":"https:\/\/ozganyapi.com\/index.php\/wp-json\/wp\/v2\/types\/page"}],"author":[{"embeddable":true,"href":"https:\/\/ozganyapi.com\/index.php\/wp-json\/wp\/v2\/users\/1"}],"replies":[{"embeddable":true,"href":"https:\/\/ozganyapi.com\/index.php\/wp-json\/wp\/v2\/comments?post=54"}],"version-history":[{"count":8,"href":"https:\/\/ozganyapi.com\/index.php\/wp-json\/wp\/v2\/pages\/54\/revisions"}],"predecessor-version":[{"id":470,"href":"https:\/\/ozganyapi.com\/index.php\/wp-json\/wp\/v2\/pages\/54\/revisions\/470"}],"wp:attachment":[{"href":"https:\/\/ozganyapi.com\/index.php\/wp-json\/wp\/v2\/media?parent=54"}],"curies":[{"name":"wp","href":"https:\/\/api.w.org\/{rel}","templated":true}]}}