{"id":56,"date":"2024-10-01T05:49:16","date_gmt":"2024-10-01T02:49:16","guid":{"rendered":"https:\/\/ozganyapi.com\/?page_id=56"},"modified":"2025-01-27T22:40:46","modified_gmt":"2025-01-27T19:40:46","slug":"energy","status":"publish","type":"page","link":"https:\/\/ozganyapi.com\/index.php\/energy\/","title":{"rendered":"Enerji ve Maden"},"content":{"rendered":"\n<h3 class=\"wp-block-heading has-text-align-center\"><a href=\"https:\/\/ozganyapi.com\/index.php\/all-completed-project-4\/\">Tamamlanan T\u00fcm Projeleri G\u00f6rmek \u0130\u00e7in T\u0131klay\u0131n\u0131z<\/a><\/h3>\n\n\n\n<p><\/p>\n\n\n\n<figure class=\"wp-block-image\"><img decoding=\"async\" src=\"https:\/\/gurkankalkan.com\/wp-content\/uploads\/2024\/08\/2-1024x723.webp\" alt=\"\" class=\"wp-image-484\"\/><\/figure>\n\n\n\n<p>K\u00fcresel enerji ge\u00e7i\u015fi s\u0131ras\u0131nda, \u015firketler ve h\u00fck\u00fcmetler, enerji kaynaklar\u0131m\u0131z\u0131 karbonsuz hale getirmek i\u00e7in bilin\u00e7li olarak yollar in\u015fa ediyor. Bu \u00e7abalar, ne kadar h\u0131zl\u0131 yenilenebilir enerji kaynaklar\u0131n\u0131 benimseyece\u011fimize ba\u011fl\u0131d\u0131r, ancak yenilenebilir enerjiye dayal\u0131 teknolojiler bile b\u00fcy\u00fck miktarda malzeme, metal ve mineraller gerektirir. Aksine, bu teknolojiler, geleneksel fosil yak\u0131tl\u0131 sistemlere k\u0131yasla daha malzeme yo\u011fun olup, k\u00fcresel karbonsuzla\u015fma \u00e7abalar\u0131nda \u00f6nemli bir uyar\u0131 olu\u015fturuyor.<\/p>\n\n\n\n<p>Bu temiz enerji ge\u00e7i\u015fi malzeme talebini art\u0131r\u0131rken, madencilik sekt\u00f6r\u00fc mevcut durumu ile buna ayak uydurmakta zorlan\u0131yor. Cevher yataklar\u0131n\u0131n durumu de\u011fi\u015fiyor ve son birka\u00e7 on y\u0131ld\u0131r sekt\u00f6r\u00fc ayakta tutan teknolojiler ile s\u00fcre\u00e7ler giderek daha fazla enerji, su ve \u00e7evresel kaynak t\u00fcketen hale geliyor. Temiz enerjinin daha eri\u015filebilir hale gelmesi i\u00e7in ger\u00e7ek bir ilerleme kaydedebilmek ad\u0131na, madencilik end\u00fcstrisinin anlaml\u0131 bir d\u00f6n\u00fc\u015f\u00fcm ge\u00e7irmesi gerekiyor.<\/p>\n\n\n\n<h3 class=\"wp-block-heading\"><strong>2022 y\u0131l\u0131nda k\u00fcresel yenilenebilir enerji madencilik end\u00fcstrisi pazar\u0131 1,4 milyar USD olarak de\u011ferlenmi\u015f olup, 2023 ile 2032 y\u0131llar\u0131 aras\u0131nda y\u0131ll\u0131k %8,4&#8217;l\u00fck bir bile\u015fik y\u0131ll\u0131k b\u00fcy\u00fcme oran\u0131 (CAGR) ile 2032 y\u0131l\u0131na kadar 3,4 milyar USD&#8217;lik bir piyasa b\u00fcy\u00fckl\u00fc\u011f\u00fcne ula\u015fmas\u0131 beklenmektedir.<\/strong><\/h3>\n\n\n\n<h3 class=\"wp-block-heading\"><strong>Madencilik Sekt\u00f6r\u00fcnde Yenilenebilir Enerji \u00d6nemli Noktalar<\/strong><\/h3>\n\n\n\n<ul class=\"wp-block-list\">\n<li>K\u00fcresel yenilenebilir enerji madencilik pazar\u0131n\u0131n geliri, 2023 ile 2032 y\u0131llar\u0131 aras\u0131nda y\u0131ll\u0131k %8,4&#8217;l\u00fck bir bile\u015fik y\u0131ll\u0131k b\u00fcy\u00fcme oran\u0131 (CAGR) ile 2032 y\u0131l\u0131na kadar 3,4 milyar USD artmas\u0131 beklenmektedir.<\/li>\n\n\n\n<li>Asya-Pasifik b\u00f6lgesi, 2022 y\u0131l\u0131nda madencilik end\u00fcstrisinde yenilenebilir enerjinin pazar pay\u0131n\u0131n %39&#8217;undan fazlas\u0131n\u0131 elinde bulunduruyordu.<\/li>\n\n\n\n<li>Ara\u015ft\u0131rmalara g\u00f6re, madencilik end\u00fcstrisi, d\u00fcnya genelindeki enerji t\u00fcketiminin yakla\u015f\u0131k %11&#8217;ini olu\u015fturarak d\u00fcnyan\u0131n en b\u00fcy\u00fck enerji t\u00fcketicilerinden biridir.<\/li>\n\n\n\n<li>Uluslararas\u0131 Yenilenebilir Enerji Ajans\u0131 (IRENA), madencilik end\u00fcstrisindeki yenilenebilir enerji kurulumunun 2030 y\u0131l\u0131na kadar 8.000 MW&#8217;ye ula\u015fabilece\u011fini tahmin etmektedir.<\/li>\n\n\n\n<li>T\u00fcr\u00fcne g\u00f6re, 2022&#8217;de g\u00fcne\u015f enerjisi segmenti en b\u00fcy\u00fck pazar pay\u0131n\u0131 elinde bulundurmu\u015ftur.<\/li>\n\n\n\n<li>Yenilenebilir enerji kaynaklar\u0131n\u0131n artan benimsenmesi, madencilik end\u00fcstrisindeki yenilenebilir enerji pazar de\u011ferini art\u0131rmaktad\u0131r.<\/li>\n<\/ul>\n\n\n\n<figure class=\"wp-block-image\"><img decoding=\"async\" src=\"https:\/\/gurkankalkan.com\/wp-content\/uploads\/2024\/08\/image-16-1024x576.png\" alt=\"\" class=\"wp-image-486\"\/><\/figure>\n\n\n\n<p>Madencilikte yenilenebilir enerji, madencilik operasyonlar\u0131n\u0131 g\u00fc\u00e7lendirmek, sera gaz\u0131 emisyonlar\u0131n\u0131 azaltmak ve enerji maliyetlerini d\u00fc\u015f\u00fcrmek i\u00e7in temiz ve s\u00fcrd\u00fcr\u00fclebilir enerji kaynaklar\u0131n\u0131n kullan\u0131lmas\u0131n\u0131 ifade eder. Madencilik end\u00fcstrisi, k\u00fcresel \u00f6l\u00e7ekte enerji t\u00fcketiminin en b\u00fcy\u00fck pay\u0131na sahip sekt\u00f6rlerden biridir ve \u00f6nemli bir karbon dioksit emisyonu kayna\u011f\u0131d\u0131r. Bu nedenle, madencilik end\u00fcstrisinde yenilenebilir enerji kaynaklar\u0131na ge\u00e7i\u015f, \u00e7evresel endi\u015feleri ele almak, operasyonel maliyetleri d\u00fc\u015f\u00fcrmek ve enerji g\u00fcvenli\u011fini art\u0131rmak i\u00e7in giderek daha \u00f6nemli hale gelmektedir.<\/p>\n\n\n\n<p>Son y\u0131llarda, madencilikte yenilenebilir enerji pazar\u0131nda \u00f6nemli bir b\u00fcy\u00fcme ya\u015fanm\u0131\u015ft\u0131r. Madencilik end\u00fcstrisinde yenilenebilir enerji teknolojilerinin benimsenmesi, h\u00fck\u00fcmet te\u015fvikleri, artan enerji maliyetleri ve payda\u015flardan sera gaz\u0131 emisyonlar\u0131n\u0131 azaltma y\u00f6n\u00fcnde artan bask\u0131lar gibi birka\u00e7 fakt\u00f6rden etkilenmi\u015ftir. Ayr\u0131ca, g\u00fcne\u015f, r\u00fczgar ve jeotermal gibi yenilenebilir enerji teknolojilerindeki ilerlemeler, bunlar\u0131 madencilik \u015firketleri i\u00e7in daha eri\u015filebilir ve maliyet etkin hale getirmi\u015ftir. Bunun sonucunda, bir\u00e7ok madencilik \u015firketi yenilenebilir enerjiye ge\u00e7i\u015f i\u00e7in iddial\u0131 hedefler belirleyerek, madencilik operasyonlar\u0131nda yenilenebilir enerji kaynaklar\u0131n\u0131n entegrasyonuna y\u00f6nelik artan bir e\u011filim g\u00f6zlemlenmi\u015ftir.<\/p>\n\n\n\n<figure class=\"wp-block-image\"><img decoding=\"async\" src=\"https:\/\/www.acumenresearchandconsulting.com\/reportimages\/Infography-2_Madencilik Sekt\u00f6r\u00fcnde K\u00fcresel Yenilenebilir Enerji Pazar\u0131-1.jpg\" alt=\"Madencilik Sekt\u00f6r\u00fcnde Yenilenebilir Enerji Pazar Dinamikleri\" title=\"Madencilik Sekt\u00f6r\u00fcnde Yenilenebilir Enerji Pazar Pay\u0131\"\/><\/figure>\n\n\n\n<h3 class=\"wp-block-heading\">K\u00fcresel Madencilik Sekt\u00f6r\u00fcnde Yenilenebilir Enerji Pazar E\u011filimleri<\/h3>\n\n\n\n<h4 class=\"wp-block-heading\">Pazar Etkenleri<\/h4>\n\n\n\n<ul class=\"wp-block-list\">\n<li>Madencilikte yenilenebilir enerji kullan\u0131m\u0131n\u0131 te\u015fvik eden devlet te\u015fvikleri ve politikalar\u0131<\/li>\n\n\n\n<li>Karbon ayak izini azaltmak i\u00e7in payda\u015flar\u0131n artan bask\u0131s\u0131<\/li>\n\n\n\n<li>Yenilenebilir enerji teknolojilerindeki geli\u015fmeler, bunlar\u0131n daha uygun maliyetli ve eri\u015filebilir hale gelmesi<\/li>\n\n\n\n<li>Mineral ve metallere y\u00f6nelik artan talep<\/li>\n<\/ul>\n\n\n\n<h4 class=\"wp-block-heading\">Pazar K\u0131s\u0131tlamalar\u0131<\/h4>\n\n\n\n<ul class=\"wp-block-list\">\n<li>Y\u00fcksek ilk yat\u0131r\u0131m maliyetleri<\/li>\n\n\n\n<li>Uzak madencilik b\u00f6lgelerinde altyap\u0131 ve iletim olanaklar\u0131n\u0131n eksikli\u011fi<\/li>\n<\/ul>\n\n\n\n<h4 class=\"wp-block-heading\">Pazar F\u0131rsatlar\u0131<\/h4>\n\n\n\n<ul class=\"wp-block-list\">\n<li>Madencilik faaliyetlerinde yenilenebilir enerji sistemlerinin verimlili\u011fini ve g\u00fcvenilirli\u011fini art\u0131rmak i\u00e7in yeni teknolojilerin geli\u015ftirilmesi<\/li>\n\n\n\n<li>Batarya ve pompaj depolamal\u0131 hidroelektrik gibi enerji depolama \u00e7\u00f6z\u00fcmlerinin benimsenmesi<\/li>\n<\/ul>\n\n\n\n<h4 class=\"wp-block-heading\">Madencilik Sekt\u00f6r\u00fcnde Yenilenebilir Enerji Pazar Raporu Kapsam\u0131<\/h4>\n\n\n\n<figure class=\"wp-block-table\"><table class=\"has-fixed-layout\"><tbody><tr><td><strong>Market<\/strong><\/td><td><strong>Renewable Energy in Mining Industry Market<\/strong><\/td><\/tr><tr><td><strong>Renewable Energy in Mining Industry Market&nbsp;<\/strong><strong>Size 2022<\/strong><\/td><td>USD 1.4 Billion<\/td><\/tr><tr><td><strong>Renewable Energy in Mining Industry Market&nbsp;Forecast<\/strong><strong>&nbsp;2032<\/strong><\/td><td>USD 3.4 Billion<\/td><\/tr><tr><td><strong>Renewable Energy in Mining Industry Market&nbsp;<\/strong><strong>CAGR During 2023 \u2013 2032<\/strong><\/td><td>8.4 %<\/td><\/tr><tr><td><strong>Renewable Energy in Mining Industry Market&nbsp;<\/strong><strong>Analysis Period<\/strong><\/td><td>2020 \u2013 2032<\/td><\/tr><tr><td><strong>Renewable Energy in Mining Industry Market&nbsp;<\/strong><strong>Base Year<\/strong><\/td><td>2022<\/td><\/tr><tr><td><strong>Renewable Energy in Mining Industry Market&nbsp;<\/strong><strong>Forecast Data<\/strong><\/td><td>2023 \u2013 2032<\/td><\/tr><tr><td><strong>Segments Covered<\/strong><\/td><td>By Type, And By&nbsp;Geography<\/td><\/tr><tr><td><strong>Regional Scope<\/strong><\/td><td>North America, Europe, Asia Pacific, Latin America, and Middle East &amp; Africa<\/td><\/tr><tr><td><strong>Key Companies Profiled<\/strong><\/td><td>ABB Ltd., Enel Green Power, General Electric, Siemens AG, EDF Energies Nouvelles, First Solar Inc., SunPower Corporation, Canadian Solar Inc., Suntech Power Holdings Co., Ltd., Yingli Solar, Vestas Wind Systems A\/S, and Goldwind Science and Technology Co., Ltd.<\/td><\/tr><tr><td><strong>Report Coverage<\/strong><strong><\/strong><\/td><td>Market Trends, Drivers, Restraints, Competitive Analysis, Player Profiling, Covid-19 Analysis, Regulation Analysis<\/td><\/tr><\/tbody><\/table><\/figure>\n\n\n\n<h4 class=\"wp-block-heading\">Madencilik Sekt\u00f6r\u00fcnde Yenilenebilir Enerji Pazar Dinamikleri<\/h4>\n\n\n\n<p>\nEnerji, madencilik end\u00fcstrisinin \u00f6nemli bir bile\u015fenidir. Enerji giderleri, toplam operasyonel s\u00fcre\u00e7 maliyetlerinin %20 ila %40&#8217;\u0131n\u0131 olu\u015fturur. Ayr\u0131ca, g\u00fcvenlik, g\u00fcvenilirlik ve enerji maliyetleri, bir madencilik \u015firketi i\u00e7in en \u00f6nemli g\u00f6stergelerdir. Yenilenebilir enerji, fosil yak\u0131t t\u00fcketimini azaltarak, madencili\u011fin enerji ihtiya\u00e7lar\u0131n\u0131 ekonomik bir \u015fekilde kar\u015f\u0131lamaya yard\u0131mc\u0131 olabilir. Madencilik end\u00fcstrisinde yenilenebilir enerji kullan\u0131m\u0131n\u0131n baz\u0131 faydalar\u0131 aras\u0131nda elektrik ve yak\u0131t maliyetlerinde (ta\u015f\u0131ma maliyetleri dahil) azalma, piyasa i\u00e7in ekonomik rekabet\u00e7ili\u011fin artmas\u0131 ve karbon emisyonlar\u0131n\u0131n engellenmesi yer almaktad\u0131r. Ayr\u0131ca, tedarik kesintileri nedeniyle enerji kayb\u0131 riski de azal\u0131r.<\/p>\n\n\n\n<p>Yenilenebilir enerji sekt\u00f6r\u00fc, k\u00f6m\u00fcr ve petrol gibi fosil yak\u0131tlara k\u0131yasla daha h\u0131zl\u0131 bir \u015fekilde yenilenen enerji kaynaklar\u0131n\u0131 i\u00e7erir. Yenilenebilir enerji kaynaklar\u0131 aras\u0131nda hidro, g\u00fcne\u015f, jeotermal, r\u00fczgar ve biyoyak\u0131t yer al\u0131r. Ancak, ara\u015ft\u0131rma, k\u00fcresel \u00e7apta kullan\u0131lan ve ticari olarak mevcut olan segmentlere odaklanmaktad\u0131r. Mevcut ekonomik senaryoda, yenilenebilir enerji pazar\u0131, en dinamik sekt\u00f6r olarak s\u0131ralanmaktad\u0131r. K\u00fcresel yenilenebilir enerji sekt\u00f6r\u00fcn\u00fcn \u00f6n\u00fcm\u00fczdeki birka\u00e7 y\u0131lda \u0131l\u0131ml\u0131 bir bile\u015fik y\u0131ll\u0131k b\u00fcy\u00fcme oran\u0131 (CAGR) ile artmas\u0131 beklenmektedir. Bu pazar\u0131 b\u00fcy\u00fcten fakt\u00f6rler aras\u0131nda giri\u015fim sermayedarlar\u0131, h\u00fck\u00fcmetler ve \u015firketler taraf\u0131ndan yap\u0131lan artan yat\u0131r\u0131mlar yer almaktad\u0131r. Sadece 2009 y\u0131l\u0131nda bu sekt\u00f6r\u00fcn yakla\u015f\u0131k 150 milyar dolarl\u0131k bir yat\u0131r\u0131m ald\u0131\u011f\u0131 tahmin edilmi\u015ftir. Yenilenebilir enerjinin temiz bir kaynak olarak artan fark\u0131ndal\u0131k ve fosil yak\u0131tlar\u0131n azalt\u0131lmas\u0131, yenilenebilir enerji sekt\u00f6r\u00fcn\u00fcn b\u00fcy\u00fcmesini destekleyen fakt\u00f6rlerdir.<\/p>\n\n\n\n<p>Teknolojik olarak, g\u00fcne\u015f ve r\u00fczgar hibrit sistemi madencilik end\u00fcstrisinde uygulanabilir. \u00d6rne\u011fin, kamyon konvey\u00f6rleri g\u00fcne\u015f veya r\u00fczgar enerjisi kullan\u0131larak \u00e7al\u0131\u015ft\u0131r\u0131labilir. Yenilenebilir enerji g\u00fcc\u00fcn\u00fcn geli\u015ftirilmesindeki ba\u015fl\u0131ca engeller, bunlar\u0131n in\u015fa edilmesinde gereken b\u00fcy\u00fck sermaye maliyetleridir. Ayr\u0131ca, yenilenebilir enerjinin ekonomisi \u00e7o\u011funlukla co\u011frafi fakt\u00f6rler, \u00f6zellikle r\u00fczgar ko\u015fullar\u0131 gibi etmenlerle s\u0131n\u0131rl\u0131d\u0131r.<\/p>\n\n\n\n<p><\/p>\n\n\n\n<h4 class=\"wp-block-heading has-text-align-right\"><strong><a href=\"https:\/\/ozganyapi.com\/index.php\/insaat\/\">Sekt\u00f6rler<\/a><\/strong><\/h4>\n","protected":false},"excerpt":{"rendered":"<p>Tamamlanan T\u00fcm Projeleri G\u00f6rmek \u0130\u00e7in T\u0131klay\u0131n\u0131z K\u00fcresel enerji ge\u00e7i\u015fi s\u0131ras\u0131nda, \u015firketler ve h\u00fck\u00fcmetler, enerji kaynaklar\u0131m\u0131z\u0131 karbonsuz hale getirmek i\u00e7in bilin\u00e7li olarak yollar in\u015fa ediyor. Bu<span class=\"more-button\"><a href=\"https:\/\/ozganyapi.com\/index.php\/energy\/\" class=\"more-link\">Continue reading<span class=\"screen-reader-text\">Enerji ve Maden<\/span><\/a><\/span><\/p>\n","protected":false},"author":1,"featured_media":0,"parent":0,"menu_order":0,"comment_status":"closed","ping_status":"closed","template":"","meta":{"footnotes":""},"class_list":["post-56","page","type-page","status-publish","hentry"],"_links":{"self":[{"href":"https:\/\/ozganyapi.com\/index.php\/wp-json\/wp\/v2\/pages\/56","targetHints":{"allow":["GET"]}}],"collection":[{"href":"https:\/\/ozganyapi.com\/index.php\/wp-json\/wp\/v2\/pages"}],"about":[{"href":"https:\/\/ozganyapi.com\/index.php\/wp-json\/wp\/v2\/types\/page"}],"author":[{"embeddable":true,"href":"https:\/\/ozganyapi.com\/index.php\/wp-json\/wp\/v2\/users\/1"}],"replies":[{"embeddable":true,"href":"https:\/\/ozganyapi.com\/index.php\/wp-json\/wp\/v2\/comments?post=56"}],"version-history":[{"count":14,"href":"https:\/\/ozganyapi.com\/index.php\/wp-json\/wp\/v2\/pages\/56\/revisions"}],"predecessor-version":[{"id":484,"href":"https:\/\/ozganyapi.com\/index.php\/wp-json\/wp\/v2\/pages\/56\/revisions\/484"}],"wp:attachment":[{"href":"https:\/\/ozganyapi.com\/index.php\/wp-json\/wp\/v2\/media?parent=56"}],"curies":[{"name":"wp","href":"https:\/\/api.w.org\/{rel}","templated":true}]}}