{"id":57,"date":"2024-10-01T05:49:16","date_gmt":"2024-10-01T02:49:16","guid":{"rendered":"https:\/\/ozganyapi.com\/?page_id=57"},"modified":"2025-01-28T01:34:19","modified_gmt":"2025-01-27T22:34:19","slug":"board-of-directors","status":"publish","type":"page","link":"https:\/\/ozganyapi.com\/index.php\/board-of-directors\/","title":{"rendered":"Y\u00f6netim Kurulu"},"content":{"rendered":"<div class=\"wp-block-image\">\n<figure class=\"aligncenter size-full is-resized\"><img loading=\"lazy\" decoding=\"async\" width=\"581\" height=\"694\" src=\"http:\/\/ozganyapi.com\/wp-content\/uploads\/2024\/10\/9-1.jpg\" alt=\"\" class=\"wp-image-187\" style=\"width:317px;height:auto\" srcset=\"https:\/\/ozganyapi.com\/wp-content\/uploads\/2024\/10\/9-1.jpg 581w, https:\/\/ozganyapi.com\/wp-content\/uploads\/2024\/10\/9-1-251x300.jpg 251w\" sizes=\"auto, (max-width: 581px) 100vw, 581px\" \/><\/figure>\n<\/div>\n\n\n<h3 class=\"wp-block-heading has-text-align-center\"><strong>G\u00dcRKAN KALKAN<\/strong><\/h3>\n\n\n\n<h4 class=\"wp-block-heading has-text-align-center\">CEO<\/h4>\n\n\n\n<h3 class=\"wp-block-heading\">\u00dc\u00e7 \u00e7e\u015fit insan vard\u0131r:<\/h3>\n\n\n\n<ol class=\"wp-block-list\">\n<li>Onlar ki Allah&#8217;\u0131 bulurlar ve O&#8217;na kulluk ederler;<\/li>\n\n\n\n<li>O&#8217;nu aramakla me\u015fgul olan ve hen\u00fcz O&#8217;nu bulamam\u0131\u015f olanlar;<\/li>\n\n\n\n<li>O&#8217;nu ne arayanlar ne de bulanlar ve O&#8217;nu aramak ve bulmak i\u00e7in hi\u00e7bir \u00e7aba g\u00f6stermeyenler.<\/li>\n<\/ol>\n\n\n\n<h5 class=\"wp-block-heading\">\u0130lk gruptakiler bilge ve mutludur, Ortadakiler mutsuz ve\/veya ak\u0131ll\u0131d\u0131r, Son gruptakiler ise aptal ve mutsuzdur.<\/h5>\n\n\n\n<h6 class=\"wp-block-heading\">(Blaaise Pascal)<\/h6>\n\n\n\n<h3 class=\"wp-block-heading\">ZAMAN \u00c7\u0130ZELGES\u0130<\/h3>\n\n\n\n<h5 class=\"wp-block-heading\"><strong>Peyzaj Mimar\u0131 ve Kentsel Tasar\u0131mc\u0131 olarak mezun olduktan sonra 2002 y\u0131l\u0131nda Gaziantep \u015eehitk\u00e2mil Belediyesi Osmanl\u0131 Park\u0131 Yar\u0131\u015fmas\u0131 1.si olarak T\u00fcrkiye&#8217;deki ilk Osmanl\u0131 Park\u0131 konseptini uygulad\u0131m.<\/strong><\/h5>\n\n\n\n<h5 class=\"wp-block-heading\"><strong>2002-2004 y\u0131llar\u0131 aras\u0131nda Gaziantep&#8217;te bir\u00e7ok projeye imza atarak plaketle \u00f6d\u00fcllendirildim.<\/strong><\/h5>\n\n\n\n<h5 class=\"wp-block-heading\"><strong>2005-2008 y\u0131llar\u0131 aras\u0131nda Ankara&#8217;da Yenimahalle Belediyesi, \u00c7ankaya Belediyesi, Alt\u0131nda\u011f Belediyesi, Ke\u00e7i\u00f6ren Belediyesi ve Ankara B\u00fcy\u00fck\u015fehir Belediyesi&#8217;nin bir\u00e7ok park ve peyzaj proje ve uygulamalar\u0131n\u0131 yapt\u0131m. Halen Ankara&#8217;da hayata ge\u00e7irdi\u011fim 18 park Ankaral\u0131 hem\u015fehrilerim taraf\u0131ndan kullan\u0131lmaya devam ediyor.<\/strong><\/h5>\n\n\n\n<h5 class=\"wp-block-heading\"><strong>2007 y\u0131l\u0131nda Bilkent \u00dcniversitesi Mezunlar Merkezi taraf\u0131ndan \u201cMezuniyet Sonras\u0131 Ya\u015fam\u201d ba\u015fl\u0131kl\u0131 panelde, mezun olarak \u00f6\u011frencilere g\u00f6sterdi\u011fim do\u011fru bilgi ve stratejiler nedeniyle plaketle \u00f6d\u00fcllendirildim.<\/strong><\/h5>\n\n\n\n<h5 class=\"wp-block-heading\"><strong>2008-2010 y\u0131llar\u0131 aras\u0131nda Bozo\u011flu \u015eirketler Grubu CEO&#8217;su olarak \u00e7al\u0131\u015fmaya devam ettim. \u0130zmir B\u00fcy\u00fck\u015fehir Belediyesi Metro \u0130n\u015faatlar\u0131n\u0131n devaml\u0131l\u0131\u011f\u0131n\u0131 sa\u011flad\u0131m. \u0130zmir Mavi\u015fehir&#8217;de 750 konut, \u0130zmir Limontepe&#8217;de 4000 konut in\u015faat\u0131n\u0131n Proje Koordinat\u00f6r\u00fc olarak \u00e7al\u0131\u015fma hayat\u0131ma devam ettim.<\/strong><\/h5>\n\n\n\n<h5 class=\"wp-block-heading\"><strong>2010 y\u0131l\u0131nda \u0130stanbul&#8217;da Ata\u015fehir Belediyesi Nikah Salonu&#8217;nun yap\u0131m\u0131n\u0131 ve \u00dcsk\u00fcdar&#8217;da \u015eehrizar Konaklar\u0131&#8217;n\u0131n ince i\u015flerini \u00fcstlendim.<\/strong><\/h5>\n\n\n\n<h5 class=\"wp-block-heading\"><strong>2010 y\u0131l\u0131nda \u0130stanbul&#8217;da Ata\u015fehir Belediyesi Nikah Salonu ve \u00dcsk\u00fcdar&#8217;da \u015eehrizar Konaklar\u0131&#8217;n\u0131n yap\u0131m\u0131n\u0131 \u00fcstlendim.<\/strong><\/h5>\n\n\n\n<h5 class=\"wp-block-heading\"><strong>2011 y\u0131l\u0131nda Cumhurba\u015fkan\u0131 Ramazan Kadirov taraf\u0131ndan projelerin modifikasyonu ve ger\u00e7ekle\u015ftirilmesi i\u00e7in \u00c7e\u00e7enistan&#8217;\u0131n \u201cGrozni\u201d \u015fehrine davet edildim. Uygulama projelerini 3 ay boyunca organize ettim.<\/strong><\/h5>\n\n\n\n<h5 class=\"wp-block-heading\"><strong>2012 y\u0131l\u0131nda ba\u011f\u0131ms\u0131z T\u00fcrk Cumhuriyetlerindeki gen\u00e7leri e\u011fitmek ve i\u015fsiz gen\u00e7lerin meslek edinmelerini sa\u011flamak amac\u0131yla Orta Asya T\u00fcrk Cumhuriyetlerinde \u00c7\u0131rakl\u0131k ve Ustal\u0131k Meslek Lisesi a\u00e7\u0131lmas\u0131 i\u00e7in paneller d\u00fczenledim.<\/strong><\/h5>\n\n\n\n<h5 class=\"wp-block-heading\"><strong>2012 y\u0131l\u0131nda kurdu\u011fum OZGAN YAPI PEYZAJ LTD. \u015eT\u0130. kurdum ve Ankara B\u00fcy\u00fck\u015fehir Belediyesi&#8217;nin Ankara&#8217;daki t\u00fcm metro \u00e7\u0131k\u0131\u015flar\u0131n\u0131n betonarme olarak y\u00fcr\u00fcyen merdivene d\u00f6n\u00fc\u015ft\u00fcr\u00fclmesi projesini \u00e7izdim.<\/strong><\/h5>\n\n\n\n<h5 class=\"wp-block-heading\"><strong>2014 y\u0131l\u0131nda B\u00fcnyamin Derman hocam\u0131zla birlikte \u0130stanbul Be\u015fikta\u015f Stadyumu&#8217;nu \u00e7izerek proje m\u00fcellifi oldum.<\/strong><\/h5>\n\n\n\n<h5 class=\"wp-block-heading\"><strong>2015 y\u0131l\u0131nda B\u00fcnyamin Derman hocam\u0131zla birlikte Ankara Eryaman Stadyumu projesini \u00e7izerek proje m\u00fcellifi oldum.<\/strong><\/h5>\n\n\n\n<h5 class=\"wp-block-heading\"><strong>2013 y\u0131l\u0131nda GAP Prod\u00fcksiyon Organizasyon Ltd. \u015eti&#8217;ni kurarak Alt\u0131n, Petrol, Gaz, Reklam ve TV Prod\u00fcksiyon hizmetleri vermeye ba\u015flad\u0131m. \u015eirketin \u00e7al\u0131\u015fmalar\u0131 halen devam etmektedir.<\/strong><\/h5>\n\n\n\n<h5 class=\"wp-block-heading\"><strong>2019 y\u0131l\u0131nda Dr. Aziz Sancar Vakf\u0131&#8217;n\u0131n de\u011ferli bilim insan\u0131 Duran \u00dcstek taraf\u0131ndan Ankara \u00c7ubuk&#8217;ta kurulan Rezfree Tar\u0131m \u00dcr\u00fcnleri \u015firketine ortak oldum. \u015eu anda K\u0131rg\u0131zistan ve \u00d6zbekistan&#8217;da fabrikam\u0131z \u00e7al\u0131\u015fmalar\u0131na devam etmekte ve bu \u00fclkelerde fabrika a\u00e7mak i\u00e7in ara\u015ft\u0131rmalar yapmaktad\u0131r.<\/strong><\/h5>\n\n\n\n<h5 class=\"wp-block-heading\"><strong>2020 y\u0131l\u0131nda KAM Bilgi Teknolojileri A.\u015e.&#8217;yi kurduk. \u015eirketimizin \u00fcr\u00fcn\u00fc, T\u00fcrkiye Cumhuriyeti \u0130\u00e7i\u015fleri Bakanl\u0131\u011f\u0131 taraf\u0131ndan akredite edilmi\u015ftir ve T\u00fcrkiye&#8217;deki 100.800 derne\u011fin Genel Kurul ve Y\u00f6netim Kurulu toplant\u0131lar\u0131n\u0131 elektronik ortamda yapmalar\u0131n\u0131 sa\u011flayan yaz\u0131l\u0131m\u0131 geli\u015ftirdik. Bu \u015fekilde, T\u00fcrkiye&#8217;deki 100.800 derne\u011fin ve 8 milyon kullan\u0131c\u0131n\u0131n verilerinin g\u00fcvenli bir \u015fekilde T\u00fcrkiye&#8217;deki da\u011f\u0131t\u0131m istasyonlar\u0131nda saklanmas\u0131n\u0131 sa\u011flayarak t\u00fcm vatanda\u015flar\u0131m\u0131z\u0131n g\u00fcvenli\u011fini temin ettik. Ki\u015fisel verilerin korunmas\u0131 a\u00e7\u0131s\u0131ndan, sistemimiz, d\u00fcnya \u00e7ap\u0131nda ve T\u00fcrkiye&#8217;de yaln\u0131zca bizde bulunan u\u00e7tan uca \u015fifreleme teknolojisiyle arama g\u00fcvenli\u011fi sa\u011flamak i\u00e7in uluslararas\u0131 patent ald\u0131. \u015eirketimiz, Savunma Sanayi Ba\u015fkanl\u0131\u011f\u0131&#8217;n\u0131n Siber K\u00fcmesi \u00fcyesidir ve 2023 Teknofest Ankara&#8217;da En \u0130yi Startup \u00f6d\u00fcl\u00fcnde 2.&#8217;lik \u00f6d\u00fcl\u00fcn\u00fc alm\u0131\u015ft\u0131r.<\/strong><\/h5>\n\n\n<h5 class=\"wp-block-heading\"><strong>2020 y\u0131l\u0131nda, Avrasya Tarih ve Medeniyetleri Derne\u011fi (ATAMDER)&#8217;in kurucusu olarak, T\u00fcrkiye&#8217;de ve Avrasya co\u011frafyas\u0131ndaki \u00fclkelerle faaliyetler y\u00fcr\u00fct\u00fcyorum.<\/strong><\/h5>\n","protected":false},"excerpt":{"rendered":"<p>G\u00dcRKAN KALKAN CEO \u00dc\u00e7 \u00e7e\u015fit insan vard\u0131r: \u0130lk gruptakiler bilge ve mutludur, Ortadakiler mutsuz ve\/veya ak\u0131ll\u0131d\u0131r, Son gruptakiler ise aptal ve mutsuzdur. (Blaaise Pascal) ZAMAN<span class=\"more-button\"><a href=\"https:\/\/ozganyapi.com\/index.php\/board-of-directors\/\" class=\"more-link\">Continue reading<span class=\"screen-reader-text\">Y\u00f6netim Kurulu<\/span><\/a><\/span><\/p>\n","protected":false},"author":1,"featured_media":0,"parent":0,"menu_order":0,"comment_status":"closed","ping_status":"closed","template":"","meta":{"footnotes":""},"class_list":["post-57","page","type-page","status-publish","hentry"],"_links":{"self":[{"href":"https:\/\/ozganyapi.com\/index.php\/wp-json\/wp\/v2\/pages\/57","targetHints":{"allow":["GET"]}}],"collection":[{"href":"https:\/\/ozganyapi.com\/index.php\/wp-json\/wp\/v2\/pages"}],"about":[{"href":"https:\/\/ozganyapi.com\/index.php\/wp-json\/wp\/v2\/types\/page"}],"author":[{"embeddable":true,"href":"https:\/\/ozganyapi.com\/index.php\/wp-json\/wp\/v2\/users\/1"}],"replies":[{"embeddable":true,"href":"https:\/\/ozganyapi.com\/index.php\/wp-json\/wp\/v2\/comments?post=57"}],"version-history":[{"count":6,"href":"https:\/\/ozganyapi.com\/index.php\/wp-json\/wp\/v2\/pages\/57\/revisions"}],"predecessor-version":[{"id":488,"href":"https:\/\/ozganyapi.com\/index.php\/wp-json\/wp\/v2\/pages\/57\/revisions\/488"}],"wp:attachment":[{"href":"https:\/\/ozganyapi.com\/index.php\/wp-json\/wp\/v2\/media?parent=57"}],"curies":[{"name":"wp","href":"https:\/\/api.w.org\/{rel}","templated":true}]}}