{"id":58,"date":"2024-10-01T05:49:16","date_gmt":"2024-10-01T02:49:16","guid":{"rendered":"https:\/\/ozganyapi.com\/?page_id=58"},"modified":"2025-01-28T01:41:52","modified_gmt":"2025-01-27T22:41:52","slug":"our-founders","status":"publish","type":"page","link":"https:\/\/ozganyapi.com\/index.php\/our-founders\/","title":{"rendered":"Kurucular\u0131m\u0131z"},"content":{"rendered":"\n<figure class=\"wp-block-image size-full is-resized\"><img loading=\"lazy\" decoding=\"async\" width=\"640\" height=\"640\" src=\"http:\/\/ozganyapi.com\/wp-content\/uploads\/2024\/10\/KEREM-INCECAYIR.jpg\" alt=\"\" class=\"wp-image-334\" style=\"width:210px;height:auto\" srcset=\"https:\/\/ozganyapi.com\/wp-content\/uploads\/2024\/10\/KEREM-INCECAYIR.jpg 640w, https:\/\/ozganyapi.com\/wp-content\/uploads\/2024\/10\/KEREM-INCECAYIR-300x300.jpg 300w, https:\/\/ozganyapi.com\/wp-content\/uploads\/2024\/10\/KEREM-INCECAYIR-150x150.jpg 150w\" sizes=\"auto, (max-width: 640px) 100vw, 640px\" \/><\/figure>\n\n\n\n<h3 class=\"wp-block-heading\">Founder\/CTO<\/h3>\n\n\n\n<h4 class=\"wp-block-heading\">Skills:<\/h4>\n\n\n\n<ol class=\"wp-block-list\">\n<li>Beceriler:<\/li>\n\n\n\n<li>Programlama: Python, Java, Javascript, C, C++, C#, Dart, Ruby, Bash, Rust, Typescript, PHP, HTML, CSS, Lua<\/li>\n\n\n\n<li>\u00c7er\u00e7eveler: Django, Flask, Spring, Node, Adonis, Express, Nuxt, Nextjs, .Net MVC, Laravel, Rails, FluXer, D3.js, Vuejs, Reactjs, Angular<\/li>\n\n\n\n<li>System Management: Linux, Docker, Kubernetes, Ansible, Terraform<\/li>\n\n\n\n<li>Co\u011frafi Bilgi Teknolojileri (CBS): MapInfo, ArcGIS, Openlayers, QGIS<\/li>\n\n\n\n<li>Veritaban\u0131 sistemleri:  Redis, MySQL, MariaDB, PostgreSQL, Apache Cassandra6. Data Analysis: Pandas, NumPy, MATLAB, Scilab<\/li>\n\n\n\n<li>Makine \u00d6\u011frenimi ve Yapay Zeka: TensorFlow, Scikit-learn, Keras, OpenCV, OpenLLM<\/li>\n\n\n\n<li>Other Technolojiler: WebRTC<\/li>\n\n\n\n<li>\u0130leti\u015fim Becerileri: Strong verbal and written communication skills, teamwork<\/li>\n\n\n\n<li>Yarat\u0131c\u0131 D\u00fc\u015f\u00fcnme: A creative and analytical approach to solving problems<\/li>\n\n\n\n<li>Proje Y\u00f6netimi: Skilful in project planning and coordination<\/li>\n\n\n\n<li>Dil Becerileri: Turkish (mother tongue), English Good<\/li>\n<\/ol>\n\n\n\n<h4 class=\"wp-block-heading\">Deneyim: 01\/2021 &#8211; (Devam Ediyor) Kam Bilgi Teknolojileri A.\u015e. &#8211; \u015eirket Orta\u011f\u0131 \/ Yaz\u0131l\u0131m Geli\u015ftirme<\/h4>\n\n\n\n<ul class=\"wp-block-list\">\n<li>\u015eirket i\u00e7inde yaz\u0131l\u0131m geli\u015ftirme<\/li>\n\n\n\n<li>Geli\u015ftirilen yaz\u0131l\u0131m \u00fcr\u00fcnleri i\u00e7in teknik destek sa\u011flanmas\u0131<\/li>\n\n\n\n<li>Donan\u0131m ve yaz\u0131l\u0131m projelerinin y\u00f6netimi 01\/2015 &#8211; (Devam Ediyor) Sofnod Bili\u015fim Elektronik &#8211; \u015eirket Sahibi \/ Yaz\u0131l\u0131m Geli\u015ftirme &#8211; Proje Y\u00f6netimi<\/li>\n\n\n\n<li>\u015eirket i\u00e7inde yaz\u0131l\u0131m geli\u015ftirme<\/li>\n\n\n\n<li>Geli\u015ftirilen yaz\u0131l\u0131m \u00fcr\u00fcnleri i\u00e7in teknik destek sa\u011flanmas\u0131<\/li>\n\n\n\n<li>Donan\u0131m ve yaz\u0131l\u0131m projelerinin y\u00f6netimi<\/li>\n<\/ul>\n\n\n\n<p>03\/2010 &#8211; 08\/2014 Tarz Bilgisayar \u0130thalat \u0130hracat \u0130n\u015f. Ltd. S\/. \/ Yaz\u0131l\u0131m Geli\u015ftirme<\/p>\n\n\n\n<ul class=\"wp-block-list\">\n<li>\u015eirket i\u00e7inde yaz\u0131l\u0131m geli\u015ftirme<\/li>\n\n\n\n<li>Geli\u015ftirilen yaz\u0131l\u0131m \u00fcr\u00fcnlerine teknik destek verilmesi 06\/2005 &#8211; 09\/2009 Datem Dan\u0131\u015fmanl\u0131k D\u0131\u015f Tic. &#8211; Yaz\u0131l\u0131m Geli\u015ftirme \/ Teknik Destek<\/li>\n\n\n\n<li>\u015eirket i\u00e7inde yaz\u0131l\u0131m geli\u015ftirme<\/li>\n\n\n\n<li>Geli\u015ftirilen ve franchise verilen yaz\u0131l\u0131m \u00fcr\u00fcnleri i\u00e7in teknik destek sa\u011flanmas\u0131<\/li>\n<\/ul>\n","protected":false},"excerpt":{"rendered":"<p>Founder\/CTO Skills: Deneyim: 01\/2021 &#8211; (Devam Ediyor) Kam Bilgi Teknolojileri A.\u015e. &#8211; \u015eirket Orta\u011f\u0131 \/ Yaz\u0131l\u0131m Geli\u015ftirme 03\/2010 &#8211; 08\/2014 Tarz Bilgisayar \u0130thalat \u0130hracat \u0130n\u015f.<span class=\"more-button\"><a href=\"https:\/\/ozganyapi.com\/index.php\/our-founders\/\" class=\"more-link\">Continue reading<span class=\"screen-reader-text\">Kurucular\u0131m\u0131z<\/span><\/a><\/span><\/p>\n","protected":false},"author":1,"featured_media":0,"parent":0,"menu_order":0,"comment_status":"closed","ping_status":"closed","template":"","meta":{"footnotes":""},"class_list":["post-58","page","type-page","status-publish","hentry"],"_links":{"self":[{"href":"https:\/\/ozganyapi.com\/index.php\/wp-json\/wp\/v2\/pages\/58","targetHints":{"allow":["GET"]}}],"collection":[{"href":"https:\/\/ozganyapi.com\/index.php\/wp-json\/wp\/v2\/pages"}],"about":[{"href":"https:\/\/ozganyapi.com\/index.php\/wp-json\/wp\/v2\/types\/page"}],"author":[{"embeddable":true,"href":"https:\/\/ozganyapi.com\/index.php\/wp-json\/wp\/v2\/users\/1"}],"replies":[{"embeddable":true,"href":"https:\/\/ozganyapi.com\/index.php\/wp-json\/wp\/v2\/comments?post=58"}],"version-history":[{"count":5,"href":"https:\/\/ozganyapi.com\/index.php\/wp-json\/wp\/v2\/pages\/58\/revisions"}],"predecessor-version":[{"id":492,"href":"https:\/\/ozganyapi.com\/index.php\/wp-json\/wp\/v2\/pages\/58\/revisions\/492"}],"wp:attachment":[{"href":"https:\/\/ozganyapi.com\/index.php\/wp-json\/wp\/v2\/media?parent=58"}],"curies":[{"name":"wp","href":"https:\/\/api.w.org\/{rel}","templated":true}]}}