{"id":87,"date":"2024-10-01T05:50:45","date_gmt":"2024-10-01T02:50:45","guid":{"rendered":"https:\/\/ozganyapi.com\/?page_id=87"},"modified":"2025-01-27T18:17:18","modified_gmt":"2025-01-27T15:17:18","slug":"landscape-architectureurban-design","status":"publish","type":"page","link":"https:\/\/ozganyapi.com\/index.php\/landscape-architectureurban-design\/","title":{"rendered":"Kentsel Tasar\u0131m ve Peyzaj Mimarl\u0131\u011f\u0131"},"content":{"rendered":"\n<h3 class=\"wp-block-heading has-text-align-center\"><a href=\"https:\/\/ozganyapi.com\/index.php\/all-completed-project\/\"><strong>Tamamlanan T\u00fcm Projeleri G\u00f6rmek \u0130\u00e7in T\u0131klay\u0131n\u0131z<\/strong><\/a><\/h3>\n\n\n\n<h2 class=\"wp-block-heading has-text-align-center\"><strong>\nKentsel Tasar\u0131m\u0131 ve Peyzaj Mimarisi, mevcut peyzajlar\u0131 korumak, restore etmek ve iyile\u015ftirmek ile kentsel alanlarda yeni peyzajlar yaratmak amac\u0131yla bilimsel ve sanatsal ilkeler kullanarak insanlar\u0131n ya\u015fam kalitesini art\u0131rmay\u0131 hedefleyen bir meslek disiplinidir.<\/strong><\/h2>\n\n\n\n<h3 class=\"wp-block-heading\"><strong>2040 y\u0131l\u0131 itibar\u0131yla, t\u00fcm peyzaj mimarl\u0131\u011f\u0131 projeleri ayn\u0131 anda:<\/strong><\/h3>\n\n\n\n<ul class=\"wp-block-list\">\n<li>S\u0131f\u0131r g\u00f6m\u00fcl\u00fc ve operasyonel emisyonlara ula\u015fmak ve karbon tutulmas\u0131n\u0131 art\u0131rmak.<\/li>\n\n\n\n<li>\u00d6l\u00e7\u00fclebilir ekosistem hizmetleri, sa\u011fl\u0131k faydalar\u0131, karbon tutma ve ye\u015fil istihdam \u015feklinde \u00f6nemli ekonomik faydalar sa\u011flamak.<\/li>\n\n\n\n<li>\u0130klim adaletsizliklerini ele almak, topluluklar\u0131 g\u00fc\u00e7lendirmek ve iklim yat\u0131r\u0131mlar\u0131n\u0131n adil bir \u015fekilde da\u011f\u0131l\u0131m\u0131n\u0131 art\u0131rmak.<\/li>\n\n\n\n<li>Ekosistemleri restore etmek ve biyo\u00e7e\u015fitlili\u011fi art\u0131rmak ve korumak.<\/li>\n<\/ul>\n\n\n\n<h3 class=\"wp-block-heading\"><strong>\nPeyzaj mimarlar\u0131, karma\u015f\u0131k, \u00e7ok disiplinli zorluklar\u0131 anlama ve y\u00f6netme konusunda benzersiz bir \u015fekilde yetkin olup, s\u00fcrd\u00fcr\u00fclebilir ve d\u00fcnyay\u0131 de\u011fi\u015ftiren \u00e7\u00f6z\u00fcmler tasarlamak i\u00e7in e\u011fitim alm\u0131\u015flard\u0131r. Bilime ba\u011fl\u0131 kalmaya kararl\u0131y\u0131z ve bu \u0130klim Eylem Plan\u0131 arac\u0131l\u0131\u011f\u0131yla, iklim ve biyolojik \u00e7e\u015fitlilik dostu \u00e7\u00f6z\u00fcmleri h\u0131zla \u00f6l\u00e7eklendirerek daha olumlu etkiler yarataca\u011f\u0131z.<\/strong><\/h3>\n\n\n\n<ul class=\"wp-block-list\">\n<li>\u0130klim Dostu Peyzajlar Tasarlamak<\/li>\n\n\n\n<li>Yaya, bisikletli ve toplu ta\u015f\u0131ma odakl\u0131 topluluklar tasarlamak.<\/li>\n\n\n\n<li>Enerji kullan\u0131m\u0131n\u0131 azaltmak ve yenilenebilir enerjileri desteklemek.<\/li>\n\n\n\n<li>Topluluklar\u0131n iklim etkilerine uyum sa\u011flamalar\u0131na yard\u0131mc\u0131 olmak.<\/li>\n\n\n\n<li>Topluluklarla birlikte finansal s\u00fcrd\u00fcr\u00fclebilirlik yollar\u0131n\u0131 ke\u015ffetmek.<\/li>\n\n\n\n<li>Biyo\u00e7e\u015fitlili\u011fi korumak ve art\u0131rmak.<\/li>\n\n\n\n<li>Yerli topluluklardan i\u015fbirli\u011fi yoluyla \u00f6\u011frenmek.<\/li>\n\n\n\n<li>\u0130klim koalisyonlar\u0131 kurmak.<\/li>\n<\/ul>\n\n\n\n<h2 class=\"wp-block-heading\"><strong>Peyzaj Mimarl\u0131\u011f\u0131 Nedir?<\/strong><\/h2>\n\n\n\n<p>Peyzaj mimarisi, sanat, \u00e7evre, mimari, m\u00fchendislik ve sosyoloji unsurlar\u0131n\u0131 kapsayan, \u00e7e\u015fitli \u00f6l\u00e7eklerdeki \u00e7evrelerin (d\u0131\u015f mekanlar ve i\u00e7 mekanlar) tasar\u0131m\u0131n\u0131 inceleyen ve uygulayan bir disiplindir.<\/p>\n\n\n\n<figure class=\"wp-block-image\"><img decoding=\"async\" src=\"https:\/\/gurkankalkan.com\/wp-content\/uploads\/2024\/08\/17.jpg\" alt=\"\" class=\"wp-image-401\"\/><\/figure>\n\n\n\n<p>Peyzaj mimarisi, bir\u00e7ok ki\u015fi taraf\u0131ndan bah\u00e7ecilik olarak bilinmeyen veya yanl\u0131\u015f anla\u015f\u0131lan bir meslektir. Toplum i\u00e7in \u00f6nemi, bir\u00e7ok ki\u015finin hayal edebilece\u011finden \u00e7ok daha b\u00fcy\u00fckt\u00fcr ve her kasaba, \u015fehir ve \u00fclke halk\u0131 taraf\u0131ndan kutlanmas\u0131 gerekir.<\/p>\n\n\n\n<figure class=\"wp-block-image\"><img decoding=\"async\" src=\"https:\/\/gurkankalkan.com\/wp-content\/uploads\/2024\/08\/18-1024x658.jpg\" alt=\"\" class=\"wp-image-402\"\/><\/figure>\n\n\n\n<p>Peyzaj mimarlar\u0131, &#8220;binalar aras\u0131ndaki ya\u015fam\u0131 yaratmak ve m\u00fcmk\u00fcn k\u0131lmak&#8221; i\u00e7in mekanlar\u0131n kavramsal tasar\u0131m\u0131nda yer al\u0131rlar. Peyzaj mimarlar\u0131n\u0131n katk\u0131lar\u0131, sokaklar, yollar, ortak y\u00fcr\u00fcy\u00fc\u015f yollar\u0131, konut siteleri, apartman kompleksleri, al\u0131\u015fveri\u015f merkezleri, meydanlar, plazalar, bah\u00e7eler, cep parklar\u0131, oyun alanlar\u0131, mezarl\u0131klar, an\u0131tlar, m\u00fczeler, okullar, \u00fcniversiteler, ula\u015f\u0131m a\u011flar\u0131, b\u00f6lgesel parklar, milli parklar, ormanlar, su yollar\u0131 ve kasabalar, \u015fehirler ve \u00fclkeler genelinde g\u00f6r\u00fclebilir. Peyzaj mimarlar\u0131 genellikle sadece alan tasar\u0131m\u0131n\u0131n \u00f6tesine ge\u00e7er, ayn\u0131 zamanda \u015fehir \u015fekillendirme ve yer planlamas\u0131 i\u00e7in master planlar, \u00e7er\u00e7eveler ve politikalar da olu\u015ftururlar. Bu \u00e7al\u0131\u015fmalar, vatanda\u015flar\u0131n ve h\u00fck\u00fcmetlerin herkes i\u00e7in daha iyi ya\u015fam alanlar\u0131 yaratmalar\u0131n\u0131 sa\u011flamak amac\u0131yla yap\u0131l\u0131r.<\/p>\n\n\n\n<figure class=\"wp-block-image\"><img decoding=\"async\" src=\"https:\/\/gurkankalkan.com\/wp-content\/uploads\/2024\/08\/19.jpg\" alt=\"\" class=\"wp-image-403\"\/><\/figure>\n\n\n\n<p>Ge\u00e7mi\u015ften g\u00fcn\u00fcm\u00fcze (ve gelecekte de) bir\u00e7ok peyzaj mimar\u0131, y\u0131llar boyunca zamana diren\u00e7 g\u00f6sterecek, bir\u00e7ok insana huzur, ne\u015fe ve ilham verecek kal\u0131c\u0131 peyzajlar tasarlam\u0131\u015ft\u0131r. Bir meslek olarak, peyzaj mimarlar\u0131n\u0131n gurur duymas\u0131 gerekir \u00e7\u00fcnk\u00fc \u00e7ok az meslek, bu kadar \u00e7ok insan\u0131 etkileyen ve fayda sa\u011flayan yerler yaratma iddias\u0131na sahip olabilir.<\/p>\n\n\n\n<figure class=\"wp-block-image\"><img decoding=\"async\" src=\"https:\/\/gurkankalkan.com\/wp-content\/uploads\/2024\/08\/15.jpeg\" alt=\"\" class=\"wp-image-405\"\/><\/figure>\n\n\n\n<p>Peyzaj mimarisi nedir sorusu, ne oldu\u011fu ve ne olmad\u0131\u011f\u0131 konusunda farkl\u0131 g\u00f6r\u00fc\u015fler ortaya \u00e7\u0131kar\u0131r; \u00e7\u00fcnk\u00fc bu meslek o kadar geni\u015f ve kapsay\u0131c\u0131d\u0131r ki, \u00e7e\u015fitli bak\u0131\u015f a\u00e7\u0131lar\u0131n\u0131 bar\u0131nd\u0131racak kadar kapsaml\u0131d\u0131r ve hat\u0131rlanmas\u0131 gereken bir di\u011fer \u00f6nemli nokta ise, geni\u015f bir uzmanl\u0131k, beceri ve yetenek yelpazemizin olmas\u0131d\u0131r.<\/p>\n\n\n\n<h2 class=\"wp-block-heading\"><strong>Kentsel Tasar\u0131m Nedir?<\/strong><\/h2>\n\n\n\n<p>Kentsel tasar\u0131m, banliy\u00f6lerimizin, kasabalar\u0131m\u0131z\u0131n ve \u015fehirlerimizin d\u00fczeni, g\u00f6r\u00fcn\u00fcm\u00fc ve i\u015flevi ile ilgilidir. Hem bir s\u00fcre\u00e7 hem de insanlar\u0131n ya\u015fad\u0131\u011f\u0131, birbirleriyle etkile\u015fimde bulundu\u011fu ve \u00e7evrelerindeki fiziksel mekanla etkile\u015fime girdi\u011fi yerlerin yarat\u0131lmas\u0131n\u0131n bir sonucudur.\n\n\n\n<\/p>\n\n\n\n<figure class=\"wp-block-image\"><img decoding=\"async\" src=\"https:\/\/gurkankalkan.com\/wp-content\/uploads\/2024\/08\/1-1.jpg\" alt=\"\" class=\"wp-image-406\"\/><\/figure>\n\n\n\n<p>Kentsel tasar\u0131m, planlama, geli\u015fim, mimarl\u0131k, peyzaj mimarisi, m\u00fchendislik, ekonomi, hukuk ve finans gibi bir\u00e7ok farkl\u0131 disiplini i\u00e7erir.<\/p>\n\n\n\n<p>Kentsel tasar\u0131m, kentsel yap\u0131n\u0131n makro \u00f6l\u00e7e\u011finden (planlama, imar, ula\u015f\u0131m ve altyap\u0131 a\u011flar\u0131) sokak mobilyalar\u0131 ve ayd\u0131nlatma gibi mikro \u00f6l\u00e7e\u011fe kadar bir\u00e7ok \u00f6l\u00e7ekte faaliyet g\u00f6sterir. Tam anlam\u0131yla politika ve planlama sistemlerine entegre edildi\u011finde, Kentsel tasar\u0131m, arazi kullan\u0131m planlamas\u0131, altyap\u0131, yap\u0131l\u0131 form ve hatta bir yerin sosyo-demografik yap\u0131s\u0131 hakk\u0131nda bilgi sa\u011flamada kullan\u0131labilir.<\/p>\n\n\n\n<figure class=\"wp-block-image\"><img decoding=\"async\" src=\"https:\/\/gurkankalkan.com\/wp-content\/uploads\/2024\/08\/2.jpeg\" alt=\"\" class=\"wp-image-407\"\/><\/figure>\n\n\n\n<p>Kentsel tasar\u0131m, bir yerin ekonomik, \u00e7evresel, sosyal ve k\u00fclt\u00fcrel sonu\u00e7lar\u0131n\u0131 \u00f6nemli \u00f6l\u00e7\u00fcde etkileyebilir:<\/p>\n\n\n\n<ul class=\"wp-block-list\">\n<li>Kentsel tasar\u0131m, bir yerin ekonomik ba\u015far\u0131s\u0131n\u0131 ve sosyo-ekonomik yap\u0131s\u0131n\u0131 etkileyebilir\u2014yerel i\u015fletmeleri ve giri\u015fimcili\u011fi te\u015fvik edip etmedi\u011fi; insanlar\u0131 orada ya\u015famaya \u00e7ekip \u00e7ekmedi\u011fi; konut ve ula\u015f\u0131m maliyetlerinin eri\u015filebilir olup olmad\u0131\u011f\u0131; i\u015f f\u0131rsatlar\u0131na, olanaklara ve hizmetlere eri\u015fimin adil olup olmad\u0131\u011f\u0131 gibi fakt\u00f6rleri belirler.<\/li>\n\n\n\n<li>Kentsel Tasar\u0131m, bir yerin fiziksel \u00f6l\u00e7e\u011fini, alan\u0131n\u0131 ve atmosferini belirler ve bireysel binalar\u0131n ve altyap\u0131n\u0131n yerle\u015ftirildi\u011fi yap\u0131l\u0131 ve do\u011fal formlar\u0131 olu\u015fturur. Bu nedenle, do\u011fal ekosistemler ile yap\u0131l\u0131 \u00e7evreler aras\u0131ndaki dengeyi ve bunlar\u0131n s\u00fcrd\u00fcr\u00fclebilirlik sonu\u00e7lar\u0131n\u0131 etkiler.<\/li>\n\n\n\n<li>Kentsel Tasar\u0131m , bir yerin sa\u011fl\u0131k ve sosyal ve k\u00fclt\u00fcrel etkilerini etkileyebilir: insanlar\u0131n birbirleriyle nas\u0131l etkile\u015fimde bulunduklar\u0131, nas\u0131l hareket ettikleri ve bir yeri nas\u0131l kulland\u0131klar\u0131 \u00fczerinde b\u00fcy\u00fck bir rol oynar.<\/li>\n<\/ul>\n\n\n\n<p>Kentsel Tasar\u0131m genellikle belirli bir \u2018proje\u2019 olarak sunulsa da, asl\u0131nda zamanla evrimle\u015fen uzun vadeli bir s\u00fcre\u00e7tir. Bina ve altyap\u0131 t\u00fcrlerinin, do\u011fal ekosistemlerin, topluluklar\u0131n ve k\u00fclt\u00fcrlerin bu katmanla\u015fmas\u0131, yerlere kendilerine \u00f6zg\u00fc karakteristik \u00f6zelliklerini ve kimliklerini kazand\u0131r\u0131r.<\/p>\n\n\n\n<figure class=\"wp-block-image\"><img decoding=\"async\" src=\"https:\/\/gurkankalkan.com\/wp-content\/uploads\/2024\/08\/6-2.jpg\" alt=\"\" class=\"wp-image-414\"\/><\/figure>\n\n\n\n<h3 class=\"wp-block-heading\"><strong>Peyzaj mimarl\u0131\u011f\u0131 ve Kentsel Tasar\u0131m \u00e7al\u0131\u015fmalar\u0131n\u0131n k\u00fcresel d\u00fczeydeki y\u0131ll\u0131k potansiyel ekonomik de\u011feri, bu alanlar\u0131n kapsad\u0131\u011f\u0131 \u00e7e\u015fitli hizmetler ve etkiler nedeniyle tam olarak \u00f6l\u00e7\u00fclmesi zor bir konudur. Ancak, ilgili end\u00fcstrilerin ekonomik katk\u0131lar\u0131 dikkate al\u0131narak baz\u0131 tahminler yap\u0131labilir.<\/strong><\/h3>\n\n\n\n<ol class=\"wp-block-list\">\n<li><strong>Kentsel Geli\u015fim ve Altyap\u0131: Kentsel Tasar\u0131m, \u015fehirlerin altyap\u0131s\u0131n\u0131n \u015fekillendirilmesinde kritik bir rol oynar ve bunun ekonomik etkisi b\u00fcy\u00fckt\u00fcr. Kentsel geli\u015fimi i\u00e7eren k\u00fcresel in\u015faat piyasas\u0131, 2021&#8217;de yakla\u015f\u0131k 10,5 trilyon dolar olarak de\u011ferlenmi\u015f olup, \u00f6nemli bir b\u00fcy\u00fcme g\u00f6stermesi beklenmektedir. Peyzaj mimarisi de bunun bir par\u00e7as\u0131 olarak, kentsel alanlardaki emlak de\u011ferlerine, turizme ve genel ya\u015fam kalitesine katk\u0131da bulunur.<\/li>\n\n\n\n<li><strong>Emlak De\u011feri Art\u0131\u015f\u0131<\/strong>: Kaliteli peyzaj mimarisi, emlak de\u011ferlerini %5-20 oran\u0131nda art\u0131rabilir. B\u00fcy\u00fck kentsel alanlarda, bu durum milyarlarca dolarl\u0131k ek bir de\u011fere d\u00f6n\u00fc\u015febilir.<\/li>\n\n\n\n<li><strong>\u00c7evresel Hizmetler<\/strong>: Peyzaj mimarisi, hava ve su ar\u0131t\u0131m\u0131, sel kontrol\u00fc ve iklim d\u00fczenlemesi gibi ekosistem hizmetlerine katk\u0131da bulunur ve bu hizmetlerin k\u00fcresel \u00f6l\u00e7ekte y\u0131ll\u0131k de\u011feri trilyonlarca dolar olarak hesaplanmaktad\u0131r.<\/li>\n\n\n\n<li><strong>Turizm ve Rekreasyon<\/strong>: Parklar, ye\u015fil alanlar ve iyi tasarlanm\u0131\u015f kentsel b\u00f6lgeler, \u00f6nemli \u00e7ekim merkezleridir ve turizm ile rekreasyon yoluyla \u00f6nemli gelirler yarat\u0131r.<\/li>\n\n\n\n<li><strong>Sa\u011fl\u0131k ve \u0130yi H\u00e2l: Kentsel alanlar\u0131n tasar\u0131m\u0131, halk sa\u011fl\u0131\u011f\u0131 \u00fczerinde do\u011frudan bir etkiye sahiptir. Y\u00fcr\u00fcnebilir, ye\u015fil \u015fehirler sa\u011fl\u0131k harcamalar\u0131n\u0131 azalt\u0131r ve verimlili\u011fi art\u0131r\u0131r, b\u00f6ylece ekonomiye milyarlarca dolar katk\u0131 sa\u011flar.<\/li>\n<\/ol>\n\n\n\n<h4 class=\"wp-block-heading\"><strong>Genel olarak, kesin bir k\u00fcresel rakam bulmak zor olsa da, peyzaj mimarisi ve \u015fehir tasar\u0131m\u0131n\u0131n \u00f6nemli bir ekonomik etkisi oldu\u011fu a\u00e7\u0131kt\u0131r ve y\u0131ll\u0131k olarak y\u00fczlerce milyar ile trilyonlarca dolar aras\u0131nda bir de\u011fere sahip olabilir.<\/strong><\/h4>\n\n\n\n<h4 class=\"wp-block-heading has-text-align-right\"><a href=\"https:\/\/ozganyapi.com\/index.php\/insaat\/\"><strong>Sekt\u00f6rler<\/strong><\/a><\/h4>\n","protected":false},"excerpt":{"rendered":"<p>Tamamlanan T\u00fcm Projeleri G\u00f6rmek \u0130\u00e7in T\u0131klay\u0131n\u0131z Kentsel Tasar\u0131m\u0131 ve Peyzaj Mimarisi, mevcut peyzajlar\u0131 korumak, restore etmek ve iyile\u015ftirmek ile kentsel alanlarda yeni peyzajlar yaratmak amac\u0131yla<span class=\"more-button\"><a href=\"https:\/\/ozganyapi.com\/index.php\/landscape-architectureurban-design\/\" class=\"more-link\">Continue reading<span class=\"screen-reader-text\">Kentsel Tasar\u0131m ve Peyzaj Mimarl\u0131\u011f\u0131<\/span><\/a><\/span><\/p>\n","protected":false},"author":1,"featured_media":0,"parent":0,"menu_order":0,"comment_status":"closed","ping_status":"closed","template":"","meta":{"footnotes":""},"class_list":["post-87","page","type-page","status-publish","hentry"],"_links":{"self":[{"href":"https:\/\/ozganyapi.com\/index.php\/wp-json\/wp\/v2\/pages\/87","targetHints":{"allow":["GET"]}}],"collection":[{"href":"https:\/\/ozganyapi.com\/index.php\/wp-json\/wp\/v2\/pages"}],"about":[{"href":"https:\/\/ozganyapi.com\/index.php\/wp-json\/wp\/v2\/types\/page"}],"author":[{"embeddable":true,"href":"https:\/\/ozganyapi.com\/index.php\/wp-json\/wp\/v2\/users\/1"}],"replies":[{"embeddable":true,"href":"https:\/\/ozganyapi.com\/index.php\/wp-json\/wp\/v2\/comments?post=87"}],"version-history":[{"count":20,"href":"https:\/\/ozganyapi.com\/index.php\/wp-json\/wp\/v2\/pages\/87\/revisions"}],"predecessor-version":[{"id":439,"href":"https:\/\/ozganyapi.com\/index.php\/wp-json\/wp\/v2\/pages\/87\/revisions\/439"}],"wp:attachment":[{"href":"https:\/\/ozganyapi.com\/index.php\/wp-json\/wp\/v2\/media?parent=87"}],"curies":[{"name":"wp","href":"https:\/\/api.w.org\/{rel}","templated":true}]}}